{"id":3560,"date":"2022-11-10T11:01:02","date_gmt":"2022-11-10T11:01:02","guid":{"rendered":"https:\/\/mpimplants.com\/produits\/siewert-bridge\/"},"modified":"2024-04-18T14:20:28","modified_gmt":"2024-04-18T14:20:28","slug":"siewert-bridge","status":"publish","type":"page","link":"https:\/\/mpimplants.com\/fr\/produits\/siewert-bridge\/","title":{"rendered":"Siewert Bridge"},"content":{"rendered":"\t\t<div data-elementor-type=\"wp-page\" data-elementor-id=\"3560\" class=\"elementor elementor-3560 elementor-414\" data-elementor-post-type=\"page\">\n\t\t\t\t\t\t<section class=\"elementor-section elementor-top-section elementor-element elementor-element-96ca541 elementor-section-height-min-height elementor-section-items-stretch elementor-section-boxed elementor-section-height-default\" data-id=\"96ca541\" data-element_type=\"section\" data-e-type=\"section\" data-settings=\"{&quot;background_background&quot;:&quot;classic&quot;}\">\n\t\t\t\t\t\t\t<div class=\"elementor-background-overlay\"><\/div>\n\t\t\t\t\t\t\t<div class=\"elementor-container elementor-column-gap-default\">\n\t\t\t\t\t<div class=\"elementor-column elementor-col-50 elementor-top-column elementor-element elementor-element-613e71e elementor-invisible\" data-id=\"613e71e\" data-element_type=\"column\" data-e-type=\"column\" data-settings=\"{&quot;animation&quot;:&quot;fadeInUp&quot;}\">\n\t\t\t<div class=\"elementor-widget-wrap elementor-element-populated\">\n\t\t\t\t\t\t<div class=\"elementor-element elementor-element-0455ebe elementor-widget elementor-widget-heading\" data-id=\"0455ebe\" data-element_type=\"widget\" data-e-type=\"widget\" data-widget_type=\"heading.default\">\n\t\t\t\t<div class=\"elementor-widget-container\">\n\t\t\t\t\t<h1 class=\"elementor-heading-title elementor-size-default\">SIEWERT BRIDGE\u2122<\/h1>\t\t\t\t<\/div>\n\t\t\t\t<\/div>\n\t\t\t\t<div class=\"elementor-element elementor-element-50805d8 elementor-widget elementor-widget-text-editor\" data-id=\"50805d8\" data-element_type=\"widget\" data-e-type=\"widget\" data-widget_type=\"text-editor.default\">\n\t\t\t\t<div class=\"elementor-widget-container\">\n\t\t\t\t\t\t\t\t\t<p>La liaison adh\u00e9sive entre le PEEK et la c\u00e9ramique est absolument s\u00fbre et durable. C&rsquo;est pourquoi le SIEWERT BRIDGE\u2122 est \u00e9galement flexible.<\/p>\n\t\t\t\t\t\t\t\t<\/div>\n\t\t\t\t<\/div>\n\t\t\t\t\t<\/div>\n\t\t<\/div>\n\t\t\t\t<div class=\"elementor-column elementor-col-50 elementor-top-column elementor-element elementor-element-acad499\" data-id=\"acad499\" data-element_type=\"column\" data-e-type=\"column\">\n\t\t\t<div class=\"elementor-widget-wrap\">\n\t\t\t\t\t\t\t<\/div>\n\t\t<\/div>\n\t\t\t\t\t<\/div>\n\t\t<\/section>\n\t\t\t\t<section class=\"elementor-section elementor-top-section elementor-element elementor-element-27dddf8 elementor-section-boxed elementor-section-height-default elementor-section-height-default\" data-id=\"27dddf8\" data-element_type=\"section\" data-e-type=\"section\">\n\t\t\t\t\t\t<div class=\"elementor-container elementor-column-gap-default\">\n\t\t\t\t\t<div class=\"elementor-column elementor-col-100 elementor-top-column elementor-element elementor-element-e03a9bd\" data-id=\"e03a9bd\" data-element_type=\"column\" data-e-type=\"column\">\n\t\t\t<div class=\"elementor-widget-wrap elementor-element-populated\">\n\t\t\t\t\t\t<section class=\"elementor-section elementor-inner-section elementor-element elementor-element-93c1a6a elementor-section-boxed elementor-section-height-default elementor-section-height-default\" data-id=\"93c1a6a\" data-element_type=\"section\" data-e-type=\"section\" data-settings=\"{&quot;background_background&quot;:&quot;classic&quot;}\">\n\t\t\t\t\t\t\t<div class=\"elementor-background-overlay\"><\/div>\n\t\t\t\t\t\t\t<div class=\"elementor-container elementor-column-gap-default\">\n\t\t\t\t\t<div class=\"elementor-column elementor-col-50 elementor-inner-column elementor-element elementor-element-98c20fd\" data-id=\"98c20fd\" data-element_type=\"column\" data-e-type=\"column\">\n\t\t\t<div class=\"elementor-widget-wrap elementor-element-populated\">\n\t\t\t\t\t\t<div class=\"elementor-element elementor-element-83d1511 elementor-widget elementor-widget-image\" data-id=\"83d1511\" data-element_type=\"widget\" data-e-type=\"widget\" data-settings=\"{&quot;sticky&quot;:&quot;top&quot;,&quot;sticky_offset&quot;:5,&quot;sticky_parent&quot;:&quot;yes&quot;,&quot;sticky_on&quot;:[&quot;desktop&quot;,&quot;tablet&quot;,&quot;mobile&quot;],&quot;sticky_effects_offset&quot;:0,&quot;sticky_anchor_link_offset&quot;:0}\" data-widget_type=\"image.default\">\n\t\t\t\t<div class=\"elementor-widget-container\">\n\t\t\t\t\t\t\t\t\t\t\t\t\t\t\t\t<a href=\"#\">\n\t\t\t\t\t\t\t<img fetchpriority=\"high\" decoding=\"async\" width=\"1024\" height=\"768\" src=\"https:\/\/mpimplants.com\/wp-content\/uploads\/2024\/04\/PEEK-2-1.jpg\" class=\"attachment-2048x2048 size-2048x2048 wp-image-4446\" alt=\"\" srcset=\"https:\/\/mpimplants.com\/wp-content\/uploads\/2024\/04\/PEEK-2-1.jpg 1024w, https:\/\/mpimplants.com\/wp-content\/uploads\/2024\/04\/PEEK-2-1-300x225.jpg 300w, https:\/\/mpimplants.com\/wp-content\/uploads\/2024\/04\/PEEK-2-1-768x576.jpg 768w\" sizes=\"(max-width: 1024px) 100vw, 1024px\" \/>\t\t\t\t\t\t\t\t<\/a>\n\t\t\t\t\t\t\t\t\t\t\t\t\t\t\t<\/div>\n\t\t\t\t<\/div>\n\t\t\t\t\t<\/div>\n\t\t<\/div>\n\t\t\t\t<div class=\"elementor-column elementor-col-50 elementor-inner-column elementor-element elementor-element-3494d45\" data-id=\"3494d45\" data-element_type=\"column\" data-e-type=\"column\">\n\t\t\t<div class=\"elementor-widget-wrap elementor-element-populated\">\n\t\t\t\t\t\t<div class=\"elementor-element elementor-element-d2efc6c elementor-widget elementor-widget-heading\" data-id=\"d2efc6c\" data-element_type=\"widget\" data-e-type=\"widget\" data-widget_type=\"heading.default\">\n\t\t\t\t<div class=\"elementor-widget-container\">\n\t\t\t\t\t<h3 class=\"elementor-heading-title elementor-size-default\">Solution Siewert Bridge\u2122 : Proth\u00e8se implanto-port\u00e9e \u00e0 base de PEEK cliniquement test\u00e9e.<\/h3>\t\t\t\t<\/div>\n\t\t\t\t<\/div>\n\t\t\t\t<div class=\"elementor-element elementor-element-63bee10 elementor-icon-list--layout-traditional elementor-list-item-link-full_width elementor-widget elementor-widget-icon-list\" data-id=\"63bee10\" data-element_type=\"widget\" data-e-type=\"widget\" data-widget_type=\"icon-list.default\">\n\t\t\t\t<div class=\"elementor-widget-container\">\n\t\t\t\t\t\t\t<ul class=\"elementor-icon-list-items\">\n\t\t\t\t\t\t\t<li class=\"elementor-icon-list-item\">\n\t\t\t\t\t\t\t\t\t\t<span class=\"elementor-icon-list-text\">SIEWERT BRIDGE\u2122 offre une approche alternative aux solutions proth\u00e9tiques implanto-port\u00e9es conventionnelles actuellement utilis\u00e9es, en utilisant le polym\u00e8re haute performance PEEK. Cette proth\u00e8se se compose de :<\/span>\n\t\t\t\t\t\t\t\t\t<\/li>\n\t\t\t\t\t\t\t\t<li class=\"elementor-icon-list-item\">\n\t\t\t\t\t\t\t\t\t\t<span class=\"elementor-icon-list-text\">\u2714 Une structure en bridge en PEEK avec appui sur des piliers trans\u00e9pith\u00e9liaux. Les vis et le canal des vis d\u00e9finitives sont frais\u00e9s directement dans la base en PEEK.<\/span>\n\t\t\t\t\t\t\t\t\t<\/li>\n\t\t\t\t\t\t\t\t<li class=\"elementor-icon-list-item\">\n\t\t\t\t\t\t\t\t\t\t<span class=\"elementor-icon-list-text\">Rev\u00eatement en c\u00e9ramique r\u00e9sistant \u00e0 l\u2019abrasion avec de minces gaines individuelles en zirconium.<\/span>\n\t\t\t\t\t\t\t\t\t<\/li>\n\t\t\t\t\t\t<\/ul>\n\t\t\t\t\t\t<\/div>\n\t\t\t\t<\/div>\n\t\t\t\t<div class=\"elementor-element elementor-element-563fa7c elementor-widget elementor-widget-text-editor\" data-id=\"563fa7c\" data-element_type=\"widget\" data-e-type=\"widget\" data-widget_type=\"text-editor.default\">\n\t\t\t\t<div class=\"elementor-widget-container\">\n\t\t\t\t\t\t\t\t\t<p><em>La proth\u00e8se qui en r\u00e9sulte se caract\u00e9rise par sa l\u00e9g\u00e8ret\u00e9, sa durabilit\u00e9 et sa flexibilit\u00e9, ce qui en fait une solution d\u2019avenir.<\/em><\/p>\n\t\t\t\t\t\t\t\t<\/div>\n\t\t\t\t<\/div>\n\t\t\t\t\t<\/div>\n\t\t<\/div>\n\t\t\t\t\t<\/div>\n\t\t<\/section>\n\t\t\t\t<section class=\"elementor-section elementor-inner-section elementor-element elementor-element-5bf9f4d elementor-section-boxed elementor-section-height-default elementor-section-height-default\" data-id=\"5bf9f4d\" data-element_type=\"section\" data-e-type=\"section\" data-settings=\"{&quot;background_background&quot;:&quot;classic&quot;}\">\n\t\t\t\t\t\t<div class=\"elementor-container elementor-column-gap-default\">\n\t\t\t\t\t<div class=\"elementor-column elementor-col-100 elementor-inner-column elementor-element elementor-element-7592e2f\" data-id=\"7592e2f\" data-element_type=\"column\" data-e-type=\"column\">\n\t\t\t<div class=\"elementor-widget-wrap elementor-element-populated\">\n\t\t\t\t\t\t<div class=\"elementor-element elementor-element-f95483a elementor-widget elementor-widget-heading\" data-id=\"f95483a\" data-element_type=\"widget\" data-e-type=\"widget\" data-widget_type=\"heading.default\">\n\t\t\t\t<div class=\"elementor-widget-container\">\n\t\t\t\t\t<h3 class=\"elementor-heading-title elementor-size-default\">Avantages<\/h3>\t\t\t\t<\/div>\n\t\t\t\t<\/div>\n\t\t\t\t<div class=\"elementor-element elementor-element-9b39c22 elementor-widget elementor-widget-text-editor\" data-id=\"9b39c22\" data-element_type=\"widget\" data-e-type=\"widget\" data-widget_type=\"text-editor.default\">\n\t\t\t\t<div class=\"elementor-widget-container\">\n\t\t\t\t\t\t\t\t\t<p><strong>LABORATOIRE DENTAIRE<\/strong><\/p>\n<ul>\n<li>Travail simple et totalement num\u00e9ris\u00e9.<\/li>\n<li>R\u00e9duit les temps de travail requis.<\/li>\n<li>Syst\u00e8me simple et intuitif, ne n\u00e9cessitant pas de formation longue ni d\u2019investissement suppl\u00e9mentaire.<\/li>\n<li>Processus de fabrication industrielle de haute qualit\u00e9 et reproductible.<\/li>\n<li>R\u00e9sultats hautement esth\u00e9tiques<\/li>\n<\/ul>\n<p><strong>DENTISTE<\/strong><\/p>\n<ul>\n<li>Ajustement passif pr\u00e9cis et sans contrainte.<\/li>\n<li>Ajustement garanti sur le patient.<\/li>\n<li>Pr\u00e9servation de l\u2019os p\u00e9ri-implantaire et pr\u00e9vention de la rupture des vis.<\/li>\n<li>\u00c9vite la d\u00e9cimentation des cylindres m\u00e9talliques et leur corrosion.<\/li>\n<li>Gaine en c\u00e9ramique individuelle facilement rempla\u00e7able.<\/li>\n<li>R\u00e9duction du temps de production : fabrication en laboratoire possible dans les 24 \u00e0 48 heures.<\/li>\n<li>Processus de travail identique \u00e0 celui avec les syst\u00e8mes conventionnels.<\/li>\n<\/ul>\n<p><strong>PATIENT<\/strong><\/p>\n<p>Tr\u00e8s populaire aupr\u00e8s des patients parce qu\u2019elle est :<\/p>\n<ul>\n<li>Tr\u00e8s esth\u00e9tique gr\u00e2ce \u00e0 la grande translucidit\u00e9 des gaines en c\u00e9ramique.<\/li>\n<li>Extr\u00eamement l\u00e9g\u00e8re.<\/li>\n<li>Sensation de mastication naturelle et douce.<\/li>\n<li>Possibilit\u00e9 d\u2019obtenir une surface tr\u00e8s brillante.<\/li>\n<li>Biocompatible, sans m\u00e9tal. Ne contient ni pigments ni charges.<\/li>\n<li>Le PEEK est inerte et ne modifie pas ses propri\u00e9t\u00e9s, m\u00eame apr\u00e8s une utilisation prolong\u00e9e.<\/li>\n<li>Co\u00fbt similaire \u00e0 celui des solutions traditionnelles haut de gamme.<\/li>\n<\/ul>\n<p><strong>DONN\u00c9ES CLINIQUES<\/strong><\/p>\n<p>Les bridges construits selon le principe du Siewert Bridge\u2122, utilis\u00e9s en clinique depuis plus de cinq ans, ont prouv\u00e9 leur grande fiabilit\u00e9 :<\/p>\n<ul>\n<li>Pas de desserrage ni de rupture des vis.<\/li>\n<li>Pas de d\u00e9tachement ni de rupture des gaines en c\u00e9ramique individuelles.<\/li>\n<li>Stabilit\u00e9 de l\u2019os p\u00e9ri-implantaire sup\u00e9rieure \u00e0 la moyenne.<\/li>\n<li>Pas de fracture ni de fissure au niveau de l\u2019armature du bridge en PEEK.<\/li>\n<li>Pas de modification de la surface occlusale due \u00e0 l\u2019abrasion.<\/li>\n<li>Satisfaction des patients sup\u00e9rieure \u00e0 la moyenne.<\/li>\n<li>Garantie de l\u2019ajustement passif des attaches Multi-Unit sur le patient.<\/li>\n<\/ul>\n\t\t\t\t\t\t\t\t<\/div>\n\t\t\t\t<\/div>\n\t\t\t\t<div class=\"elementor-element elementor-element-f5e10b2 elementor-widget elementor-widget-heading\" data-id=\"f5e10b2\" data-element_type=\"widget\" data-e-type=\"widget\" data-widget_type=\"heading.default\">\n\t\t\t\t<div class=\"elementor-widget-container\">\n\t\t\t\t\t<h3 class=\"elementor-heading-title elementor-size-default\">Processus de travail<\/h3>\t\t\t\t<\/div>\n\t\t\t\t<\/div>\n\t\t\t\t<div class=\"elementor-element elementor-element-819315d elementor-widget elementor-widget-image\" data-id=\"819315d\" data-element_type=\"widget\" data-e-type=\"widget\" data-widget_type=\"image.default\">\n\t\t\t\t<div class=\"elementor-widget-container\">\n\t\t\t\t\t\t\t\t\t\t\t\t\t\t\t<img decoding=\"async\" width=\"1876\" height=\"1279\" src=\"https:\/\/mpimplants.com\/wp-content\/uploads\/2022\/12\/flujo-siewert-triptico_0.png\" class=\"attachment-full size-full wp-image-3562\" alt=\"\" srcset=\"https:\/\/mpimplants.com\/wp-content\/uploads\/2022\/12\/flujo-siewert-triptico_0.png 1876w, https:\/\/mpimplants.com\/wp-content\/uploads\/2022\/12\/flujo-siewert-triptico_0-300x205.png 300w, https:\/\/mpimplants.com\/wp-content\/uploads\/2022\/12\/flujo-siewert-triptico_0-1024x698.png 1024w, https:\/\/mpimplants.com\/wp-content\/uploads\/2022\/12\/flujo-siewert-triptico_0-768x524.png 768w, https:\/\/mpimplants.com\/wp-content\/uploads\/2022\/12\/flujo-siewert-triptico_0-1536x1047.png 1536w\" sizes=\"(max-width: 1876px) 100vw, 1876px\" \/>\t\t\t\t\t\t\t\t\t\t\t\t\t\t\t<\/div>\n\t\t\t\t<\/div>\n\t\t\t\t<div class=\"elementor-element elementor-element-5a196c5 elementor-align-left elementor-widget elementor-widget-button\" data-id=\"5a196c5\" data-element_type=\"widget\" data-e-type=\"widget\" data-widget_type=\"button.default\">\n\t\t\t\t<div class=\"elementor-widget-container\">\n\t\t\t\t\t\t\t\t\t<div class=\"elementor-button-wrapper\">\n\t\t\t\t\t<a class=\"elementor-button elementor-button-link elementor-size-sm elementor-animation-float\" href=\"https:\/\/mpimplants.com\/wp-content\/uploads\/2023\/08\/Triptico-Siewert.pdf\" target=\"_blank\">\n\t\t\t\t\t\t<span class=\"elementor-button-content-wrapper\">\n\t\t\t\t\t\t<span class=\"elementor-button-icon\">\n\t\t\t\t<i aria-hidden=\"true\" class=\"fas fa-download\"><\/i>\t\t\t<\/span>\n\t\t\t\t\t\t\t\t\t<span class=\"elementor-button-text\"> CATALOGUE DE SOLUTIONS SIEWERT BRIDGE\u2122<\/span>\n\t\t\t\t\t<\/span>\n\t\t\t\t\t<\/a>\n\t\t\t\t<\/div>\n\t\t\t\t\t\t\t\t<\/div>\n\t\t\t\t<\/div>\n\t\t\t\t\t<\/div>\n\t\t<\/div>\n\t\t\t\t\t<\/div>\n\t\t<\/section>\n\t\t\t\t\t<\/div>\n\t\t<\/div>\n\t\t\t\t\t<\/div>\n\t\t<\/section>\n\t\t\t\t<\/div>\n\t\t","protected":false},"excerpt":{"rendered":"<p>SIEWERT BRIDGE\u2122 La liaison adh\u00e9sive entre le PEEK et la c\u00e9ramique est absolument s\u00fbre et durable. C&rsquo;est pourquoi le SIEWERT BRIDGE\u2122 est \u00e9galement flexible. Solution Siewert Bridge\u2122 : Proth\u00e8se implanto-port\u00e9e \u00e0 base de PEEK cliniquement test\u00e9e. SIEWERT BRIDGE\u2122 offre une approche alternative aux solutions proth\u00e9tiques implanto-port\u00e9es conventionnelles actuellement utilis\u00e9es, en utilisant le polym\u00e8re haute performance [&hellip;]<\/p>\n","protected":false},"author":1,"featured_media":0,"parent":3296,"menu_order":0,"comment_status":"closed","ping_status":"closed","template":"elementor_header_footer","meta":{"footnotes":""},"class_list":["post-3560","page","type-page","status-publish","hentry"],"yoast_head":"<!-- This site is optimized with the Yoast SEO plugin v27.3 - https:\/\/yoast.com\/product\/yoast-seo-wordpress\/ -->\n<title>Siewert Bridge | MPI - Medical Precision Implants<\/title>\n<meta name=\"robots\" content=\"index, follow, max-snippet:-1, max-image-preview:large, max-video-preview:-1\" \/>\n<link rel=\"canonical\" href=\"https:\/\/mpimplants.com\/fr\/produits\/siewert-bridge\/\" \/>\n<meta property=\"og:locale\" content=\"fr_FR\" \/>\n<meta property=\"og:type\" content=\"article\" \/>\n<meta property=\"og:title\" content=\"Siewert Bridge | MPI - Medical Precision Implants\" \/>\n<meta property=\"og:description\" content=\"SIEWERT BRIDGE\u2122 La liaison adh\u00e9sive entre le PEEK et la c\u00e9ramique est absolument s\u00fbre et durable. C&rsquo;est pourquoi le SIEWERT BRIDGE\u2122 est \u00e9galement flexible. Solution Siewert Bridge\u2122 : Proth\u00e8se implanto-port\u00e9e \u00e0 base de PEEK cliniquement test\u00e9e. SIEWERT BRIDGE\u2122 offre une approche alternative aux solutions proth\u00e9tiques implanto-port\u00e9es conventionnelles actuellement utilis\u00e9es, en utilisant le polym\u00e8re haute performance [&hellip;]\" \/>\n<meta property=\"og:url\" content=\"https:\/\/mpimplants.com\/fr\/produits\/siewert-bridge\/\" \/>\n<meta property=\"og:site_name\" content=\"MPI - Medical Precision Implants\" \/>\n<meta property=\"article:modified_time\" content=\"2024-04-18T14:20:28+00:00\" \/>\n<meta property=\"og:image\" content=\"https:\/\/mpimplants.com\/wp-content\/uploads\/2024\/04\/PEEK-2-1.jpg\" \/>\n<meta name=\"twitter:card\" content=\"summary_large_image\" \/>\n<meta name=\"twitter:label1\" content=\"Dur\u00e9e de lecture estim\u00e9e\" \/>\n\t<meta name=\"twitter:data1\" content=\"3 minutes\" \/>\n<script type=\"application\/ld+json\" class=\"yoast-schema-graph\">{\"@context\":\"https:\\\/\\\/schema.org\",\"@graph\":[{\"@type\":\"WebPage\",\"@id\":\"https:\\\/\\\/mpimplants.com\\\/fr\\\/produits\\\/siewert-bridge\\\/\",\"url\":\"https:\\\/\\\/mpimplants.com\\\/fr\\\/produits\\\/siewert-bridge\\\/\",\"name\":\"Siewert Bridge | MPI - Medical Precision Implants\",\"isPartOf\":{\"@id\":\"https:\\\/\\\/www.mpimplants.com\\\/#website\"},\"primaryImageOfPage\":{\"@id\":\"https:\\\/\\\/mpimplants.com\\\/fr\\\/produits\\\/siewert-bridge\\\/#primaryimage\"},\"image\":{\"@id\":\"https:\\\/\\\/mpimplants.com\\\/fr\\\/produits\\\/siewert-bridge\\\/#primaryimage\"},\"thumbnailUrl\":\"https:\\\/\\\/mpimplants.com\\\/wp-content\\\/uploads\\\/2024\\\/04\\\/PEEK-2-1.jpg\",\"datePublished\":\"2022-11-10T11:01:02+00:00\",\"dateModified\":\"2024-04-18T14:20:28+00:00\",\"breadcrumb\":{\"@id\":\"https:\\\/\\\/mpimplants.com\\\/fr\\\/produits\\\/siewert-bridge\\\/#breadcrumb\"},\"inLanguage\":\"fr-FR\",\"potentialAction\":[{\"@type\":\"ReadAction\",\"target\":[\"https:\\\/\\\/mpimplants.com\\\/fr\\\/produits\\\/siewert-bridge\\\/\"]}]},{\"@type\":\"ImageObject\",\"inLanguage\":\"fr-FR\",\"@id\":\"https:\\\/\\\/mpimplants.com\\\/fr\\\/produits\\\/siewert-bridge\\\/#primaryimage\",\"url\":\"https:\\\/\\\/mpimplants.com\\\/wp-content\\\/uploads\\\/2024\\\/04\\\/PEEK-2-1.jpg\",\"contentUrl\":\"https:\\\/\\\/mpimplants.com\\\/wp-content\\\/uploads\\\/2024\\\/04\\\/PEEK-2-1.jpg\"},{\"@type\":\"BreadcrumbList\",\"@id\":\"https:\\\/\\\/mpimplants.com\\\/fr\\\/produits\\\/siewert-bridge\\\/#breadcrumb\",\"itemListElement\":[{\"@type\":\"ListItem\",\"position\":1,\"name\":\"Portada\",\"item\":\"https:\\\/\\\/www.mpimplants.com\\\/fr\\\/\"},{\"@type\":\"ListItem\",\"position\":2,\"name\":\"Produits\",\"item\":\"https:\\\/\\\/mpimplants.com\\\/fr\\\/produits\\\/\"},{\"@type\":\"ListItem\",\"position\":3,\"name\":\"Siewert Bridge\"}]},{\"@type\":\"WebSite\",\"@id\":\"https:\\\/\\\/www.mpimplants.com\\\/#website\",\"url\":\"https:\\\/\\\/www.mpimplants.com\\\/\",\"name\":\"Mpi Implants\",\"description\":\"Soluciones Dentales De Futuro\",\"publisher\":{\"@id\":\"https:\\\/\\\/www.mpimplants.com\\\/#organization\"},\"potentialAction\":[{\"@type\":\"SearchAction\",\"target\":{\"@type\":\"EntryPoint\",\"urlTemplate\":\"https:\\\/\\\/www.mpimplants.com\\\/?s={search_term_string}\"},\"query-input\":{\"@type\":\"PropertyValueSpecification\",\"valueRequired\":true,\"valueName\":\"search_term_string\"}}],\"inLanguage\":\"fr-FR\"},{\"@type\":\"Organization\",\"@id\":\"https:\\\/\\\/www.mpimplants.com\\\/#organization\",\"name\":\"Mpi Implants\",\"url\":\"https:\\\/\\\/www.mpimplants.com\\\/\",\"logo\":{\"@type\":\"ImageObject\",\"inLanguage\":\"fr-FR\",\"@id\":\"https:\\\/\\\/www.mpimplants.com\\\/#\\\/schema\\\/logo\\\/image\\\/\",\"url\":\"https:\\\/\\\/mpimplants.com\\\/wp-content\\\/uploads\\\/2022\\\/11\\\/Logo-Color.png\",\"contentUrl\":\"https:\\\/\\\/mpimplants.com\\\/wp-content\\\/uploads\\\/2022\\\/11\\\/Logo-Color.png\",\"width\":1230,\"height\":483,\"caption\":\"Mpi Implants\"},\"image\":{\"@id\":\"https:\\\/\\\/www.mpimplants.com\\\/#\\\/schema\\\/logo\\\/image\\\/\"}}]}<\/script>\n<!-- \/ Yoast SEO plugin. -->","yoast_head_json":{"title":"Siewert Bridge | MPI - Medical Precision Implants","robots":{"index":"index","follow":"follow","max-snippet":"max-snippet:-1","max-image-preview":"max-image-preview:large","max-video-preview":"max-video-preview:-1"},"canonical":"https:\/\/mpimplants.com\/fr\/produits\/siewert-bridge\/","og_locale":"fr_FR","og_type":"article","og_title":"Siewert Bridge | MPI - Medical Precision Implants","og_description":"SIEWERT BRIDGE\u2122 La liaison adh\u00e9sive entre le PEEK et la c\u00e9ramique est absolument s\u00fbre et durable. C&rsquo;est pourquoi le SIEWERT BRIDGE\u2122 est \u00e9galement flexible. Solution Siewert Bridge\u2122 : Proth\u00e8se implanto-port\u00e9e \u00e0 base de PEEK cliniquement test\u00e9e. SIEWERT BRIDGE\u2122 offre une approche alternative aux solutions proth\u00e9tiques implanto-port\u00e9es conventionnelles actuellement utilis\u00e9es, en utilisant le polym\u00e8re haute performance [&hellip;]","og_url":"https:\/\/mpimplants.com\/fr\/produits\/siewert-bridge\/","og_site_name":"MPI - Medical Precision Implants","article_modified_time":"2024-04-18T14:20:28+00:00","og_image":[{"url":"https:\/\/mpimplants.com\/wp-content\/uploads\/2024\/04\/PEEK-2-1.jpg","type":"","width":"","height":""}],"twitter_card":"summary_large_image","twitter_misc":{"Dur\u00e9e de lecture estim\u00e9e":"3 minutes"},"schema":{"@context":"https:\/\/schema.org","@graph":[{"@type":"WebPage","@id":"https:\/\/mpimplants.com\/fr\/produits\/siewert-bridge\/","url":"https:\/\/mpimplants.com\/fr\/produits\/siewert-bridge\/","name":"Siewert Bridge | MPI - Medical Precision Implants","isPartOf":{"@id":"https:\/\/www.mpimplants.com\/#website"},"primaryImageOfPage":{"@id":"https:\/\/mpimplants.com\/fr\/produits\/siewert-bridge\/#primaryimage"},"image":{"@id":"https:\/\/mpimplants.com\/fr\/produits\/siewert-bridge\/#primaryimage"},"thumbnailUrl":"https:\/\/mpimplants.com\/wp-content\/uploads\/2024\/04\/PEEK-2-1.jpg","datePublished":"2022-11-10T11:01:02+00:00","dateModified":"2024-04-18T14:20:28+00:00","breadcrumb":{"@id":"https:\/\/mpimplants.com\/fr\/produits\/siewert-bridge\/#breadcrumb"},"inLanguage":"fr-FR","potentialAction":[{"@type":"ReadAction","target":["https:\/\/mpimplants.com\/fr\/produits\/siewert-bridge\/"]}]},{"@type":"ImageObject","inLanguage":"fr-FR","@id":"https:\/\/mpimplants.com\/fr\/produits\/siewert-bridge\/#primaryimage","url":"https:\/\/mpimplants.com\/wp-content\/uploads\/2024\/04\/PEEK-2-1.jpg","contentUrl":"https:\/\/mpimplants.com\/wp-content\/uploads\/2024\/04\/PEEK-2-1.jpg"},{"@type":"BreadcrumbList","@id":"https:\/\/mpimplants.com\/fr\/produits\/siewert-bridge\/#breadcrumb","itemListElement":[{"@type":"ListItem","position":1,"name":"Portada","item":"https:\/\/www.mpimplants.com\/fr\/"},{"@type":"ListItem","position":2,"name":"Produits","item":"https:\/\/mpimplants.com\/fr\/produits\/"},{"@type":"ListItem","position":3,"name":"Siewert Bridge"}]},{"@type":"WebSite","@id":"https:\/\/www.mpimplants.com\/#website","url":"https:\/\/www.mpimplants.com\/","name":"Mpi Implants","description":"Soluciones Dentales De Futuro","publisher":{"@id":"https:\/\/www.mpimplants.com\/#organization"},"potentialAction":[{"@type":"SearchAction","target":{"@type":"EntryPoint","urlTemplate":"https:\/\/www.mpimplants.com\/?s={search_term_string}"},"query-input":{"@type":"PropertyValueSpecification","valueRequired":true,"valueName":"search_term_string"}}],"inLanguage":"fr-FR"},{"@type":"Organization","@id":"https:\/\/www.mpimplants.com\/#organization","name":"Mpi Implants","url":"https:\/\/www.mpimplants.com\/","logo":{"@type":"ImageObject","inLanguage":"fr-FR","@id":"https:\/\/www.mpimplants.com\/#\/schema\/logo\/image\/","url":"https:\/\/mpimplants.com\/wp-content\/uploads\/2022\/11\/Logo-Color.png","contentUrl":"https:\/\/mpimplants.com\/wp-content\/uploads\/2022\/11\/Logo-Color.png","width":1230,"height":483,"caption":"Mpi Implants"},"image":{"@id":"https:\/\/www.mpimplants.com\/#\/schema\/logo\/image\/"}}]}},"_links":{"self":[{"href":"https:\/\/mpimplants.com\/fr\/wp-json\/wp\/v2\/pages\/3560","targetHints":{"allow":["GET"]}}],"collection":[{"href":"https:\/\/mpimplants.com\/fr\/wp-json\/wp\/v2\/pages"}],"about":[{"href":"https:\/\/mpimplants.com\/fr\/wp-json\/wp\/v2\/types\/page"}],"author":[{"embeddable":true,"href":"https:\/\/mpimplants.com\/fr\/wp-json\/wp\/v2\/users\/1"}],"replies":[{"embeddable":true,"href":"https:\/\/mpimplants.com\/fr\/wp-json\/wp\/v2\/comments?post=3560"}],"version-history":[{"count":7,"href":"https:\/\/mpimplants.com\/fr\/wp-json\/wp\/v2\/pages\/3560\/revisions"}],"predecessor-version":[{"id":5029,"href":"https:\/\/mpimplants.com\/fr\/wp-json\/wp\/v2\/pages\/3560\/revisions\/5029"}],"up":[{"embeddable":true,"href":"https:\/\/mpimplants.com\/fr\/wp-json\/wp\/v2\/pages\/3296"}],"wp:attachment":[{"href":"https:\/\/mpimplants.com\/fr\/wp-json\/wp\/v2\/media?parent=3560"}],"curies":[{"name":"wp","href":"https:\/\/api.w.org\/{rel}","templated":true}]}}