{"id":3550,"date":"2022-11-10T10:57:49","date_gmt":"2022-11-10T10:57:49","guid":{"rendered":"https:\/\/mpimplants.com\/produits\/implantes-dentales\/mpi-privilege-system\/"},"modified":"2024-05-02T13:59:04","modified_gmt":"2024-05-02T13:59:04","slug":"mpi-privilege-system","status":"publish","type":"page","link":"https:\/\/mpimplants.com\/fr\/produits\/implantes-dentales\/mpi-privilege-system\/","title":{"rendered":"MPI Privilege system"},"content":{"rendered":"\t\t<div data-elementor-type=\"wp-page\" data-elementor-id=\"3550\" class=\"elementor elementor-3550 elementor-398\" data-elementor-post-type=\"page\">\n\t\t\t\t\t\t<section class=\"elementor-section elementor-top-section elementor-element elementor-element-3ff41c3 elementor-section-height-min-height elementor-section-items-stretch elementor-section-boxed elementor-section-height-default\" data-id=\"3ff41c3\" data-element_type=\"section\" data-e-type=\"section\" data-settings=\"{&quot;background_background&quot;:&quot;classic&quot;}\">\n\t\t\t\t\t\t\t<div class=\"elementor-background-overlay\"><\/div>\n\t\t\t\t\t\t\t<div class=\"elementor-container elementor-column-gap-default\">\n\t\t\t\t\t<div class=\"elementor-column elementor-col-50 elementor-top-column elementor-element elementor-element-b597d02 elementor-invisible\" data-id=\"b597d02\" data-element_type=\"column\" data-e-type=\"column\" data-settings=\"{&quot;animation&quot;:&quot;fadeInUp&quot;}\">\n\t\t\t<div class=\"elementor-widget-wrap elementor-element-populated\">\n\t\t\t\t\t\t<div class=\"elementor-element elementor-element-bce5206 elementor-widget elementor-widget-heading\" data-id=\"bce5206\" data-element_type=\"widget\" data-e-type=\"widget\" data-widget_type=\"heading.default\">\n\t\t\t\t<div class=\"elementor-widget-container\">\n\t\t\t\t\t<h1 class=\"elementor-heading-title elementor-size-default\">MPI Privilege<sup>\u00ae<\/sup><br> System<\/h1>\t\t\t\t<\/div>\n\t\t\t\t<\/div>\n\t\t\t\t\t<\/div>\n\t\t<\/div>\n\t\t\t\t<div class=\"elementor-column elementor-col-50 elementor-top-column elementor-element elementor-element-0aae1b9\" data-id=\"0aae1b9\" data-element_type=\"column\" data-e-type=\"column\">\n\t\t\t<div class=\"elementor-widget-wrap\">\n\t\t\t\t\t\t\t<\/div>\n\t\t<\/div>\n\t\t\t\t\t<\/div>\n\t\t<\/section>\n\t\t\t\t<section class=\"elementor-section elementor-top-section elementor-element elementor-element-df4b43d elementor-section-boxed elementor-section-height-default elementor-section-height-default\" data-id=\"df4b43d\" data-element_type=\"section\" data-e-type=\"section\">\n\t\t\t\t\t\t<div class=\"elementor-container elementor-column-gap-default\">\n\t\t\t\t\t<div class=\"elementor-column elementor-col-100 elementor-top-column elementor-element elementor-element-e9b2f49\" data-id=\"e9b2f49\" data-element_type=\"column\" data-e-type=\"column\">\n\t\t\t<div class=\"elementor-widget-wrap elementor-element-populated\">\n\t\t\t\t\t\t<section class=\"elementor-section elementor-inner-section elementor-element elementor-element-87151d6 elementor-section-height-min-height elementor-section-boxed elementor-section-height-default\" data-id=\"87151d6\" data-element_type=\"section\" data-e-type=\"section\" data-settings=\"{&quot;background_background&quot;:&quot;gradient&quot;}\">\n\t\t\t\t\t\t\t<div class=\"elementor-background-overlay\"><\/div>\n\t\t\t\t\t\t\t<div class=\"elementor-container elementor-column-gap-default\">\n\t\t\t\t\t<div class=\"elementor-column elementor-col-50 elementor-inner-column elementor-element elementor-element-75c9b23\" data-id=\"75c9b23\" data-element_type=\"column\" data-e-type=\"column\">\n\t\t\t<div class=\"elementor-widget-wrap elementor-element-populated\">\n\t\t\t\t\t\t<div class=\"elementor-element elementor-element-ebf6b43 elementor-widget elementor-widget-image\" data-id=\"ebf6b43\" data-element_type=\"widget\" data-e-type=\"widget\" data-widget_type=\"image.default\">\n\t\t\t\t<div class=\"elementor-widget-container\">\n\t\t\t\t\t\t\t\t\t\t\t\t\t\t\t\t<a href=\"#\">\n\t\t\t\t\t\t\t<img fetchpriority=\"high\" decoding=\"async\" width=\"350\" height=\"450\" src=\"https:\/\/mpimplants.com\/wp-content\/uploads\/2022\/11\/mpi-privilege350x450.png\" class=\"attachment-large size-large wp-image-3259\" alt=\"\" srcset=\"https:\/\/mpimplants.com\/wp-content\/uploads\/2022\/11\/mpi-privilege350x450.png 350w, https:\/\/mpimplants.com\/wp-content\/uploads\/2022\/11\/mpi-privilege350x450-233x300.png 233w\" sizes=\"(max-width: 350px) 100vw, 350px\" \/>\t\t\t\t\t\t\t\t<\/a>\n\t\t\t\t\t\t\t\t\t\t\t\t\t\t\t<\/div>\n\t\t\t\t<\/div>\n\t\t\t\t\t<\/div>\n\t\t<\/div>\n\t\t\t\t<div class=\"elementor-column elementor-col-50 elementor-inner-column elementor-element elementor-element-267f997\" data-id=\"267f997\" data-element_type=\"column\" data-e-type=\"column\">\n\t\t\t<div class=\"elementor-widget-wrap elementor-element-populated\">\n\t\t\t\t\t\t<div class=\"elementor-element elementor-element-0b7fb0c elementor-widget elementor-widget-heading\" data-id=\"0b7fb0c\" data-element_type=\"widget\" data-e-type=\"widget\" data-widget_type=\"heading.default\">\n\t\t\t\t<div class=\"elementor-widget-container\">\n\t\t\t\t\t<h3 class=\"elementor-heading-title elementor-size-default\">MPI Privilege<sup>\u00ae<\/sup> System<\/h3>\t\t\t\t<\/div>\n\t\t\t\t<\/div>\n\t\t\t\t<div class=\"elementor-element elementor-element-5ae2ca3 elementor-widget elementor-widget-heading\" data-id=\"5ae2ca3\" data-element_type=\"widget\" data-e-type=\"widget\" data-widget_type=\"heading.default\">\n\t\t\t\t<div class=\"elementor-widget-container\">\n\t\t\t\t\t<h4 class=\"elementor-heading-title elementor-size-default\">Conception du filetage<\/h4>\t\t\t\t<\/div>\n\t\t\t\t<\/div>\n\t\t\t\t<div class=\"elementor-element elementor-element-8ffa67d elementor-widget elementor-widget-text-editor\" data-id=\"8ffa67d\" data-element_type=\"widget\" data-e-type=\"widget\" data-widget_type=\"text-editor.default\">\n\t\t\t\t<div class=\"elementor-widget-container\">\n\t\t\t\t\t\t\t\t\t<p>La double entr\u00e9e des spires, leur espacement optimal, ainsi que le micro-filetage, permettent une insertion contr\u00f4l\u00e9e et continue de l\u2019implant dans tout type de qualit\u00e9 osseuse.<\/p>\n\t\t\t\t\t\t\t\t<\/div>\n\t\t\t\t<\/div>\n\t\t\t\t\t<\/div>\n\t\t<\/div>\n\t\t\t\t\t<\/div>\n\t\t<\/section>\n\t\t\t\t<section class=\"elementor-section elementor-inner-section elementor-element elementor-element-89c7702 elementor-section-boxed elementor-section-height-default elementor-section-height-default\" data-id=\"89c7702\" data-element_type=\"section\" data-e-type=\"section\">\n\t\t\t\t\t\t<div class=\"elementor-container elementor-column-gap-default\">\n\t\t\t\t\t<div class=\"elementor-column elementor-col-100 elementor-inner-column elementor-element elementor-element-a28149d\" data-id=\"a28149d\" data-element_type=\"column\" data-e-type=\"column\">\n\t\t\t<div class=\"elementor-widget-wrap elementor-element-populated\">\n\t\t\t\t\t\t<div class=\"elementor-element elementor-element-2e54526 elementor-widget elementor-widget-image\" data-id=\"2e54526\" data-element_type=\"widget\" data-e-type=\"widget\" data-widget_type=\"image.default\">\n\t\t\t\t<div class=\"elementor-widget-container\">\n\t\t\t\t\t\t\t\t\t\t\t\t\t\t\t<img decoding=\"async\" src=\"https:\/\/mpimplants.com\/wp-content\/uploads\/elementor\/thumbs\/banner-privilege_0-qcl8vm4ooo80y4folnov1btd4tkwtowem6nftya28i.png\" title=\"banner-privilege_0\" alt=\"banner-privilege_0\" loading=\"lazy\" \/>\t\t\t\t\t\t\t\t\t\t\t\t\t\t\t<\/div>\n\t\t\t\t<\/div>\n\t\t\t\t\t<\/div>\n\t\t<\/div>\n\t\t\t\t\t<\/div>\n\t\t<\/section>\n\t\t\t\t<section class=\"elementor-section elementor-inner-section elementor-element elementor-element-c612641 elementor-section-height-min-height elementor-section-boxed elementor-section-height-default\" data-id=\"c612641\" data-element_type=\"section\" data-e-type=\"section\" data-settings=\"{&quot;background_background&quot;:&quot;gradient&quot;}\">\n\t\t\t\t\t\t\t<div class=\"elementor-background-overlay\"><\/div>\n\t\t\t\t\t\t\t<div class=\"elementor-container elementor-column-gap-default\">\n\t\t\t\t\t<div class=\"elementor-column elementor-col-100 elementor-inner-column elementor-element elementor-element-e8d5434\" data-id=\"e8d5434\" data-element_type=\"column\" data-e-type=\"column\">\n\t\t\t<div class=\"elementor-widget-wrap elementor-element-populated\">\n\t\t\t\t\t\t<div class=\"elementor-element elementor-element-d794492 elementor-widget elementor-widget-heading\" data-id=\"d794492\" data-element_type=\"widget\" data-e-type=\"widget\" data-widget_type=\"heading.default\">\n\t\t\t\t<div class=\"elementor-widget-container\">\n\t\t\t\t\t<h4 class=\"elementor-heading-title elementor-size-default\">Conception anatomique apicale<\/h4>\t\t\t\t<\/div>\n\t\t\t\t<\/div>\n\t\t\t\t<div class=\"elementor-element elementor-element-8e82dd3 elementor-widget elementor-widget-text-editor\" data-id=\"8e82dd3\" data-element_type=\"widget\" data-e-type=\"widget\" data-widget_type=\"text-editor.default\">\n\t\t\t\t<div class=\"elementor-widget-container\">\n\t\t\t\t\t\t\t\t\t<p>La morphologie conique du tiers apical permet une insertion atraumatique des implants MPI Privilege\u00ae.<br \/><span style=\"color: var( --e-global-color-text ); font-size: 1rem;\">Les quatre faces coupantes favorisent l\u2019auto-insertion et condensent l\u2019os pour obtenir une excellente stabilit\u00e9 initiale.<\/span><\/p>\n\t\t\t\t\t\t\t\t<\/div>\n\t\t\t\t<\/div>\n\t\t\t\t<div class=\"elementor-element elementor-element-822dd89 elementor-widget elementor-widget-heading\" data-id=\"822dd89\" data-element_type=\"widget\" data-e-type=\"widget\" data-widget_type=\"heading.default\">\n\t\t\t\t<div class=\"elementor-widget-container\">\n\t\t\t\t\t<h4 class=\"elementor-heading-title elementor-size-default\">Traitement de surface Integratec\u00ae<\/h4>\t\t\t\t<\/div>\n\t\t\t\t<\/div>\n\t\t\t\t<div class=\"elementor-element elementor-element-27bb6f7 elementor-widget elementor-widget-text-editor\" data-id=\"27bb6f7\" data-element_type=\"widget\" data-e-type=\"widget\" data-widget_type=\"text-editor.default\">\n\t\t\t\t<div class=\"elementor-widget-container\">\n\t\t\t\t\t\t\t\t\t<p>La microstructure de la surface favorise l\u2019adh\u00e9sion des ost\u00e9oblastes, responsables de la formation de l\u2019os.<br \/>Ceci acc\u00e9l\u00e8re l\u2019acceptation de la surface trait\u00e9e et donc l\u2019ost\u00e9oint\u00e9gration de l\u2019implant.<\/p>\n\t\t\t\t\t\t\t\t<\/div>\n\t\t\t\t<\/div>\n\t\t\t\t<div class=\"elementor-element elementor-element-98a346f elementor-widget elementor-widget-heading\" data-id=\"98a346f\" data-element_type=\"widget\" data-e-type=\"widget\" data-widget_type=\"heading.default\">\n\t\t\t\t<div class=\"elementor-widget-container\">\n\t\t\t\t\t<h4 class=\"elementor-heading-title elementor-size-default\">Marge de man\u0153uvre et de r\u00e9action<\/h4>\t\t\t\t<\/div>\n\t\t\t\t<\/div>\n\t\t\t\t<div class=\"elementor-element elementor-element-72e743f elementor-widget elementor-widget-text-editor\" data-id=\"72e743f\" data-element_type=\"widget\" data-e-type=\"widget\" data-widget_type=\"text-editor.default\">\n\t\t\t\t<div class=\"elementor-widget-container\">\n\t\t\t\t\t\t\t\t\t<p>Pour pouvoir r\u00e9agir et stopper la colonisation bact\u00e9rienne \u00e0 un stade pr\u00e9coce, MPI a con\u00e7u une surface usin\u00e9e lisse dans la zone sup\u00e9rieure de l\u2019implant, ce qui facilite le traitement de la zone coronaire en cas de colonisation idiopathique.<\/p>\n\t\t\t\t\t\t\t\t<\/div>\n\t\t\t\t<\/div>\n\t\t\t\t<div class=\"elementor-element elementor-element-9e3bd54 elementor-widget elementor-widget-heading\" data-id=\"9e3bd54\" data-element_type=\"widget\" data-e-type=\"widget\" data-widget_type=\"heading.default\">\n\t\t\t\t<div class=\"elementor-widget-container\">\n\t\t\t\t\t<h4 class=\"elementor-heading-title elementor-size-default\">Titane haute performance<\/h4>\t\t\t\t<\/div>\n\t\t\t\t<\/div>\n\t\t\t\t<div class=\"elementor-element elementor-element-4591520 elementor-widget elementor-widget-text-editor\" data-id=\"4591520\" data-element_type=\"widget\" data-e-type=\"widget\" data-widget_type=\"text-editor.default\">\n\t\t\t\t<div class=\"elementor-widget-container\">\n\t\t\t\t\t\t\t\t\t<p>La structure de l\u2019implant est renforc\u00e9e par du titane de grade 4 form\u00e9 \u00e0 froid et d\u2019origine allemande.<br \/>Les exigences \u00e9lev\u00e9es en mati\u00e8re de qualit\u00e9 de la mati\u00e8re premi\u00e8re augmentent la r\u00e9sistance du titane de 20 % par rapport au titane de grade 4 conventionnel.<br \/>La duret\u00e9 minimale de la mati\u00e8re premi\u00e8re de MPI est de 875 MPa.<\/p>\n\t\t\t\t\t\t\t\t<\/div>\n\t\t\t\t<\/div>\n\t\t\t\t<div class=\"elementor-element elementor-element-d11dcc5 elementor-widget elementor-widget-heading\" data-id=\"d11dcc5\" data-element_type=\"widget\" data-e-type=\"widget\" data-widget_type=\"heading.default\">\n\t\t\t\t<div class=\"elementor-widget-container\">\n\t\t\t\t\t<h4 class=\"elementor-heading-title elementor-size-default\">Conception de la monture<\/h4>\t\t\t\t<\/div>\n\t\t\t\t<\/div>\n\t\t\t\t<div class=\"elementor-element elementor-element-533ab0e elementor-widget elementor-widget-text-editor\" data-id=\"533ab0e\" data-element_type=\"widget\" data-e-type=\"widget\" data-widget_type=\"text-editor.default\">\n\t\t\t\t<div class=\"elementor-widget-container\">\n\t\t\t\t\t\t\t\t\t<p>La conception de monture innovante de la gamme d\u2019implants MPI Privilege\u00ae facilite l\u2019intervention chirurgicale pour le clinicien.<\/p>\n\t\t\t\t\t\t\t\t<\/div>\n\t\t\t\t<\/div>\n\t\t\t\t<div class=\"elementor-element elementor-element-9bb585e elementor-align-center elementor-widget__width-initial elementor-widget elementor-widget-button\" data-id=\"9bb585e\" data-element_type=\"widget\" data-e-type=\"widget\" data-widget_type=\"button.default\">\n\t\t\t\t<div class=\"elementor-widget-container\">\n\t\t\t\t\t\t\t\t\t<div class=\"elementor-button-wrapper\">\n\t\t\t\t\t<a class=\"elementor-button elementor-button-link elementor-size-sm elementor-animation-float\" href=\"https:\/\/mpimplants.com\/wp-content\/uploads\/2023\/05\/Catalogue-MPI-Privilege\u00ae-System_-Pl.pdf\" target=\"_blank\">\n\t\t\t\t\t\t<span class=\"elementor-button-content-wrapper\">\n\t\t\t\t\t\t<span class=\"elementor-button-icon\">\n\t\t\t\t<i aria-hidden=\"true\" class=\"fas fa-download\"><\/i>\t\t\t<\/span>\n\t\t\t\t\t\t\t\t\t<span class=\"elementor-button-text\">Catalogue en anglais<\/span>\n\t\t\t\t\t<\/span>\n\t\t\t\t\t<\/a>\n\t\t\t\t<\/div>\n\t\t\t\t\t\t\t\t<\/div>\n\t\t\t\t<\/div>\n\t\t\t\t\t<\/div>\n\t\t<\/div>\n\t\t\t\t\t<\/div>\n\t\t<\/section>\n\t\t\t\t\t<\/div>\n\t\t<\/div>\n\t\t\t\t\t<\/div>\n\t\t<\/section>\n\t\t\t\t<\/div>\n\t\t","protected":false},"excerpt":{"rendered":"<p>MPI Privilege\u00ae System MPI Privilege\u00ae System Conception du filetage La double entr\u00e9e des spires, leur espacement optimal, ainsi que le micro-filetage, permettent une insertion contr\u00f4l\u00e9e et continue de l\u2019implant dans tout type de qualit\u00e9 osseuse. Conception anatomique apicale La morphologie conique du tiers apical permet une insertion atraumatique des implants MPI Privilege\u00ae.Les quatre faces coupantes [&hellip;]<\/p>\n","protected":false},"author":1,"featured_media":0,"parent":3364,"menu_order":0,"comment_status":"closed","ping_status":"closed","template":"elementor_header_footer","meta":{"footnotes":""},"class_list":["post-3550","page","type-page","status-publish","hentry"],"yoast_head":"<!-- This site is optimized with the Yoast SEO plugin v27.3 - https:\/\/yoast.com\/product\/yoast-seo-wordpress\/ -->\n<title>MPI Privilege system | MPI - Medical Precision Implants<\/title>\n<meta name=\"robots\" content=\"index, follow, max-snippet:-1, max-image-preview:large, max-video-preview:-1\" \/>\n<link rel=\"canonical\" href=\"https:\/\/www.mpimplants.com\/fr\/produits\/implantes-dentales\/mpi-privilege-system\/\" \/>\n<meta property=\"og:locale\" content=\"fr_FR\" \/>\n<meta property=\"og:type\" content=\"article\" \/>\n<meta property=\"og:title\" content=\"MPI Privilege system | MPI - Medical Precision Implants\" \/>\n<meta property=\"og:description\" content=\"MPI Privilege\u00ae System MPI Privilege\u00ae System Conception du filetage La double entr\u00e9e des spires, leur espacement optimal, ainsi que le micro-filetage, permettent une insertion contr\u00f4l\u00e9e et continue de l\u2019implant dans tout type de qualit\u00e9 osseuse. Conception anatomique apicale La morphologie conique du tiers apical permet une insertion atraumatique des implants MPI Privilege\u00ae.Les quatre faces coupantes [&hellip;]\" \/>\n<meta property=\"og:url\" content=\"https:\/\/www.mpimplants.com\/fr\/produits\/implantes-dentales\/mpi-privilege-system\/\" \/>\n<meta property=\"og:site_name\" content=\"MPI - Medical Precision Implants\" \/>\n<meta property=\"article:modified_time\" content=\"2024-05-02T13:59:04+00:00\" \/>\n<meta property=\"og:image\" content=\"https:\/\/mpimplants.com\/wp-content\/uploads\/2022\/11\/mpi-privilege350x450.png\" \/>\n<meta name=\"twitter:card\" content=\"summary_large_image\" \/>\n<meta name=\"twitter:label1\" content=\"Dur\u00e9e de lecture estim\u00e9e\" \/>\n\t<meta name=\"twitter:data1\" content=\"2 minutes\" \/>\n<script type=\"application\/ld+json\" class=\"yoast-schema-graph\">{\"@context\":\"https:\\\/\\\/schema.org\",\"@graph\":[{\"@type\":\"WebPage\",\"@id\":\"https:\\\/\\\/www.mpimplants.com\\\/fr\\\/produits\\\/implantes-dentales\\\/mpi-privilege-system\\\/\",\"url\":\"https:\\\/\\\/www.mpimplants.com\\\/fr\\\/produits\\\/implantes-dentales\\\/mpi-privilege-system\\\/\",\"name\":\"MPI Privilege system | MPI - Medical Precision Implants\",\"isPartOf\":{\"@id\":\"https:\\\/\\\/mpimplants.com\\\/en\\\/#website\"},\"primaryImageOfPage\":{\"@id\":\"https:\\\/\\\/www.mpimplants.com\\\/fr\\\/produits\\\/implantes-dentales\\\/mpi-privilege-system\\\/#primaryimage\"},\"image\":{\"@id\":\"https:\\\/\\\/www.mpimplants.com\\\/fr\\\/produits\\\/implantes-dentales\\\/mpi-privilege-system\\\/#primaryimage\"},\"thumbnailUrl\":\"https:\\\/\\\/mpimplants.com\\\/wp-content\\\/uploads\\\/2022\\\/11\\\/mpi-privilege350x450.png\",\"datePublished\":\"2022-11-10T10:57:49+00:00\",\"dateModified\":\"2024-05-02T13:59:04+00:00\",\"breadcrumb\":{\"@id\":\"https:\\\/\\\/www.mpimplants.com\\\/fr\\\/produits\\\/implantes-dentales\\\/mpi-privilege-system\\\/#breadcrumb\"},\"inLanguage\":\"fr-FR\",\"potentialAction\":[{\"@type\":\"ReadAction\",\"target\":[\"https:\\\/\\\/www.mpimplants.com\\\/fr\\\/produits\\\/implantes-dentales\\\/mpi-privilege-system\\\/\"]}]},{\"@type\":\"ImageObject\",\"inLanguage\":\"fr-FR\",\"@id\":\"https:\\\/\\\/www.mpimplants.com\\\/fr\\\/produits\\\/implantes-dentales\\\/mpi-privilege-system\\\/#primaryimage\",\"url\":\"https:\\\/\\\/mpimplants.com\\\/wp-content\\\/uploads\\\/2022\\\/11\\\/mpi-privilege350x450.png\",\"contentUrl\":\"https:\\\/\\\/mpimplants.com\\\/wp-content\\\/uploads\\\/2022\\\/11\\\/mpi-privilege350x450.png\"},{\"@type\":\"BreadcrumbList\",\"@id\":\"https:\\\/\\\/www.mpimplants.com\\\/fr\\\/produits\\\/implantes-dentales\\\/mpi-privilege-system\\\/#breadcrumb\",\"itemListElement\":[{\"@type\":\"ListItem\",\"position\":1,\"name\":\"Portada\",\"item\":\"https:\\\/\\\/mpimplants.com\\\/fr\\\/\"},{\"@type\":\"ListItem\",\"position\":2,\"name\":\"Produits\",\"item\":\"https:\\\/\\\/mpimplants.com\\\/fr\\\/produits\\\/\"},{\"@type\":\"ListItem\",\"position\":3,\"name\":\"Implantes dentales\",\"item\":\"https:\\\/\\\/mpimplants.com\\\/fr\\\/produits\\\/implantes-dentales\\\/\"},{\"@type\":\"ListItem\",\"position\":4,\"name\":\"MPI Privilege system\"}]},{\"@type\":\"WebSite\",\"@id\":\"https:\\\/\\\/mpimplants.com\\\/en\\\/#website\",\"url\":\"https:\\\/\\\/mpimplants.com\\\/en\\\/\",\"name\":\"Mpi Implants\",\"description\":\"Soluciones Dentales De Futuro\",\"publisher\":{\"@id\":\"https:\\\/\\\/mpimplants.com\\\/en\\\/#organization\"},\"potentialAction\":[{\"@type\":\"SearchAction\",\"target\":{\"@type\":\"EntryPoint\",\"urlTemplate\":\"https:\\\/\\\/mpimplants.com\\\/en\\\/?s={search_term_string}\"},\"query-input\":{\"@type\":\"PropertyValueSpecification\",\"valueRequired\":true,\"valueName\":\"search_term_string\"}}],\"inLanguage\":\"fr-FR\"},{\"@type\":\"Organization\",\"@id\":\"https:\\\/\\\/mpimplants.com\\\/en\\\/#organization\",\"name\":\"Mpi Implants\",\"url\":\"https:\\\/\\\/mpimplants.com\\\/en\\\/\",\"logo\":{\"@type\":\"ImageObject\",\"inLanguage\":\"fr-FR\",\"@id\":\"https:\\\/\\\/mpimplants.com\\\/en\\\/#\\\/schema\\\/logo\\\/image\\\/\",\"url\":\"https:\\\/\\\/mpimplants.com\\\/wp-content\\\/uploads\\\/2022\\\/11\\\/Logo-Color.png\",\"contentUrl\":\"https:\\\/\\\/mpimplants.com\\\/wp-content\\\/uploads\\\/2022\\\/11\\\/Logo-Color.png\",\"width\":1230,\"height\":483,\"caption\":\"Mpi Implants\"},\"image\":{\"@id\":\"https:\\\/\\\/mpimplants.com\\\/en\\\/#\\\/schema\\\/logo\\\/image\\\/\"}}]}<\/script>\n<!-- \/ Yoast SEO plugin. -->","yoast_head_json":{"title":"MPI Privilege system | MPI - Medical Precision Implants","robots":{"index":"index","follow":"follow","max-snippet":"max-snippet:-1","max-image-preview":"max-image-preview:large","max-video-preview":"max-video-preview:-1"},"canonical":"https:\/\/www.mpimplants.com\/fr\/produits\/implantes-dentales\/mpi-privilege-system\/","og_locale":"fr_FR","og_type":"article","og_title":"MPI Privilege system | MPI - Medical Precision Implants","og_description":"MPI Privilege\u00ae System MPI Privilege\u00ae System Conception du filetage La double entr\u00e9e des spires, leur espacement optimal, ainsi que le micro-filetage, permettent une insertion contr\u00f4l\u00e9e et continue de l\u2019implant dans tout type de qualit\u00e9 osseuse. Conception anatomique apicale La morphologie conique du tiers apical permet une insertion atraumatique des implants MPI Privilege\u00ae.Les quatre faces coupantes [&hellip;]","og_url":"https:\/\/www.mpimplants.com\/fr\/produits\/implantes-dentales\/mpi-privilege-system\/","og_site_name":"MPI - Medical Precision Implants","article_modified_time":"2024-05-02T13:59:04+00:00","og_image":[{"url":"https:\/\/mpimplants.com\/wp-content\/uploads\/2022\/11\/mpi-privilege350x450.png","type":"","width":"","height":""}],"twitter_card":"summary_large_image","twitter_misc":{"Dur\u00e9e de lecture estim\u00e9e":"2 minutes"},"schema":{"@context":"https:\/\/schema.org","@graph":[{"@type":"WebPage","@id":"https:\/\/www.mpimplants.com\/fr\/produits\/implantes-dentales\/mpi-privilege-system\/","url":"https:\/\/www.mpimplants.com\/fr\/produits\/implantes-dentales\/mpi-privilege-system\/","name":"MPI Privilege system | MPI - Medical Precision Implants","isPartOf":{"@id":"https:\/\/mpimplants.com\/en\/#website"},"primaryImageOfPage":{"@id":"https:\/\/www.mpimplants.com\/fr\/produits\/implantes-dentales\/mpi-privilege-system\/#primaryimage"},"image":{"@id":"https:\/\/www.mpimplants.com\/fr\/produits\/implantes-dentales\/mpi-privilege-system\/#primaryimage"},"thumbnailUrl":"https:\/\/mpimplants.com\/wp-content\/uploads\/2022\/11\/mpi-privilege350x450.png","datePublished":"2022-11-10T10:57:49+00:00","dateModified":"2024-05-02T13:59:04+00:00","breadcrumb":{"@id":"https:\/\/www.mpimplants.com\/fr\/produits\/implantes-dentales\/mpi-privilege-system\/#breadcrumb"},"inLanguage":"fr-FR","potentialAction":[{"@type":"ReadAction","target":["https:\/\/www.mpimplants.com\/fr\/produits\/implantes-dentales\/mpi-privilege-system\/"]}]},{"@type":"ImageObject","inLanguage":"fr-FR","@id":"https:\/\/www.mpimplants.com\/fr\/produits\/implantes-dentales\/mpi-privilege-system\/#primaryimage","url":"https:\/\/mpimplants.com\/wp-content\/uploads\/2022\/11\/mpi-privilege350x450.png","contentUrl":"https:\/\/mpimplants.com\/wp-content\/uploads\/2022\/11\/mpi-privilege350x450.png"},{"@type":"BreadcrumbList","@id":"https:\/\/www.mpimplants.com\/fr\/produits\/implantes-dentales\/mpi-privilege-system\/#breadcrumb","itemListElement":[{"@type":"ListItem","position":1,"name":"Portada","item":"https:\/\/mpimplants.com\/fr\/"},{"@type":"ListItem","position":2,"name":"Produits","item":"https:\/\/mpimplants.com\/fr\/produits\/"},{"@type":"ListItem","position":3,"name":"Implantes dentales","item":"https:\/\/mpimplants.com\/fr\/produits\/implantes-dentales\/"},{"@type":"ListItem","position":4,"name":"MPI Privilege system"}]},{"@type":"WebSite","@id":"https:\/\/mpimplants.com\/en\/#website","url":"https:\/\/mpimplants.com\/en\/","name":"Mpi Implants","description":"Soluciones Dentales De Futuro","publisher":{"@id":"https:\/\/mpimplants.com\/en\/#organization"},"potentialAction":[{"@type":"SearchAction","target":{"@type":"EntryPoint","urlTemplate":"https:\/\/mpimplants.com\/en\/?s={search_term_string}"},"query-input":{"@type":"PropertyValueSpecification","valueRequired":true,"valueName":"search_term_string"}}],"inLanguage":"fr-FR"},{"@type":"Organization","@id":"https:\/\/mpimplants.com\/en\/#organization","name":"Mpi Implants","url":"https:\/\/mpimplants.com\/en\/","logo":{"@type":"ImageObject","inLanguage":"fr-FR","@id":"https:\/\/mpimplants.com\/en\/#\/schema\/logo\/image\/","url":"https:\/\/mpimplants.com\/wp-content\/uploads\/2022\/11\/Logo-Color.png","contentUrl":"https:\/\/mpimplants.com\/wp-content\/uploads\/2022\/11\/Logo-Color.png","width":1230,"height":483,"caption":"Mpi Implants"},"image":{"@id":"https:\/\/mpimplants.com\/en\/#\/schema\/logo\/image\/"}}]}},"_links":{"self":[{"href":"https:\/\/mpimplants.com\/fr\/wp-json\/wp\/v2\/pages\/3550","targetHints":{"allow":["GET"]}}],"collection":[{"href":"https:\/\/mpimplants.com\/fr\/wp-json\/wp\/v2\/pages"}],"about":[{"href":"https:\/\/mpimplants.com\/fr\/wp-json\/wp\/v2\/types\/page"}],"author":[{"embeddable":true,"href":"https:\/\/mpimplants.com\/fr\/wp-json\/wp\/v2\/users\/1"}],"replies":[{"embeddable":true,"href":"https:\/\/mpimplants.com\/fr\/wp-json\/wp\/v2\/comments?post=3550"}],"version-history":[{"count":7,"href":"https:\/\/mpimplants.com\/fr\/wp-json\/wp\/v2\/pages\/3550\/revisions"}],"predecessor-version":[{"id":5287,"href":"https:\/\/mpimplants.com\/fr\/wp-json\/wp\/v2\/pages\/3550\/revisions\/5287"}],"up":[{"embeddable":true,"href":"https:\/\/mpimplants.com\/fr\/wp-json\/wp\/v2\/pages\/3364"}],"wp:attachment":[{"href":"https:\/\/mpimplants.com\/fr\/wp-json\/wp\/v2\/media?parent=3550"}],"curies":[{"name":"wp","href":"https:\/\/api.w.org\/{rel}","templated":true}]}}