{"id":3220,"date":"2022-11-10T11:01:29","date_gmt":"2022-11-10T11:01:29","guid":{"rendered":"https:\/\/mpimplants.com\/rdi\/"},"modified":"2024-08-06T12:18:07","modified_gmt":"2024-08-06T12:18:07","slug":"rdi","status":"publish","type":"page","link":"https:\/\/mpimplants.com\/fr\/rdi\/","title":{"rendered":"R+D+i"},"content":{"rendered":"\t\t<div data-elementor-type=\"wp-page\" data-elementor-id=\"3220\" class=\"elementor elementor-3220 elementor-416\" data-elementor-post-type=\"page\">\n\t\t\t\t\t\t<section class=\"elementor-section elementor-top-section elementor-element elementor-element-c11dcf6 elementor-section-height-min-height elementor-section-items-stretch elementor-section-boxed elementor-section-height-default\" data-id=\"c11dcf6\" data-element_type=\"section\" data-e-type=\"section\" data-settings=\"{&quot;background_background&quot;:&quot;classic&quot;}\">\n\t\t\t\t\t\t\t<div class=\"elementor-background-overlay\"><\/div>\n\t\t\t\t\t\t\t<div class=\"elementor-container elementor-column-gap-default\">\n\t\t\t\t\t<div class=\"elementor-column elementor-col-50 elementor-top-column elementor-element elementor-element-315e9b5 elementor-invisible\" data-id=\"315e9b5\" data-element_type=\"column\" data-e-type=\"column\" data-settings=\"{&quot;animation&quot;:&quot;fadeInUp&quot;}\">\n\t\t\t<div class=\"elementor-widget-wrap elementor-element-populated\">\n\t\t\t\t\t\t<div class=\"elementor-element elementor-element-182b99d elementor-widget elementor-widget-heading\" data-id=\"182b99d\" data-element_type=\"widget\" data-e-type=\"widget\" data-widget_type=\"heading.default\">\n\t\t\t\t<div class=\"elementor-widget-container\">\n\t\t\t\t\t<h1 class=\"elementor-heading-title elementor-size-default\">R+D+i<\/h1>\t\t\t\t<\/div>\n\t\t\t\t<\/div>\n\t\t\t\t<div class=\"elementor-element elementor-element-154e6f9 elementor-widget elementor-widget-text-editor\" data-id=\"154e6f9\" data-element_type=\"widget\" data-e-type=\"widget\" data-widget_type=\"text-editor.default\">\n\t\t\t\t<div class=\"elementor-widget-container\">\n\t\t\t\t\t\t\t\t\t<p>Nous nous concentrons sur l&rsquo;avancement constant des techniques et technologies innovantes, en explorant de nouvelles m\u00e9thodologies chirurgicales, des mat\u00e9riaux de pointe et une conception de produits qui garantissent des r\u00e9sultats sup\u00e9rieurs et facilitent le travail du professionnel dans sa pratique quotidienne.<\/p>\t\t\t\t\t\t\t\t<\/div>\n\t\t\t\t<\/div>\n\t\t\t\t\t<\/div>\n\t\t<\/div>\n\t\t\t\t<div class=\"elementor-column elementor-col-50 elementor-top-column elementor-element elementor-element-b1ba993\" data-id=\"b1ba993\" data-element_type=\"column\" data-e-type=\"column\">\n\t\t\t<div class=\"elementor-widget-wrap\">\n\t\t\t\t\t\t\t<\/div>\n\t\t<\/div>\n\t\t\t\t\t<\/div>\n\t\t<\/section>\n\t\t\t\t<section class=\"elementor-section elementor-top-section elementor-element elementor-element-2128507 elementor-section-boxed elementor-section-height-default elementor-section-height-default\" data-id=\"2128507\" data-element_type=\"section\" data-e-type=\"section\" data-settings=\"{&quot;background_background&quot;:&quot;classic&quot;}\">\n\t\t\t\t\t\t<div class=\"elementor-container elementor-column-gap-default\">\n\t\t\t\t\t<div class=\"elementor-column elementor-col-100 elementor-top-column elementor-element elementor-element-48f8be7b\" data-id=\"48f8be7b\" data-element_type=\"column\" data-e-type=\"column\">\n\t\t\t<div class=\"elementor-widget-wrap elementor-element-populated\">\n\t\t\t\t\t\t<section class=\"elementor-section elementor-inner-section elementor-element elementor-element-10bd4ba9 elementor-section-boxed elementor-section-height-default elementor-section-height-default\" data-id=\"10bd4ba9\" data-element_type=\"section\" data-e-type=\"section\">\n\t\t\t\t\t\t<div class=\"elementor-container elementor-column-gap-default\">\n\t\t\t\t\t<div class=\"elementor-column elementor-col-100 elementor-inner-column elementor-element elementor-element-3d448100 elementor-invisible\" data-id=\"3d448100\" data-element_type=\"column\" data-e-type=\"column\" data-settings=\"{&quot;animation&quot;:&quot;fadeInRight&quot;}\">\n\t\t\t<div class=\"elementor-widget-wrap elementor-element-populated\">\n\t\t\t\t\t\t<div class=\"elementor-element elementor-element-21d160ba elementor-widget elementor-widget-heading\" data-id=\"21d160ba\" data-element_type=\"widget\" data-e-type=\"widget\" data-widget_type=\"heading.default\">\n\t\t\t\t<div class=\"elementor-widget-container\">\n\t\t\t\t\t<h2 class=\"elementor-heading-title elementor-size-default\">RECHERCHE, D\u00c9VELOPPEMENT ET INNOVATION<\/h2>\t\t\t\t<\/div>\n\t\t\t\t<\/div>\n\t\t\t\t<div class=\"elementor-element elementor-element-2b2de21a elementor-widget-divider--view-line elementor-widget elementor-widget-divider\" data-id=\"2b2de21a\" data-element_type=\"widget\" data-e-type=\"widget\" data-widget_type=\"divider.default\">\n\t\t\t\t<div class=\"elementor-widget-container\">\n\t\t\t\t\t\t\t<div class=\"elementor-divider\">\n\t\t\t<span class=\"elementor-divider-separator\">\n\t\t\t\t\t\t<\/span>\n\t\t<\/div>\n\t\t\t\t\t\t<\/div>\n\t\t\t\t<\/div>\n\t\t\t\t\t<\/div>\n\t\t<\/div>\n\t\t\t\t\t<\/div>\n\t\t<\/section>\n\t\t\t\t<section class=\"elementor-section elementor-inner-section elementor-element elementor-element-100a0b4d elementor-section-boxed elementor-section-height-default elementor-section-height-default\" data-id=\"100a0b4d\" data-element_type=\"section\" data-e-type=\"section\">\n\t\t\t\t\t\t<div class=\"elementor-container elementor-column-gap-default\">\n\t\t\t\t\t<div class=\"elementor-column elementor-col-33 elementor-inner-column elementor-element elementor-element-3768fa10 elementor-invisible\" data-id=\"3768fa10\" data-element_type=\"column\" data-e-type=\"column\" data-settings=\"{&quot;animation&quot;:&quot;fadeInLeft&quot;}\">\n\t\t\t<div class=\"elementor-widget-wrap elementor-element-populated\">\n\t\t\t\t\t\t<div class=\"elementor-element elementor-element-2aad1a2e elementor-widget elementor-widget-image\" data-id=\"2aad1a2e\" data-element_type=\"widget\" data-e-type=\"widget\" data-widget_type=\"image.default\">\n\t\t\t\t<div class=\"elementor-widget-container\">\n\t\t\t\t\t\t\t\t\t\t\t\t\t\t\t<img fetchpriority=\"high\" decoding=\"async\" width=\"559\" height=\"242\" src=\"https:\/\/mpimplants.com\/wp-content\/uploads\/2022\/12\/image005.png\" class=\"attachment-full size-full wp-image-3224\" alt=\"\" srcset=\"https:\/\/mpimplants.com\/wp-content\/uploads\/2022\/12\/image005.png 559w, https:\/\/mpimplants.com\/wp-content\/uploads\/2022\/12\/image005-300x130.png 300w\" sizes=\"(max-width: 559px) 100vw, 559px\" \/>\t\t\t\t\t\t\t\t\t\t\t\t\t\t\t<\/div>\n\t\t\t\t<\/div>\n\t\t\t\t\t<\/div>\n\t\t<\/div>\n\t\t\t\t<div class=\"elementor-column elementor-col-33 elementor-inner-column elementor-element elementor-element-2420fde9 elementor-invisible\" data-id=\"2420fde9\" data-element_type=\"column\" data-e-type=\"column\" data-settings=\"{&quot;animation&quot;:&quot;fadeInRight&quot;}\">\n\t\t\t<div class=\"elementor-widget-wrap elementor-element-populated\">\n\t\t\t\t\t\t<div class=\"elementor-element elementor-element-47fb0e30 elementor-widget elementor-widget-heading\" data-id=\"47fb0e30\" data-element_type=\"widget\" data-e-type=\"widget\" data-widget_type=\"heading.default\">\n\t\t\t\t<div class=\"elementor-widget-container\">\n\t\t\t\t\t<h2 class=\"elementor-heading-title elementor-size-default\"><a href=\"https:\/\/mpimplants.com\/fr\/rdi\/essais-et-atudes\/\">En savoir plus<\/a><\/h2>\t\t\t\t<\/div>\n\t\t\t\t<\/div>\n\t\t\t\t\t<\/div>\n\t\t<\/div>\n\t\t\t\t<div class=\"elementor-column elementor-col-33 elementor-inner-column elementor-element elementor-element-6fa88967 elementor-invisible\" data-id=\"6fa88967\" data-element_type=\"column\" data-e-type=\"column\" data-settings=\"{&quot;animation&quot;:&quot;fadeInRight&quot;}\">\n\t\t\t<div class=\"elementor-widget-wrap elementor-element-populated\">\n\t\t\t\t\t\t<div class=\"elementor-element elementor-element-50ea0c3a elementor-widget elementor-widget-heading\" data-id=\"50ea0c3a\" data-element_type=\"widget\" data-e-type=\"widget\" data-widget_type=\"heading.default\">\n\t\t\t\t<div class=\"elementor-widget-container\">\n\t\t\t\t\t<h2 class=\"elementor-heading-title elementor-size-default\">ESSAIS ET \u00c9TUDES<\/h2>\t\t\t\t<\/div>\n\t\t\t\t<\/div>\n\t\t\t\t<div class=\"elementor-element elementor-element-5366834f elementor-widget elementor-widget-text-editor\" data-id=\"5366834f\" data-element_type=\"widget\" data-e-type=\"widget\" data-widget_type=\"text-editor.default\">\n\t\t\t\t<div class=\"elementor-widget-container\">\n\t\t\t\t\t\t\t\t\t<p>Pour atteindre notre objectif de z\u00e9ro d\u00e9faut et de s\u00e9curit\u00e9 clinique maximale, MPI investit chaque ann\u00e9e 10 % de son chiffre d\u2019affaires dans la conduite de divers essais et \u00e9tudes.<\/p>\n<p>Il s\u2019agit notamment de tester de nouvelles m\u00e9thodes de traitement de surface, d\u2019\u00e9tudier des mat\u00e9riaux innovants et des am\u00e9liorations en mati\u00e8re de conception structurelle des syst\u00e8mes d\u2019implants dentaires, et de confirmer l\u2019excellence des produits existants.<\/p>\n\t\t\t\t\t\t\t\t<\/div>\n\t\t\t\t<\/div>\n\t\t\t\t\t<\/div>\n\t\t<\/div>\n\t\t\t\t\t<\/div>\n\t\t<\/section>\n\t\t\t\t<section class=\"elementor-section elementor-inner-section elementor-element elementor-element-79558ecd elementor-reverse-mobile elementor-reverse-tablet elementor-section-boxed elementor-section-height-default elementor-section-height-default\" data-id=\"79558ecd\" data-element_type=\"section\" data-e-type=\"section\">\n\t\t\t\t\t\t<div class=\"elementor-container elementor-column-gap-default\">\n\t\t\t\t\t<div class=\"elementor-column elementor-col-33 elementor-inner-column elementor-element elementor-element-42bc21a1 elementor-invisible\" data-id=\"42bc21a1\" data-element_type=\"column\" data-e-type=\"column\" data-settings=\"{&quot;animation&quot;:&quot;fadeInLeft&quot;}\">\n\t\t\t<div class=\"elementor-widget-wrap elementor-element-populated\">\n\t\t\t\t\t\t<div class=\"elementor-element elementor-element-5e86eb2e elementor-widget elementor-widget-heading\" data-id=\"5e86eb2e\" data-element_type=\"widget\" data-e-type=\"widget\" data-widget_type=\"heading.default\">\n\t\t\t\t<div class=\"elementor-widget-container\">\n\t\t\t\t\t<h2 class=\"elementor-heading-title elementor-size-default\">CAS CLINIQUES<\/h2>\t\t\t\t<\/div>\n\t\t\t\t<\/div>\n\t\t\t\t<div class=\"elementor-element elementor-element-432c19f8 elementor-widget elementor-widget-text-editor\" data-id=\"432c19f8\" data-element_type=\"widget\" data-e-type=\"widget\" data-widget_type=\"text-editor.default\">\n\t\t\t\t<div class=\"elementor-widget-container\">\n\t\t\t\t\t\t\t\t\t<p>Dans le cadre de sa politique d\u2019am\u00e9lioration continue, MPI effectue une veille exhaustive de ses produits sur le march\u00e9. Les cas cliniques pr\u00e9sent\u00e9s permettent de confirmer les r\u00e9sultats optimaux obtenus lors de diff\u00e9rentes interventions chirurgicales.<\/p>\n\t\t\t\t\t\t\t\t<\/div>\n\t\t\t\t<\/div>\n\t\t\t\t\t<\/div>\n\t\t<\/div>\n\t\t\t\t<div class=\"elementor-column elementor-col-33 elementor-inner-column elementor-element elementor-element-2d86bef elementor-invisible\" data-id=\"2d86bef\" data-element_type=\"column\" data-e-type=\"column\" data-settings=\"{&quot;animation&quot;:&quot;fadeInRight&quot;}\">\n\t\t\t<div class=\"elementor-widget-wrap elementor-element-populated\">\n\t\t\t\t\t\t<div class=\"elementor-element elementor-element-7bea1ea4 elementor-widget elementor-widget-heading\" data-id=\"7bea1ea4\" data-element_type=\"widget\" data-e-type=\"widget\" data-widget_type=\"heading.default\">\n\t\t\t\t<div class=\"elementor-widget-container\">\n\t\t\t\t\t<h2 class=\"elementor-heading-title elementor-size-default\"><a href=\"https:\/\/mpimplants.com\/fr\/rdi\/cas-cliniques\/\">En savoir plus<\/a><\/h2>\t\t\t\t<\/div>\n\t\t\t\t<\/div>\n\t\t\t\t\t<\/div>\n\t\t<\/div>\n\t\t\t\t<div class=\"elementor-column elementor-col-33 elementor-inner-column elementor-element elementor-element-51726dd elementor-invisible\" data-id=\"51726dd\" data-element_type=\"column\" data-e-type=\"column\" data-settings=\"{&quot;animation&quot;:&quot;fadeInRight&quot;}\">\n\t\t\t<div class=\"elementor-widget-wrap elementor-element-populated\">\n\t\t\t\t\t\t<div class=\"elementor-element elementor-element-211f0f64 elementor-widget elementor-widget-image\" data-id=\"211f0f64\" data-element_type=\"widget\" data-e-type=\"widget\" data-widget_type=\"image.default\">\n\t\t\t\t<div class=\"elementor-widget-container\">\n\t\t\t\t\t\t\t\t\t\t\t\t\t\t\t<img decoding=\"async\" width=\"303\" height=\"177\" src=\"https:\/\/mpimplants.com\/wp-content\/uploads\/2022\/12\/image007.png\" class=\"attachment-large size-large wp-image-3223\" alt=\"\" srcset=\"https:\/\/mpimplants.com\/wp-content\/uploads\/2022\/12\/image007.png 303w, https:\/\/mpimplants.com\/wp-content\/uploads\/2022\/12\/image007-300x175.png 300w\" sizes=\"(max-width: 303px) 100vw, 303px\" \/>\t\t\t\t\t\t\t\t\t\t\t\t\t\t\t<\/div>\n\t\t\t\t<\/div>\n\t\t\t\t\t<\/div>\n\t\t<\/div>\n\t\t\t\t\t<\/div>\n\t\t<\/section>\n\t\t\t\t\t<\/div>\n\t\t<\/div>\n\t\t\t\t\t<\/div>\n\t\t<\/section>\n\t\t\t\t<\/div>\n\t\t","protected":false},"excerpt":{"rendered":"<p>R+D+i Nous nous concentrons sur l&rsquo;avancement constant des techniques et technologies innovantes, en explorant de nouvelles m\u00e9thodologies chirurgicales, des mat\u00e9riaux de pointe et une conception de produits qui garantissent des r\u00e9sultats sup\u00e9rieurs et facilitent le travail du professionnel dans sa pratique quotidienne. RECHERCHE, D\u00c9VELOPPEMENT ET INNOVATION En savoir plus ESSAIS ET \u00c9TUDES Pour atteindre notre [&hellip;]<\/p>\n","protected":false},"author":1,"featured_media":0,"parent":0,"menu_order":0,"comment_status":"closed","ping_status":"closed","template":"elementor_header_footer","meta":{"footnotes":""},"class_list":["post-3220","page","type-page","status-publish","hentry"],"yoast_head":"<!-- This site is optimized with the Yoast SEO plugin v27.3 - https:\/\/yoast.com\/product\/yoast-seo-wordpress\/ -->\n<title>R+D+i | MPI - Medical Precision Implants<\/title>\n<meta name=\"robots\" content=\"index, follow, max-snippet:-1, max-image-preview:large, max-video-preview:-1\" \/>\n<link rel=\"canonical\" href=\"https:\/\/mpimplants.com\/fr\/rdi\/\" \/>\n<meta property=\"og:locale\" content=\"fr_FR\" \/>\n<meta property=\"og:type\" content=\"article\" \/>\n<meta property=\"og:title\" content=\"R+D+i | MPI - Medical Precision Implants\" \/>\n<meta property=\"og:description\" content=\"R+D+i Nous nous concentrons sur l&rsquo;avancement constant des techniques et technologies innovantes, en explorant de nouvelles m\u00e9thodologies chirurgicales, des mat\u00e9riaux de pointe et une conception de produits qui garantissent des r\u00e9sultats sup\u00e9rieurs et facilitent le travail du professionnel dans sa pratique quotidienne. RECHERCHE, D\u00c9VELOPPEMENT ET INNOVATION En savoir plus ESSAIS ET \u00c9TUDES Pour atteindre notre [&hellip;]\" \/>\n<meta property=\"og:url\" content=\"https:\/\/mpimplants.com\/fr\/rdi\/\" \/>\n<meta property=\"og:site_name\" content=\"MPI - Medical Precision Implants\" \/>\n<meta property=\"article:modified_time\" content=\"2024-08-06T12:18:07+00:00\" \/>\n<meta property=\"og:image\" content=\"https:\/\/mpimplants.com\/wp-content\/uploads\/2022\/12\/image005.png\" \/>\n<meta name=\"twitter:card\" content=\"summary_large_image\" \/>\n<meta name=\"twitter:label1\" content=\"Dur\u00e9e de lecture estim\u00e9e\" \/>\n\t<meta name=\"twitter:data1\" content=\"2 minutes\" \/>\n<script type=\"application\/ld+json\" class=\"yoast-schema-graph\">{\"@context\":\"https:\\\/\\\/schema.org\",\"@graph\":[{\"@type\":\"WebPage\",\"@id\":\"https:\\\/\\\/mpimplants.com\\\/fr\\\/rdi\\\/\",\"url\":\"https:\\\/\\\/mpimplants.com\\\/fr\\\/rdi\\\/\",\"name\":\"R+D+i | MPI - Medical Precision Implants\",\"isPartOf\":{\"@id\":\"https:\\\/\\\/mpimplants.com\\\/en\\\/#website\"},\"primaryImageOfPage\":{\"@id\":\"https:\\\/\\\/mpimplants.com\\\/fr\\\/rdi\\\/#primaryimage\"},\"image\":{\"@id\":\"https:\\\/\\\/mpimplants.com\\\/fr\\\/rdi\\\/#primaryimage\"},\"thumbnailUrl\":\"https:\\\/\\\/mpimplants.com\\\/wp-content\\\/uploads\\\/2022\\\/12\\\/image005.png\",\"datePublished\":\"2022-11-10T11:01:29+00:00\",\"dateModified\":\"2024-08-06T12:18:07+00:00\",\"breadcrumb\":{\"@id\":\"https:\\\/\\\/mpimplants.com\\\/fr\\\/rdi\\\/#breadcrumb\"},\"inLanguage\":\"fr-FR\",\"potentialAction\":[{\"@type\":\"ReadAction\",\"target\":[\"https:\\\/\\\/mpimplants.com\\\/fr\\\/rdi\\\/\"]}]},{\"@type\":\"ImageObject\",\"inLanguage\":\"fr-FR\",\"@id\":\"https:\\\/\\\/mpimplants.com\\\/fr\\\/rdi\\\/#primaryimage\",\"url\":\"https:\\\/\\\/mpimplants.com\\\/wp-content\\\/uploads\\\/2022\\\/12\\\/image005.png\",\"contentUrl\":\"https:\\\/\\\/mpimplants.com\\\/wp-content\\\/uploads\\\/2022\\\/12\\\/image005.png\"},{\"@type\":\"BreadcrumbList\",\"@id\":\"https:\\\/\\\/mpimplants.com\\\/fr\\\/rdi\\\/#breadcrumb\",\"itemListElement\":[{\"@type\":\"ListItem\",\"position\":1,\"name\":\"Portada\",\"item\":\"https:\\\/\\\/mpimplants.com\\\/fr\\\/\"},{\"@type\":\"ListItem\",\"position\":2,\"name\":\"R+D+i\"}]},{\"@type\":\"WebSite\",\"@id\":\"https:\\\/\\\/mpimplants.com\\\/en\\\/#website\",\"url\":\"https:\\\/\\\/mpimplants.com\\\/en\\\/\",\"name\":\"Mpi Implants\",\"description\":\"Soluciones Dentales De Futuro\",\"publisher\":{\"@id\":\"https:\\\/\\\/mpimplants.com\\\/en\\\/#organization\"},\"potentialAction\":[{\"@type\":\"SearchAction\",\"target\":{\"@type\":\"EntryPoint\",\"urlTemplate\":\"https:\\\/\\\/mpimplants.com\\\/en\\\/?s={search_term_string}\"},\"query-input\":{\"@type\":\"PropertyValueSpecification\",\"valueRequired\":true,\"valueName\":\"search_term_string\"}}],\"inLanguage\":\"fr-FR\"},{\"@type\":\"Organization\",\"@id\":\"https:\\\/\\\/mpimplants.com\\\/en\\\/#organization\",\"name\":\"Mpi Implants\",\"url\":\"https:\\\/\\\/mpimplants.com\\\/en\\\/\",\"logo\":{\"@type\":\"ImageObject\",\"inLanguage\":\"fr-FR\",\"@id\":\"https:\\\/\\\/mpimplants.com\\\/en\\\/#\\\/schema\\\/logo\\\/image\\\/\",\"url\":\"https:\\\/\\\/mpimplants.com\\\/wp-content\\\/uploads\\\/2022\\\/11\\\/Logo-Color.png\",\"contentUrl\":\"https:\\\/\\\/mpimplants.com\\\/wp-content\\\/uploads\\\/2022\\\/11\\\/Logo-Color.png\",\"width\":1230,\"height\":483,\"caption\":\"Mpi Implants\"},\"image\":{\"@id\":\"https:\\\/\\\/mpimplants.com\\\/en\\\/#\\\/schema\\\/logo\\\/image\\\/\"}}]}<\/script>\n<!-- \/ Yoast SEO plugin. -->","yoast_head_json":{"title":"R+D+i | MPI - Medical Precision Implants","robots":{"index":"index","follow":"follow","max-snippet":"max-snippet:-1","max-image-preview":"max-image-preview:large","max-video-preview":"max-video-preview:-1"},"canonical":"https:\/\/mpimplants.com\/fr\/rdi\/","og_locale":"fr_FR","og_type":"article","og_title":"R+D+i | MPI - Medical Precision Implants","og_description":"R+D+i Nous nous concentrons sur l&rsquo;avancement constant des techniques et technologies innovantes, en explorant de nouvelles m\u00e9thodologies chirurgicales, des mat\u00e9riaux de pointe et une conception de produits qui garantissent des r\u00e9sultats sup\u00e9rieurs et facilitent le travail du professionnel dans sa pratique quotidienne. RECHERCHE, D\u00c9VELOPPEMENT ET INNOVATION En savoir plus ESSAIS ET \u00c9TUDES Pour atteindre notre [&hellip;]","og_url":"https:\/\/mpimplants.com\/fr\/rdi\/","og_site_name":"MPI - Medical Precision Implants","article_modified_time":"2024-08-06T12:18:07+00:00","og_image":[{"url":"https:\/\/mpimplants.com\/wp-content\/uploads\/2022\/12\/image005.png","type":"","width":"","height":""}],"twitter_card":"summary_large_image","twitter_misc":{"Dur\u00e9e de lecture estim\u00e9e":"2 minutes"},"schema":{"@context":"https:\/\/schema.org","@graph":[{"@type":"WebPage","@id":"https:\/\/mpimplants.com\/fr\/rdi\/","url":"https:\/\/mpimplants.com\/fr\/rdi\/","name":"R+D+i | MPI - Medical Precision Implants","isPartOf":{"@id":"https:\/\/mpimplants.com\/en\/#website"},"primaryImageOfPage":{"@id":"https:\/\/mpimplants.com\/fr\/rdi\/#primaryimage"},"image":{"@id":"https:\/\/mpimplants.com\/fr\/rdi\/#primaryimage"},"thumbnailUrl":"https:\/\/mpimplants.com\/wp-content\/uploads\/2022\/12\/image005.png","datePublished":"2022-11-10T11:01:29+00:00","dateModified":"2024-08-06T12:18:07+00:00","breadcrumb":{"@id":"https:\/\/mpimplants.com\/fr\/rdi\/#breadcrumb"},"inLanguage":"fr-FR","potentialAction":[{"@type":"ReadAction","target":["https:\/\/mpimplants.com\/fr\/rdi\/"]}]},{"@type":"ImageObject","inLanguage":"fr-FR","@id":"https:\/\/mpimplants.com\/fr\/rdi\/#primaryimage","url":"https:\/\/mpimplants.com\/wp-content\/uploads\/2022\/12\/image005.png","contentUrl":"https:\/\/mpimplants.com\/wp-content\/uploads\/2022\/12\/image005.png"},{"@type":"BreadcrumbList","@id":"https:\/\/mpimplants.com\/fr\/rdi\/#breadcrumb","itemListElement":[{"@type":"ListItem","position":1,"name":"Portada","item":"https:\/\/mpimplants.com\/fr\/"},{"@type":"ListItem","position":2,"name":"R+D+i"}]},{"@type":"WebSite","@id":"https:\/\/mpimplants.com\/en\/#website","url":"https:\/\/mpimplants.com\/en\/","name":"Mpi Implants","description":"Soluciones Dentales De Futuro","publisher":{"@id":"https:\/\/mpimplants.com\/en\/#organization"},"potentialAction":[{"@type":"SearchAction","target":{"@type":"EntryPoint","urlTemplate":"https:\/\/mpimplants.com\/en\/?s={search_term_string}"},"query-input":{"@type":"PropertyValueSpecification","valueRequired":true,"valueName":"search_term_string"}}],"inLanguage":"fr-FR"},{"@type":"Organization","@id":"https:\/\/mpimplants.com\/en\/#organization","name":"Mpi Implants","url":"https:\/\/mpimplants.com\/en\/","logo":{"@type":"ImageObject","inLanguage":"fr-FR","@id":"https:\/\/mpimplants.com\/en\/#\/schema\/logo\/image\/","url":"https:\/\/mpimplants.com\/wp-content\/uploads\/2022\/11\/Logo-Color.png","contentUrl":"https:\/\/mpimplants.com\/wp-content\/uploads\/2022\/11\/Logo-Color.png","width":1230,"height":483,"caption":"Mpi Implants"},"image":{"@id":"https:\/\/mpimplants.com\/en\/#\/schema\/logo\/image\/"}}]}},"_links":{"self":[{"href":"https:\/\/mpimplants.com\/fr\/wp-json\/wp\/v2\/pages\/3220","targetHints":{"allow":["GET"]}}],"collection":[{"href":"https:\/\/mpimplants.com\/fr\/wp-json\/wp\/v2\/pages"}],"about":[{"href":"https:\/\/mpimplants.com\/fr\/wp-json\/wp\/v2\/types\/page"}],"author":[{"embeddable":true,"href":"https:\/\/mpimplants.com\/fr\/wp-json\/wp\/v2\/users\/1"}],"replies":[{"embeddable":true,"href":"https:\/\/mpimplants.com\/fr\/wp-json\/wp\/v2\/comments?post=3220"}],"version-history":[{"count":12,"href":"https:\/\/mpimplants.com\/fr\/wp-json\/wp\/v2\/pages\/3220\/revisions"}],"predecessor-version":[{"id":5715,"href":"https:\/\/mpimplants.com\/fr\/wp-json\/wp\/v2\/pages\/3220\/revisions\/5715"}],"wp:attachment":[{"href":"https:\/\/mpimplants.com\/fr\/wp-json\/wp\/v2\/media?parent=3220"}],"curies":[{"name":"wp","href":"https:\/\/api.w.org\/{rel}","templated":true}]}}