{"id":3214,"date":"2023-01-05T13:34:43","date_gmt":"2023-01-05T13:34:43","guid":{"rendered":"https:\/\/mpimplants.com\/tests-biologiques\/"},"modified":"2023-09-22T10:18:18","modified_gmt":"2023-09-22T10:18:18","slug":"tests-biologiques","status":"publish","type":"page","link":"https:\/\/mpimplants.com\/fr\/tests-biologiques\/","title":{"rendered":"Tests biologiques"},"content":{"rendered":"\t\t<div data-elementor-type=\"wp-page\" data-elementor-id=\"3214\" class=\"elementor elementor-3214 elementor-1383\" data-elementor-post-type=\"page\">\n\t\t\t\t\t\t<section class=\"elementor-section elementor-top-section elementor-element elementor-element-eea004b elementor-section-height-min-height elementor-section-items-stretch elementor-section-boxed elementor-section-height-default\" data-id=\"eea004b\" data-element_type=\"section\" data-e-type=\"section\" data-settings=\"{&quot;background_background&quot;:&quot;classic&quot;}\">\n\t\t\t\t\t\t\t<div class=\"elementor-background-overlay\"><\/div>\n\t\t\t\t\t\t\t<div class=\"elementor-container elementor-column-gap-default\">\n\t\t\t\t\t<div class=\"elementor-column elementor-col-50 elementor-top-column elementor-element elementor-element-d8b5fca elementor-invisible\" data-id=\"d8b5fca\" data-element_type=\"column\" data-e-type=\"column\" data-settings=\"{&quot;animation&quot;:&quot;fadeInUp&quot;}\">\n\t\t\t<div class=\"elementor-widget-wrap elementor-element-populated\">\n\t\t\t\t\t\t<div class=\"elementor-element elementor-element-e86fefb elementor-widget elementor-widget-heading\" data-id=\"e86fefb\" data-element_type=\"widget\" data-e-type=\"widget\" data-widget_type=\"heading.default\">\n\t\t\t\t<div class=\"elementor-widget-container\">\n\t\t\t\t\t<h1 class=\"elementor-heading-title elementor-size-default\">Tests biologiques<\/h1>\t\t\t\t<\/div>\n\t\t\t\t<\/div>\n\t\t\t\t<div class=\"elementor-element elementor-element-b2d4d90 elementor-widget elementor-widget-text-editor\" data-id=\"b2d4d90\" data-element_type=\"widget\" data-e-type=\"widget\" data-widget_type=\"text-editor.default\">\n\t\t\t\t<div class=\"elementor-widget-container\">\n\t\t\t\t\t\t\t\t\t<p>Les tests biologiques sont <b>des outils de diagnostic permettant de d\u00e9terminer l&rsquo;effet d&rsquo;agents physiques et chimiques sur les organismes test\u00e9s dans des conditions exp\u00e9rimentales sp\u00e9cifiques et contr\u00f4l\u00e9es<\/b>&#8230;..<\/p>\n\t\t\t\t\t\t\t\t<\/div>\n\t\t\t\t<\/div>\n\t\t\t\t\t<\/div>\n\t\t<\/div>\n\t\t\t\t<div class=\"elementor-column elementor-col-50 elementor-top-column elementor-element elementor-element-7acf6c4\" data-id=\"7acf6c4\" data-element_type=\"column\" data-e-type=\"column\">\n\t\t\t<div class=\"elementor-widget-wrap\">\n\t\t\t\t\t\t\t<\/div>\n\t\t<\/div>\n\t\t\t\t\t<\/div>\n\t\t<\/section>\n\t\t\t\t<section class=\"elementor-section elementor-top-section elementor-element elementor-element-bc6f773 elementor-section-boxed elementor-section-height-default elementor-section-height-default\" data-id=\"bc6f773\" data-element_type=\"section\" data-e-type=\"section\">\n\t\t\t\t\t\t<div class=\"elementor-container elementor-column-gap-default\">\n\t\t\t\t\t<div class=\"elementor-column elementor-col-100 elementor-top-column elementor-element elementor-element-15bab4c\" data-id=\"15bab4c\" data-element_type=\"column\" data-e-type=\"column\">\n\t\t\t<div class=\"elementor-widget-wrap elementor-element-populated\">\n\t\t\t\t\t\t<section class=\"elementor-section elementor-inner-section elementor-element elementor-element-d53f92b elementor-section-height-min-height elementor-section-boxed elementor-section-height-default\" data-id=\"d53f92b\" data-element_type=\"section\" data-e-type=\"section\">\n\t\t\t\t\t\t<div class=\"elementor-container elementor-column-gap-default\">\n\t\t\t\t\t<div class=\"elementor-column elementor-col-50 elementor-inner-column elementor-element elementor-element-7ccbf50 elementor-invisible\" data-id=\"7ccbf50\" data-element_type=\"column\" data-e-type=\"column\" data-settings=\"{&quot;animation&quot;:&quot;fadeInLeft&quot;,&quot;animation_delay&quot;:200,&quot;background_background&quot;:&quot;classic&quot;}\">\n\t\t\t<div class=\"elementor-widget-wrap elementor-element-populated\">\n\t\t\t\t\t<div class=\"elementor-background-overlay\"><\/div>\n\t\t\t\t\t\t<div class=\"elementor-element elementor-element-1911e76 elementor-widget elementor-widget-image\" data-id=\"1911e76\" data-element_type=\"widget\" data-e-type=\"widget\" data-widget_type=\"image.default\">\n\t\t\t\t<div class=\"elementor-widget-container\">\n\t\t\t\t\t\t\t\t\t\t\t\t\t\t\t<img decoding=\"async\" width=\"250\" height=\"150\" src=\"https:\/\/mpimplants.com\/wp-content\/uploads\/2022\/12\/dif_0.png\" class=\"attachment-full size-full wp-image-3232\" alt=\"\" \/>\t\t\t\t\t\t\t\t\t\t\t\t\t\t\t<\/div>\n\t\t\t\t<\/div>\n\t\t\t\t\t<\/div>\n\t\t<\/div>\n\t\t\t\t<div class=\"elementor-column elementor-col-50 elementor-inner-column elementor-element elementor-element-7231442 elementor-invisible\" data-id=\"7231442\" data-element_type=\"column\" data-e-type=\"column\" data-settings=\"{&quot;animation&quot;:&quot;fadeInLeft&quot;,&quot;animation_delay&quot;:100}\">\n\t\t\t<div class=\"elementor-widget-wrap elementor-element-populated\">\n\t\t\t\t\t\t<div class=\"elementor-element elementor-element-5e4fbe6 elementor-widget elementor-widget-heading\" data-id=\"5e4fbe6\" data-element_type=\"widget\" data-e-type=\"widget\" data-widget_type=\"heading.default\">\n\t\t\t\t<div class=\"elementor-widget-container\">\n\t\t\t\t\t<h3 class=\"elementor-heading-title elementor-size-default\">\u00c9tude de diff\u00e9renciation avec des cellules ost\u00e9oblastiques<\/h3>\t\t\t\t<\/div>\n\t\t\t\t<\/div>\n\t\t\t\t<div class=\"elementor-element elementor-element-47afccd elementor-widget elementor-widget-text-editor\" data-id=\"47afccd\" data-element_type=\"widget\" data-e-type=\"widget\" data-widget_type=\"text-editor.default\">\n\t\t\t\t<div class=\"elementor-widget-container\">\n\t\t\t\t\t\t\t\t\t<p>Une \u00e9tude de biocompatibilit\u00e9 des implants dentaires MPI en pr\u00e9sence de cellules ost\u00e9oblastiques humaines de l&rsquo;ost\u00e9osarcome MG-63 a \u00e9t\u00e9 r\u00e9alis\u00e9e pour d\u00e9terminer la viabilit\u00e9 cellulaire et les \u00e9tudes d&rsquo;extension et de colonisation des cellules par microscopie \u00e9lectronique \u00e0 balayage (MEB) et microscopie confocale. Les r\u00e9sultats de ces essais men\u00e9s par l&rsquo;Universit\u00e9 Complutense de Madrid d\u00e9montrent l&rsquo;efficacit\u00e9 du traitement.<\/p>\n\t\t\t\t\t\t\t\t<\/div>\n\t\t\t\t<\/div>\n\t\t\t\t<div class=\"elementor-element elementor-element-66f218f elementor-align-left elementor-widget elementor-widget-button\" data-id=\"66f218f\" data-element_type=\"widget\" data-e-type=\"widget\" data-widget_type=\"button.default\">\n\t\t\t\t<div class=\"elementor-widget-container\">\n\t\t\t\t\t\t\t\t\t<div class=\"elementor-button-wrapper\">\n\t\t\t\t\t<a class=\"elementor-button elementor-button-link elementor-size-sm elementor-animation-float\" href=\"#\">\n\t\t\t\t\t\t<span class=\"elementor-button-content-wrapper\">\n\t\t\t\t\t\t<span class=\"elementor-button-icon\">\n\t\t\t\t<i aria-hidden=\"true\" class=\"fas fa-download\"><\/i>\t\t\t<\/span>\n\t\t\t\t\t\t\t\t\t<span class=\"elementor-button-text\">t\u00e9l\u00e9charger le catalogue<\/span>\n\t\t\t\t\t<\/span>\n\t\t\t\t\t<\/a>\n\t\t\t\t<\/div>\n\t\t\t\t\t\t\t\t<\/div>\n\t\t\t\t<\/div>\n\t\t\t\t\t<\/div>\n\t\t<\/div>\n\t\t\t\t\t<\/div>\n\t\t<\/section>\n\t\t\t\t<section class=\"elementor-section elementor-inner-section elementor-element elementor-element-464c866 elementor-section-height-min-height elementor-section-boxed elementor-section-height-default\" data-id=\"464c866\" data-element_type=\"section\" data-e-type=\"section\">\n\t\t\t\t\t\t<div class=\"elementor-container elementor-column-gap-default\">\n\t\t\t\t\t<div class=\"elementor-column elementor-col-50 elementor-inner-column elementor-element elementor-element-a4912d4 elementor-invisible\" data-id=\"a4912d4\" data-element_type=\"column\" data-e-type=\"column\" data-settings=\"{&quot;animation&quot;:&quot;fadeInLeft&quot;,&quot;animation_delay&quot;:200,&quot;background_background&quot;:&quot;classic&quot;}\">\n\t\t\t<div class=\"elementor-widget-wrap elementor-element-populated\">\n\t\t\t\t\t<div class=\"elementor-background-overlay\"><\/div>\n\t\t\t\t\t\t<div class=\"elementor-element elementor-element-fa7ad43 elementor-widget elementor-widget-image\" data-id=\"fa7ad43\" data-element_type=\"widget\" data-e-type=\"widget\" data-widget_type=\"image.default\">\n\t\t\t\t<div class=\"elementor-widget-container\">\n\t\t\t\t\t\t\t\t\t\t\t\t\t\t\t<img decoding=\"async\" width=\"250\" height=\"150\" src=\"https:\/\/mpimplants.com\/wp-content\/uploads\/2022\/12\/bio.png\" class=\"attachment-full size-full wp-image-3231\" alt=\"\" \/>\t\t\t\t\t\t\t\t\t\t\t\t\t\t\t<\/div>\n\t\t\t\t<\/div>\n\t\t\t\t\t<\/div>\n\t\t<\/div>\n\t\t\t\t<div class=\"elementor-column elementor-col-50 elementor-inner-column elementor-element elementor-element-c2c09d3 elementor-invisible\" data-id=\"c2c09d3\" data-element_type=\"column\" data-e-type=\"column\" data-settings=\"{&quot;animation&quot;:&quot;fadeInLeft&quot;,&quot;animation_delay&quot;:100}\">\n\t\t\t<div class=\"elementor-widget-wrap elementor-element-populated\">\n\t\t\t\t\t\t<div class=\"elementor-element elementor-element-653b9ab elementor-widget elementor-widget-heading\" data-id=\"653b9ab\" data-element_type=\"widget\" data-e-type=\"widget\" data-widget_type=\"heading.default\">\n\t\t\t\t<div class=\"elementor-widget-container\">\n\t\t\t\t\t<h3 class=\"elementor-heading-title elementor-size-default\">\u00c9tude de biocompatibilit\u00e9 avec des cellules ost\u00e9oblastiques<\/h3>\t\t\t\t<\/div>\n\t\t\t\t<\/div>\n\t\t\t\t<div class=\"elementor-element elementor-element-a306ba0 elementor-widget elementor-widget-text-editor\" data-id=\"a306ba0\" data-element_type=\"widget\" data-e-type=\"widget\" data-widget_type=\"text-editor.default\">\n\t\t\t\t<div class=\"elementor-widget-container\">\n\t\t\t\t\t\t\t\t\t<p>Une \u00e9tude de biocompatibilit\u00e9 des implants dentaires MPI en pr\u00e9sence de cellules ost\u00e9oblastiques humaines de l&rsquo;ost\u00e9osarcome MG-63 a \u00e9t\u00e9 r\u00e9alis\u00e9e pour d\u00e9terminer la min\u00e9ralisation et l&rsquo;activit\u00e9 de la phosphatase alcaline de ces cellules sur la surface de l&rsquo;implant. Les r\u00e9sultats de ces tests r\u00e9alis\u00e9s par l&rsquo;Universit\u00e9 Complutense de Madrid d\u00e9montrent l&rsquo;efficacit\u00e9 du traitement de surface Integratec\u00ae pour l&rsquo;ost\u00e9oint\u00e9gration des implants.<\/p>\n\t\t\t\t\t\t\t\t<\/div>\n\t\t\t\t<\/div>\n\t\t\t\t<div class=\"elementor-element elementor-element-ef0ed45 elementor-align-left elementor-widget elementor-widget-button\" data-id=\"ef0ed45\" data-element_type=\"widget\" data-e-type=\"widget\" data-widget_type=\"button.default\">\n\t\t\t\t<div class=\"elementor-widget-container\">\n\t\t\t\t\t\t\t\t\t<div class=\"elementor-button-wrapper\">\n\t\t\t\t\t<a class=\"elementor-button elementor-button-link elementor-size-sm elementor-animation-float\" href=\"#\">\n\t\t\t\t\t\t<span class=\"elementor-button-content-wrapper\">\n\t\t\t\t\t\t<span class=\"elementor-button-icon\">\n\t\t\t\t<i aria-hidden=\"true\" class=\"fas fa-download\"><\/i>\t\t\t<\/span>\n\t\t\t\t\t\t\t\t\t<span class=\"elementor-button-text\">t\u00e9l\u00e9charger le catalogue<\/span>\n\t\t\t\t\t<\/span>\n\t\t\t\t\t<\/a>\n\t\t\t\t<\/div>\n\t\t\t\t\t\t\t\t<\/div>\n\t\t\t\t<\/div>\n\t\t\t\t\t<\/div>\n\t\t<\/div>\n\t\t\t\t\t<\/div>\n\t\t<\/section>\n\t\t\t\t\t<\/div>\n\t\t<\/div>\n\t\t\t\t\t<\/div>\n\t\t<\/section>\n\t\t\t\t<\/div>\n\t\t","protected":false},"excerpt":{"rendered":"<p>Tests biologiques Les tests biologiques sont des outils de diagnostic permettant de d\u00e9terminer l&rsquo;effet d&rsquo;agents physiques et chimiques sur les organismes test\u00e9s dans des conditions exp\u00e9rimentales sp\u00e9cifiques et contr\u00f4l\u00e9es&#8230;.. \u00c9tude de diff\u00e9renciation avec des cellules ost\u00e9oblastiques Une \u00e9tude de biocompatibilit\u00e9 des implants dentaires MPI en pr\u00e9sence de cellules ost\u00e9oblastiques humaines de l&rsquo;ost\u00e9osarcome MG-63 a \u00e9t\u00e9 [&hellip;]<\/p>\n","protected":false},"author":1,"featured_media":0,"parent":0,"menu_order":0,"comment_status":"closed","ping_status":"closed","template":"elementor_header_footer","meta":{"footnotes":""},"class_list":["post-3214","page","type-page","status-publish","hentry"],"yoast_head":"<!-- This site is optimized with the Yoast SEO plugin v27.3 - https:\/\/yoast.com\/product\/yoast-seo-wordpress\/ -->\n<title>Tests biologiques | MPI - Medical Precision Implants<\/title>\n<meta name=\"robots\" content=\"index, follow, max-snippet:-1, max-image-preview:large, max-video-preview:-1\" \/>\n<link rel=\"canonical\" href=\"https:\/\/mpimplants.com\/fr\/tests-biologiques\/\" \/>\n<meta property=\"og:locale\" content=\"fr_FR\" \/>\n<meta property=\"og:type\" content=\"article\" \/>\n<meta property=\"og:title\" content=\"Tests biologiques | MPI - Medical Precision Implants\" \/>\n<meta property=\"og:description\" content=\"Tests biologiques Les tests biologiques sont des outils de diagnostic permettant de d\u00e9terminer l&rsquo;effet d&rsquo;agents physiques et chimiques sur les organismes test\u00e9s dans des conditions exp\u00e9rimentales sp\u00e9cifiques et contr\u00f4l\u00e9es&#8230;.. \u00c9tude de diff\u00e9renciation avec des cellules ost\u00e9oblastiques Une \u00e9tude de biocompatibilit\u00e9 des implants dentaires MPI en pr\u00e9sence de cellules ost\u00e9oblastiques humaines de l&rsquo;ost\u00e9osarcome MG-63 a \u00e9t\u00e9 [&hellip;]\" \/>\n<meta property=\"og:url\" content=\"https:\/\/mpimplants.com\/fr\/tests-biologiques\/\" \/>\n<meta property=\"og:site_name\" content=\"MPI - Medical Precision Implants\" \/>\n<meta property=\"article:modified_time\" content=\"2023-09-22T10:18:18+00:00\" \/>\n<meta property=\"og:image\" content=\"https:\/\/mpimplants.com\/wp-content\/uploads\/2022\/12\/dif_0.png\" \/>\n<meta name=\"twitter:card\" content=\"summary_large_image\" \/>\n<meta name=\"twitter:label1\" content=\"Dur\u00e9e de lecture estim\u00e9e\" \/>\n\t<meta name=\"twitter:data1\" content=\"1 minute\" \/>\n<script type=\"application\/ld+json\" class=\"yoast-schema-graph\">{\"@context\":\"https:\\\/\\\/schema.org\",\"@graph\":[{\"@type\":\"WebPage\",\"@id\":\"https:\\\/\\\/mpimplants.com\\\/fr\\\/tests-biologiques\\\/\",\"url\":\"https:\\\/\\\/mpimplants.com\\\/fr\\\/tests-biologiques\\\/\",\"name\":\"Tests biologiques | MPI - Medical Precision Implants\",\"isPartOf\":{\"@id\":\"https:\\\/\\\/www.mpimplants.com\\\/#website\"},\"primaryImageOfPage\":{\"@id\":\"https:\\\/\\\/mpimplants.com\\\/fr\\\/tests-biologiques\\\/#primaryimage\"},\"image\":{\"@id\":\"https:\\\/\\\/mpimplants.com\\\/fr\\\/tests-biologiques\\\/#primaryimage\"},\"thumbnailUrl\":\"https:\\\/\\\/mpimplants.com\\\/wp-content\\\/uploads\\\/2022\\\/12\\\/dif_0.png\",\"datePublished\":\"2023-01-05T13:34:43+00:00\",\"dateModified\":\"2023-09-22T10:18:18+00:00\",\"breadcrumb\":{\"@id\":\"https:\\\/\\\/mpimplants.com\\\/fr\\\/tests-biologiques\\\/#breadcrumb\"},\"inLanguage\":\"fr-FR\",\"potentialAction\":[{\"@type\":\"ReadAction\",\"target\":[\"https:\\\/\\\/mpimplants.com\\\/fr\\\/tests-biologiques\\\/\"]}]},{\"@type\":\"ImageObject\",\"inLanguage\":\"fr-FR\",\"@id\":\"https:\\\/\\\/mpimplants.com\\\/fr\\\/tests-biologiques\\\/#primaryimage\",\"url\":\"https:\\\/\\\/mpimplants.com\\\/wp-content\\\/uploads\\\/2022\\\/12\\\/dif_0.png\",\"contentUrl\":\"https:\\\/\\\/mpimplants.com\\\/wp-content\\\/uploads\\\/2022\\\/12\\\/dif_0.png\"},{\"@type\":\"BreadcrumbList\",\"@id\":\"https:\\\/\\\/mpimplants.com\\\/fr\\\/tests-biologiques\\\/#breadcrumb\",\"itemListElement\":[{\"@type\":\"ListItem\",\"position\":1,\"name\":\"Portada\",\"item\":\"https:\\\/\\\/www.mpimplants.com\\\/fr\\\/\"},{\"@type\":\"ListItem\",\"position\":2,\"name\":\"Tests biologiques\"}]},{\"@type\":\"WebSite\",\"@id\":\"https:\\\/\\\/www.mpimplants.com\\\/#website\",\"url\":\"https:\\\/\\\/www.mpimplants.com\\\/\",\"name\":\"Mpi Implants\",\"description\":\"Soluciones Dentales De Futuro\",\"publisher\":{\"@id\":\"https:\\\/\\\/www.mpimplants.com\\\/#organization\"},\"potentialAction\":[{\"@type\":\"SearchAction\",\"target\":{\"@type\":\"EntryPoint\",\"urlTemplate\":\"https:\\\/\\\/www.mpimplants.com\\\/?s={search_term_string}\"},\"query-input\":{\"@type\":\"PropertyValueSpecification\",\"valueRequired\":true,\"valueName\":\"search_term_string\"}}],\"inLanguage\":\"fr-FR\"},{\"@type\":\"Organization\",\"@id\":\"https:\\\/\\\/www.mpimplants.com\\\/#organization\",\"name\":\"Mpi Implants\",\"url\":\"https:\\\/\\\/www.mpimplants.com\\\/\",\"logo\":{\"@type\":\"ImageObject\",\"inLanguage\":\"fr-FR\",\"@id\":\"https:\\\/\\\/www.mpimplants.com\\\/#\\\/schema\\\/logo\\\/image\\\/\",\"url\":\"https:\\\/\\\/mpimplants.com\\\/wp-content\\\/uploads\\\/2022\\\/11\\\/Logo-Color.png\",\"contentUrl\":\"https:\\\/\\\/mpimplants.com\\\/wp-content\\\/uploads\\\/2022\\\/11\\\/Logo-Color.png\",\"width\":1230,\"height\":483,\"caption\":\"Mpi Implants\"},\"image\":{\"@id\":\"https:\\\/\\\/www.mpimplants.com\\\/#\\\/schema\\\/logo\\\/image\\\/\"}}]}<\/script>\n<!-- \/ Yoast SEO plugin. -->","yoast_head_json":{"title":"Tests biologiques | MPI - Medical Precision Implants","robots":{"index":"index","follow":"follow","max-snippet":"max-snippet:-1","max-image-preview":"max-image-preview:large","max-video-preview":"max-video-preview:-1"},"canonical":"https:\/\/mpimplants.com\/fr\/tests-biologiques\/","og_locale":"fr_FR","og_type":"article","og_title":"Tests biologiques | MPI - Medical Precision Implants","og_description":"Tests biologiques Les tests biologiques sont des outils de diagnostic permettant de d\u00e9terminer l&rsquo;effet d&rsquo;agents physiques et chimiques sur les organismes test\u00e9s dans des conditions exp\u00e9rimentales sp\u00e9cifiques et contr\u00f4l\u00e9es&#8230;.. \u00c9tude de diff\u00e9renciation avec des cellules ost\u00e9oblastiques Une \u00e9tude de biocompatibilit\u00e9 des implants dentaires MPI en pr\u00e9sence de cellules ost\u00e9oblastiques humaines de l&rsquo;ost\u00e9osarcome MG-63 a \u00e9t\u00e9 [&hellip;]","og_url":"https:\/\/mpimplants.com\/fr\/tests-biologiques\/","og_site_name":"MPI - Medical Precision Implants","article_modified_time":"2023-09-22T10:18:18+00:00","og_image":[{"url":"https:\/\/mpimplants.com\/wp-content\/uploads\/2022\/12\/dif_0.png","type":"","width":"","height":""}],"twitter_card":"summary_large_image","twitter_misc":{"Dur\u00e9e de lecture estim\u00e9e":"1 minute"},"schema":{"@context":"https:\/\/schema.org","@graph":[{"@type":"WebPage","@id":"https:\/\/mpimplants.com\/fr\/tests-biologiques\/","url":"https:\/\/mpimplants.com\/fr\/tests-biologiques\/","name":"Tests biologiques | MPI - Medical Precision Implants","isPartOf":{"@id":"https:\/\/www.mpimplants.com\/#website"},"primaryImageOfPage":{"@id":"https:\/\/mpimplants.com\/fr\/tests-biologiques\/#primaryimage"},"image":{"@id":"https:\/\/mpimplants.com\/fr\/tests-biologiques\/#primaryimage"},"thumbnailUrl":"https:\/\/mpimplants.com\/wp-content\/uploads\/2022\/12\/dif_0.png","datePublished":"2023-01-05T13:34:43+00:00","dateModified":"2023-09-22T10:18:18+00:00","breadcrumb":{"@id":"https:\/\/mpimplants.com\/fr\/tests-biologiques\/#breadcrumb"},"inLanguage":"fr-FR","potentialAction":[{"@type":"ReadAction","target":["https:\/\/mpimplants.com\/fr\/tests-biologiques\/"]}]},{"@type":"ImageObject","inLanguage":"fr-FR","@id":"https:\/\/mpimplants.com\/fr\/tests-biologiques\/#primaryimage","url":"https:\/\/mpimplants.com\/wp-content\/uploads\/2022\/12\/dif_0.png","contentUrl":"https:\/\/mpimplants.com\/wp-content\/uploads\/2022\/12\/dif_0.png"},{"@type":"BreadcrumbList","@id":"https:\/\/mpimplants.com\/fr\/tests-biologiques\/#breadcrumb","itemListElement":[{"@type":"ListItem","position":1,"name":"Portada","item":"https:\/\/www.mpimplants.com\/fr\/"},{"@type":"ListItem","position":2,"name":"Tests biologiques"}]},{"@type":"WebSite","@id":"https:\/\/www.mpimplants.com\/#website","url":"https:\/\/www.mpimplants.com\/","name":"Mpi Implants","description":"Soluciones Dentales De Futuro","publisher":{"@id":"https:\/\/www.mpimplants.com\/#organization"},"potentialAction":[{"@type":"SearchAction","target":{"@type":"EntryPoint","urlTemplate":"https:\/\/www.mpimplants.com\/?s={search_term_string}"},"query-input":{"@type":"PropertyValueSpecification","valueRequired":true,"valueName":"search_term_string"}}],"inLanguage":"fr-FR"},{"@type":"Organization","@id":"https:\/\/www.mpimplants.com\/#organization","name":"Mpi Implants","url":"https:\/\/www.mpimplants.com\/","logo":{"@type":"ImageObject","inLanguage":"fr-FR","@id":"https:\/\/www.mpimplants.com\/#\/schema\/logo\/image\/","url":"https:\/\/mpimplants.com\/wp-content\/uploads\/2022\/11\/Logo-Color.png","contentUrl":"https:\/\/mpimplants.com\/wp-content\/uploads\/2022\/11\/Logo-Color.png","width":1230,"height":483,"caption":"Mpi Implants"},"image":{"@id":"https:\/\/www.mpimplants.com\/#\/schema\/logo\/image\/"}}]}},"_links":{"self":[{"href":"https:\/\/mpimplants.com\/fr\/wp-json\/wp\/v2\/pages\/3214","targetHints":{"allow":["GET"]}}],"collection":[{"href":"https:\/\/mpimplants.com\/fr\/wp-json\/wp\/v2\/pages"}],"about":[{"href":"https:\/\/mpimplants.com\/fr\/wp-json\/wp\/v2\/types\/page"}],"author":[{"embeddable":true,"href":"https:\/\/mpimplants.com\/fr\/wp-json\/wp\/v2\/users\/1"}],"replies":[{"embeddable":true,"href":"https:\/\/mpimplants.com\/fr\/wp-json\/wp\/v2\/comments?post=3214"}],"version-history":[{"count":1,"href":"https:\/\/mpimplants.com\/fr\/wp-json\/wp\/v2\/pages\/3214\/revisions"}],"predecessor-version":[{"id":3215,"href":"https:\/\/mpimplants.com\/fr\/wp-json\/wp\/v2\/pages\/3214\/revisions\/3215"}],"wp:attachment":[{"href":"https:\/\/mpimplants.com\/fr\/wp-json\/wp\/v2\/media?parent=3214"}],"curies":[{"name":"wp","href":"https:\/\/api.w.org\/{rel}","templated":true}]}}