{"id":5804,"date":"2024-09-25T11:03:20","date_gmt":"2024-09-25T11:03:20","guid":{"rendered":"https:\/\/mpimplants.com\/sscp\/"},"modified":"2024-09-25T11:23:25","modified_gmt":"2024-09-25T11:23:25","slug":"sscp","status":"publish","type":"page","link":"https:\/\/mpimplants.com\/de\/sscp\/","title":{"rendered":"SSCP"},"content":{"rendered":"\t\t<div data-elementor-type=\"wp-page\" data-elementor-id=\"5804\" class=\"elementor elementor-5804 elementor-5792\" data-elementor-post-type=\"page\">\n\t\t\t\t<div class=\"elementor-element elementor-element-fcde10a e-flex e-con-boxed e-con e-parent\" data-id=\"fcde10a\" data-element_type=\"container\" data-e-type=\"container\" data-settings=\"{&quot;background_background&quot;:&quot;classic&quot;}\">\n\t\t\t\t\t<div class=\"e-con-inner\">\n\t\t<div class=\"elementor-element elementor-element-9e5ecee e-con-full e-flex elementor-invisible e-con e-child\" data-id=\"9e5ecee\" data-element_type=\"container\" data-e-type=\"container\" data-settings=\"{&quot;animation&quot;:&quot;fadeInUp&quot;}\">\n\t\t\t\t<div class=\"elementor-element elementor-element-b6cc21a elementor-widget elementor-widget-heading\" data-id=\"b6cc21a\" data-element_type=\"widget\" data-e-type=\"widget\" data-widget_type=\"heading.default\">\n\t\t\t\t<div class=\"elementor-widget-container\">\n\t\t\t\t\t<h1 class=\"elementor-heading-title elementor-size-default\">SSCP<\/h1>\t\t\t\t<\/div>\n\t\t\t\t<\/div>\n\t\t\t\t<\/div>\n\t\t\t\t\t<\/div>\n\t\t\t\t<\/div>\n\t\t<div class=\"elementor-element elementor-element-d311631 e-flex e-con-boxed e-con e-parent\" data-id=\"d311631\" data-element_type=\"container\" data-e-type=\"container\" data-settings=\"{&quot;background_background&quot;:&quot;classic&quot;}\">\n\t\t\t\t\t<div class=\"e-con-inner\">\n\t\t<div class=\"elementor-element elementor-element-3040574 e-con-full e-flex e-con e-child\" data-id=\"3040574\" data-element_type=\"container\" data-e-type=\"container\">\n\t\t<div class=\"elementor-element elementor-element-08af07e e-con-full e-flex e-con e-child\" data-id=\"08af07e\" data-element_type=\"container\" data-e-type=\"container\">\n\t\t\t\t<div class=\"elementor-element elementor-element-7b68d76 elementor-widget__width-initial elementor-widget elementor-widget-image\" data-id=\"7b68d76\" data-element_type=\"widget\" data-e-type=\"widget\" data-widget_type=\"image.default\">\n\t\t\t\t<div class=\"elementor-widget-container\">\n\t\t\t\t\t\t\t\t\t\t\t\t\t\t\t<img fetchpriority=\"high\" decoding=\"async\" width=\"559\" height=\"242\" src=\"https:\/\/mpimplants.com\/wp-content\/uploads\/2022\/12\/image005.png\" class=\"attachment-full size-full wp-image-3174\" alt=\"\" srcset=\"https:\/\/mpimplants.com\/wp-content\/uploads\/2022\/12\/image005.png 559w, https:\/\/mpimplants.com\/wp-content\/uploads\/2022\/12\/image005-300x130.png 300w\" sizes=\"(max-width: 559px) 100vw, 559px\" \/>\t\t\t\t\t\t\t\t\t\t\t\t\t\t\t<\/div>\n\t\t\t\t<\/div>\n\t\t<div class=\"elementor-element elementor-element-fa02511 e-con-full e-flex elementor-invisible e-con e-child\" data-id=\"fa02511\" data-element_type=\"container\" data-e-type=\"container\" data-settings=\"{&quot;animation&quot;:&quot;fadeInRight&quot;}\">\n\t\t\t\t<div class=\"elementor-element elementor-element-f64490a elementor-widget elementor-widget-text-editor\" data-id=\"f64490a\" data-element_type=\"widget\" data-e-type=\"widget\" data-widget_type=\"text-editor.default\">\n\t\t\t\t<div class=\"elementor-widget-container\">\n\t\t\t\t\t\t\t\t\t<p>Sobald die Europ\u00e4ische Datenbank f\u00fcr Medizinprodukte online ist, werden die Berichte \u201cSummary of Safety and Clinical performance\u201d nach Basis-UDI-DI unter:<\/p>\n\t\t\t\t\t\t\t\t<\/div>\n\t\t\t\t<\/div>\n\t\t\t\t<div class=\"elementor-element elementor-element-96779a1 elementor-widget elementor-widget-heading\" data-id=\"96779a1\" data-element_type=\"widget\" data-e-type=\"widget\" data-widget_type=\"heading.default\">\n\t\t\t\t<div class=\"elementor-widget-container\">\n\t\t\t\t\t<h2 class=\"elementor-heading-title elementor-size-default\"><a href=\"https:\/\/ec.europa.eu\/tools\/eudamed\" target=\"_blank\" rel=\"nofollow\">Mehr sehen<\/a><\/h2>\t\t\t\t<\/div>\n\t\t\t\t<\/div>\n\t\t\t\t<\/div>\n\t\t\t\t<\/div>\n\t\t<div class=\"elementor-element elementor-element-6f49898 e-con-full e-flex e-con e-child\" data-id=\"6f49898\" data-element_type=\"container\" data-e-type=\"container\">\n\t\t\t\t<div class=\"elementor-element elementor-element-e5dc0fa elementor-widget__width-initial elementor-widget elementor-widget-text-editor\" data-id=\"e5dc0fa\" data-element_type=\"widget\" data-e-type=\"widget\" data-widget_type=\"text-editor.default\">\n\t\t\t\t<div class=\"elementor-widget-container\">\n\t\t\t\t\t\t\t\t\t<p>Um eine Kopie der &#8222;Zusammenfassung von Sicherheit und klinischer Leistung&#8220; f\u00fcr MPI-Dentalimplantate und zugeh\u00f6rige dentale Suprakonstruktionen anzufordern, f\u00fcllen Sie bitte dieses Formular aus und geben Sie die Basis-UDI-DI und\/oder REF-Nummer(n) an.<\/p><\/p>\n\t\t\t\t\t\t\t\t<\/div>\n\t\t\t\t<\/div>\n\t\t\t\t<div class=\"elementor-element elementor-element-45ad40c elementor-widget__width-initial elementor-button-align-stretch elementor-widget elementor-widget-form\" data-id=\"45ad40c\" data-element_type=\"widget\" data-e-type=\"widget\" data-settings=\"{&quot;step_next_label&quot;:&quot;Siguiente&quot;,&quot;step_previous_label&quot;:&quot;Anterior&quot;,&quot;button_width&quot;:&quot;100&quot;,&quot;step_type&quot;:&quot;number_text&quot;,&quot;step_icon_shape&quot;:&quot;circle&quot;}\" data-widget_type=\"form.default\">\n\t\t\t\t<div class=\"elementor-widget-container\">\n\t\t\t\t\t\t\t<form class=\"elementor-form\" method=\"post\" name=\"Nuevo formulario\" aria-label=\"Nuevo formulario\">\n\t\t\t<input type=\"hidden\" name=\"post_id\" value=\"5804\"\/>\n\t\t\t<input type=\"hidden\" name=\"form_id\" value=\"45ad40c\"\/>\n\t\t\t<input type=\"hidden\" name=\"referer_title\" value=\"SSCP | MPI - Medical Precision Implants\" \/>\n\n\t\t\t\t\t\t\t<input type=\"hidden\" name=\"queried_id\" value=\"5804\"\/>\n\t\t\t\n\t\t\t<div class=\"elementor-form-fields-wrapper elementor-labels-above\">\n\t\t\t\t\t\t\t\t<div class=\"elementor-field-type-text elementor-field-group elementor-column elementor-field-group-name elementor-col-100 elementor-field-required\">\n\t\t\t\t\t\t\t\t\t\t\t\t<label for=\"form-field-name\" class=\"elementor-field-label\">\n\t\t\t\t\t\t\t\tName*\t\t\t\t\t\t\t<\/label>\n\t\t\t\t\t\t\t\t\t\t\t\t\t\t<input size=\"1\" type=\"text\" name=\"form_fields[name]\" id=\"form-field-name\" class=\"elementor-field elementor-size-sm  elementor-field-textual\" placeholder=\"Name\" required=\"required\">\n\t\t\t\t\t\t\t\t\t\t\t<\/div>\n\t\t\t\t\t\t\t\t<div class=\"elementor-field-type-tel elementor-field-group elementor-column elementor-field-group-telefono elementor-col-100\">\n\t\t\t\t\t\t\t\t\t\t\t\t<label for=\"form-field-telefono\" class=\"elementor-field-label\">\n\t\t\t\t\t\t\t\tTelefon\t\t\t\t\t\t\t<\/label>\n\t\t\t\t\t\t\t\t<input size=\"1\" type=\"tel\" name=\"form_fields[telefono]\" id=\"form-field-telefono\" class=\"elementor-field elementor-size-sm  elementor-field-textual\" placeholder=\"Telefon\" pattern=\"[0-9()#&amp;+*-=.]+\" title=\"Nur Nummern oder Telefon-Zeichen (#, -, *, etc) werden akzeptiert.\">\n\n\t\t\t\t\t\t<\/div>\n\t\t\t\t\t\t\t\t<div class=\"elementor-field-type-email elementor-field-group elementor-column elementor-field-group-correos elementor-col-100 elementor-field-required\">\n\t\t\t\t\t\t\t\t\t\t\t\t<label for=\"form-field-correos\" class=\"elementor-field-label\">\n\t\t\t\t\t\t\t\tE-Mail Adresse*\t\t\t\t\t\t\t<\/label>\n\t\t\t\t\t\t\t\t\t\t\t\t\t\t<input size=\"1\" type=\"email\" name=\"form_fields[correos]\" id=\"form-field-correos\" class=\"elementor-field elementor-size-sm  elementor-field-textual\" placeholder=\"E-Mail Adresse\" required=\"required\">\n\t\t\t\t\t\t\t\t\t\t\t<\/div>\n\t\t\t\t\t\t\t\t<div class=\"elementor-field-type-text elementor-field-group elementor-column elementor-field-group-field_5121b3f elementor-col-100 elementor-field-required\">\n\t\t\t\t\t\t\t\t\t\t\t\t<label for=\"form-field-field_5121b3f\" class=\"elementor-field-label\">\n\t\t\t\t\t\t\t\tUDI-DI y\/o REF.*\t\t\t\t\t\t\t<\/label>\n\t\t\t\t\t\t\t\t\t\t\t\t\t\t<input size=\"1\" type=\"text\" name=\"form_fields[field_5121b3f]\" id=\"form-field-field_5121b3f\" class=\"elementor-field elementor-size-sm  elementor-field-textual\" placeholder=\"UDI-DI y\/o REF\" required=\"required\">\n\t\t\t\t\t\t\t\t\t\t\t<\/div>\n\t\t\t\t\t\t\t\t<div class=\"elementor-field-type-acceptance elementor-field-group elementor-column elementor-field-group-field_f7bdeb4 elementor-col-100 elementor-field-required\">\n\t\t\t\t\t\t\t<div class=\"elementor-field-subgroup\">\n\t\t\t<span class=\"elementor-field-option\">\n\t\t\t\t<input type=\"checkbox\" name=\"form_fields[field_f7bdeb4]\" id=\"form-field-field_f7bdeb4\" class=\"elementor-field elementor-size-sm  elementor-acceptance-field\" required=\"required\">\n\t\t\t\t<label for=\"form-field-field_f7bdeb4\">Bevor Sie Ihre Bewerbung unterschreiben\/abgeben, lesen und akzeptieren Sie bitte unsere grundlegenden Informationen zum Datenschutz, die in unserer <a href=\"https:\/\/mpimplants.com\/politica-de-privacidad\/\">Datenschutzrichtlinie<\/a> enthalten sind. <\/label>\t\t\t<\/span>\n\t\t<\/div>\n\t\t\t\t\t\t<\/div>\n\t\t\t\t\t\t\t\t<div class=\"elementor-field-type-recaptcha_v3 elementor-field-group elementor-column elementor-field-group-field_54cd3e7 elementor-col-100 recaptcha_v3-bottomright\">\n\t\t\t\t\t<div class=\"elementor-field\" id=\"form-field-field_54cd3e7\"><div class=\"elementor-g-recaptcha\" data-sitekey=\"6LcEy9IjAAAAAJDABa0RqLTNL4HMc-hSQ2rXZywz\" data-type=\"v3\" data-action=\"Form\" data-badge=\"bottomright\" data-size=\"invisible\"><\/div><\/div>\t\t\t\t<\/div>\n\t\t\t\t\t\t\t\t<div class=\"elementor-field-group elementor-column elementor-field-type-submit elementor-col-100 e-form__buttons\">\n\t\t\t\t\t<button class=\"elementor-button elementor-size-sm\" type=\"submit\">\n\t\t\t\t\t\t<span class=\"elementor-button-content-wrapper\">\n\t\t\t\t\t\t\t\t\t\t\t\t\t\t\t\t\t\t\t\t\t\t<span class=\"elementor-button-text\">Senden Sie<\/span>\n\t\t\t\t\t\t\t\t\t\t\t\t\t<\/span>\n\t\t\t\t\t<\/button>\n\t\t\t\t<\/div>\n\t\t\t<\/div>\n\t\t<\/form>\n\t\t\t\t\t\t<\/div>\n\t\t\t\t<\/div>\n\t\t\t\t<\/div>\n\t\t\t\t<\/div>\n\t\t\t\t\t<\/div>\n\t\t\t\t<\/div>\n\t\t\t\t<\/div>\n\t\t","protected":false},"excerpt":{"rendered":"<p>SSCP Sobald die Europ\u00e4ische Datenbank f\u00fcr Medizinprodukte online ist, werden die Berichte \u201cSummary of Safety and Clinical performance\u201d nach Basis-UDI-DI unter: Mehr sehen Um eine Kopie der &#8222;Zusammenfassung von Sicherheit und klinischer Leistung&#8220; f\u00fcr MPI-Dentalimplantate und zugeh\u00f6rige dentale Suprakonstruktionen anzufordern, f\u00fcllen Sie bitte dieses Formular aus und geben Sie die Basis-UDI-DI und\/oder REF-Nummer(n) an.<\/p>\n","protected":false},"author":1,"featured_media":0,"parent":0,"menu_order":0,"comment_status":"closed","ping_status":"closed","template":"","meta":{"footnotes":""},"class_list":["post-5804","page","type-page","status-publish","hentry"],"yoast_head":"<!-- This site is optimized with the Yoast SEO plugin v27.3 - https:\/\/yoast.com\/product\/yoast-seo-wordpress\/ -->\n<title>SSCP | MPI - Medical Precision Implants<\/title>\n<meta name=\"robots\" content=\"index, follow, max-snippet:-1, max-image-preview:large, max-video-preview:-1\" \/>\n<link rel=\"canonical\" href=\"https:\/\/mpimplants.com\/de\/sscp\/\" \/>\n<meta property=\"og:locale\" content=\"de_DE\" \/>\n<meta property=\"og:type\" content=\"article\" \/>\n<meta property=\"og:title\" content=\"SSCP | MPI - Medical Precision Implants\" \/>\n<meta property=\"og:description\" content=\"SSCP Sobald die Europ\u00e4ische Datenbank f\u00fcr Medizinprodukte online ist, werden die Berichte \u201cSummary of Safety and Clinical performance\u201d nach Basis-UDI-DI unter: Mehr sehen Um eine Kopie der &#8222;Zusammenfassung von Sicherheit und klinischer Leistung&#8220; f\u00fcr MPI-Dentalimplantate und zugeh\u00f6rige dentale Suprakonstruktionen anzufordern, f\u00fcllen Sie bitte dieses Formular aus und geben Sie die Basis-UDI-DI und\/oder REF-Nummer(n) an.\" \/>\n<meta property=\"og:url\" content=\"https:\/\/mpimplants.com\/de\/sscp\/\" \/>\n<meta property=\"og:site_name\" content=\"MPI - Medical Precision Implants\" \/>\n<meta property=\"article:modified_time\" content=\"2024-09-25T11:23:25+00:00\" \/>\n<meta property=\"og:image\" content=\"https:\/\/mpimplants.com\/wp-content\/uploads\/2022\/12\/image005.png\" \/>\n<meta name=\"twitter:card\" content=\"summary_large_image\" \/>\n<script type=\"application\/ld+json\" class=\"yoast-schema-graph\">{\"@context\":\"https:\\\/\\\/schema.org\",\"@graph\":[{\"@type\":\"WebPage\",\"@id\":\"https:\\\/\\\/mpimplants.com\\\/de\\\/sscp\\\/\",\"url\":\"https:\\\/\\\/mpimplants.com\\\/de\\\/sscp\\\/\",\"name\":\"SSCP | MPI - Medical Precision Implants\",\"isPartOf\":{\"@id\":\"https:\\\/\\\/mpimplants.com\\\/en\\\/#website\"},\"primaryImageOfPage\":{\"@id\":\"https:\\\/\\\/mpimplants.com\\\/de\\\/sscp\\\/#primaryimage\"},\"image\":{\"@id\":\"https:\\\/\\\/mpimplants.com\\\/de\\\/sscp\\\/#primaryimage\"},\"thumbnailUrl\":\"https:\\\/\\\/mpimplants.com\\\/wp-content\\\/uploads\\\/2022\\\/12\\\/image005.png\",\"datePublished\":\"2024-09-25T11:03:20+00:00\",\"dateModified\":\"2024-09-25T11:23:25+00:00\",\"breadcrumb\":{\"@id\":\"https:\\\/\\\/mpimplants.com\\\/de\\\/sscp\\\/#breadcrumb\"},\"inLanguage\":\"de\",\"potentialAction\":[{\"@type\":\"ReadAction\",\"target\":[\"https:\\\/\\\/mpimplants.com\\\/de\\\/sscp\\\/\"]}]},{\"@type\":\"ImageObject\",\"inLanguage\":\"de\",\"@id\":\"https:\\\/\\\/mpimplants.com\\\/de\\\/sscp\\\/#primaryimage\",\"url\":\"https:\\\/\\\/mpimplants.com\\\/wp-content\\\/uploads\\\/2022\\\/12\\\/image005.png\",\"contentUrl\":\"https:\\\/\\\/mpimplants.com\\\/wp-content\\\/uploads\\\/2022\\\/12\\\/image005.png\"},{\"@type\":\"BreadcrumbList\",\"@id\":\"https:\\\/\\\/mpimplants.com\\\/de\\\/sscp\\\/#breadcrumb\",\"itemListElement\":[{\"@type\":\"ListItem\",\"position\":1,\"name\":\"Portada\",\"item\":\"https:\\\/\\\/mpimplants.com\\\/de\\\/\"},{\"@type\":\"ListItem\",\"position\":2,\"name\":\"SSCP\"}]},{\"@type\":\"WebSite\",\"@id\":\"https:\\\/\\\/mpimplants.com\\\/en\\\/#website\",\"url\":\"https:\\\/\\\/mpimplants.com\\\/en\\\/\",\"name\":\"Mpi Implants\",\"description\":\"Soluciones Dentales De Futuro\",\"publisher\":{\"@id\":\"https:\\\/\\\/mpimplants.com\\\/en\\\/#organization\"},\"potentialAction\":[{\"@type\":\"SearchAction\",\"target\":{\"@type\":\"EntryPoint\",\"urlTemplate\":\"https:\\\/\\\/mpimplants.com\\\/en\\\/?s={search_term_string}\"},\"query-input\":{\"@type\":\"PropertyValueSpecification\",\"valueRequired\":true,\"valueName\":\"search_term_string\"}}],\"inLanguage\":\"de\"},{\"@type\":\"Organization\",\"@id\":\"https:\\\/\\\/mpimplants.com\\\/en\\\/#organization\",\"name\":\"Mpi Implants\",\"url\":\"https:\\\/\\\/mpimplants.com\\\/en\\\/\",\"logo\":{\"@type\":\"ImageObject\",\"inLanguage\":\"de\",\"@id\":\"https:\\\/\\\/mpimplants.com\\\/en\\\/#\\\/schema\\\/logo\\\/image\\\/\",\"url\":\"https:\\\/\\\/mpimplants.com\\\/wp-content\\\/uploads\\\/2022\\\/11\\\/Logo-Color.png\",\"contentUrl\":\"https:\\\/\\\/mpimplants.com\\\/wp-content\\\/uploads\\\/2022\\\/11\\\/Logo-Color.png\",\"width\":1230,\"height\":483,\"caption\":\"Mpi Implants\"},\"image\":{\"@id\":\"https:\\\/\\\/mpimplants.com\\\/en\\\/#\\\/schema\\\/logo\\\/image\\\/\"}}]}<\/script>\n<!-- \/ Yoast SEO plugin. -->","yoast_head_json":{"title":"SSCP | MPI - Medical Precision Implants","robots":{"index":"index","follow":"follow","max-snippet":"max-snippet:-1","max-image-preview":"max-image-preview:large","max-video-preview":"max-video-preview:-1"},"canonical":"https:\/\/mpimplants.com\/de\/sscp\/","og_locale":"de_DE","og_type":"article","og_title":"SSCP | MPI - Medical Precision Implants","og_description":"SSCP Sobald die Europ\u00e4ische Datenbank f\u00fcr Medizinprodukte online ist, werden die Berichte \u201cSummary of Safety and Clinical performance\u201d nach Basis-UDI-DI unter: Mehr sehen Um eine Kopie der &#8222;Zusammenfassung von Sicherheit und klinischer Leistung&#8220; f\u00fcr MPI-Dentalimplantate und zugeh\u00f6rige dentale Suprakonstruktionen anzufordern, f\u00fcllen Sie bitte dieses Formular aus und geben Sie die Basis-UDI-DI und\/oder REF-Nummer(n) an.","og_url":"https:\/\/mpimplants.com\/de\/sscp\/","og_site_name":"MPI - Medical Precision Implants","article_modified_time":"2024-09-25T11:23:25+00:00","og_image":[{"url":"https:\/\/mpimplants.com\/wp-content\/uploads\/2022\/12\/image005.png","type":"","width":"","height":""}],"twitter_card":"summary_large_image","schema":{"@context":"https:\/\/schema.org","@graph":[{"@type":"WebPage","@id":"https:\/\/mpimplants.com\/de\/sscp\/","url":"https:\/\/mpimplants.com\/de\/sscp\/","name":"SSCP | MPI - Medical Precision Implants","isPartOf":{"@id":"https:\/\/mpimplants.com\/en\/#website"},"primaryImageOfPage":{"@id":"https:\/\/mpimplants.com\/de\/sscp\/#primaryimage"},"image":{"@id":"https:\/\/mpimplants.com\/de\/sscp\/#primaryimage"},"thumbnailUrl":"https:\/\/mpimplants.com\/wp-content\/uploads\/2022\/12\/image005.png","datePublished":"2024-09-25T11:03:20+00:00","dateModified":"2024-09-25T11:23:25+00:00","breadcrumb":{"@id":"https:\/\/mpimplants.com\/de\/sscp\/#breadcrumb"},"inLanguage":"de","potentialAction":[{"@type":"ReadAction","target":["https:\/\/mpimplants.com\/de\/sscp\/"]}]},{"@type":"ImageObject","inLanguage":"de","@id":"https:\/\/mpimplants.com\/de\/sscp\/#primaryimage","url":"https:\/\/mpimplants.com\/wp-content\/uploads\/2022\/12\/image005.png","contentUrl":"https:\/\/mpimplants.com\/wp-content\/uploads\/2022\/12\/image005.png"},{"@type":"BreadcrumbList","@id":"https:\/\/mpimplants.com\/de\/sscp\/#breadcrumb","itemListElement":[{"@type":"ListItem","position":1,"name":"Portada","item":"https:\/\/mpimplants.com\/de\/"},{"@type":"ListItem","position":2,"name":"SSCP"}]},{"@type":"WebSite","@id":"https:\/\/mpimplants.com\/en\/#website","url":"https:\/\/mpimplants.com\/en\/","name":"Mpi Implants","description":"Soluciones Dentales De Futuro","publisher":{"@id":"https:\/\/mpimplants.com\/en\/#organization"},"potentialAction":[{"@type":"SearchAction","target":{"@type":"EntryPoint","urlTemplate":"https:\/\/mpimplants.com\/en\/?s={search_term_string}"},"query-input":{"@type":"PropertyValueSpecification","valueRequired":true,"valueName":"search_term_string"}}],"inLanguage":"de"},{"@type":"Organization","@id":"https:\/\/mpimplants.com\/en\/#organization","name":"Mpi Implants","url":"https:\/\/mpimplants.com\/en\/","logo":{"@type":"ImageObject","inLanguage":"de","@id":"https:\/\/mpimplants.com\/en\/#\/schema\/logo\/image\/","url":"https:\/\/mpimplants.com\/wp-content\/uploads\/2022\/11\/Logo-Color.png","contentUrl":"https:\/\/mpimplants.com\/wp-content\/uploads\/2022\/11\/Logo-Color.png","width":1230,"height":483,"caption":"Mpi Implants"},"image":{"@id":"https:\/\/mpimplants.com\/en\/#\/schema\/logo\/image\/"}}]}},"_links":{"self":[{"href":"https:\/\/mpimplants.com\/de\/wp-json\/wp\/v2\/pages\/5804","targetHints":{"allow":["GET"]}}],"collection":[{"href":"https:\/\/mpimplants.com\/de\/wp-json\/wp\/v2\/pages"}],"about":[{"href":"https:\/\/mpimplants.com\/de\/wp-json\/wp\/v2\/types\/page"}],"author":[{"embeddable":true,"href":"https:\/\/mpimplants.com\/de\/wp-json\/wp\/v2\/users\/1"}],"replies":[{"embeddable":true,"href":"https:\/\/mpimplants.com\/de\/wp-json\/wp\/v2\/comments?post=5804"}],"version-history":[{"count":1,"href":"https:\/\/mpimplants.com\/de\/wp-json\/wp\/v2\/pages\/5804\/revisions"}],"predecessor-version":[{"id":5805,"href":"https:\/\/mpimplants.com\/de\/wp-json\/wp\/v2\/pages\/5804\/revisions\/5805"}],"wp:attachment":[{"href":"https:\/\/mpimplants.com\/de\/wp-json\/wp\/v2\/media?parent=5804"}],"curies":[{"name":"wp","href":"https:\/\/api.w.org\/{rel}","templated":true}]}}