{"id":3567,"date":"2023-10-06T09:58:59","date_gmt":"2023-10-06T09:58:59","guid":{"rendered":"https:\/\/mpimplants.com\/?page_id=3567"},"modified":"2024-04-22T08:30:33","modified_gmt":"2024-04-22T08:30:33","slug":"mpi-all-insystem-2","status":"publish","type":"page","link":"https:\/\/mpimplants.com\/de\/produkte\/zahnimplantate\/mpi-all-insystem-2\/","title":{"rendered":"MPI Orthodontics\u00ae System."},"content":{"rendered":"\t\t<div data-elementor-type=\"wp-page\" data-elementor-id=\"3567\" class=\"elementor elementor-3567 elementor-3566\" data-elementor-post-type=\"page\">\n\t\t\t\t\t\t<section class=\"elementor-section elementor-top-section elementor-element elementor-element-460e077 elementor-section-height-min-height elementor-section-items-stretch elementor-section-boxed elementor-section-height-default\" data-id=\"460e077\" data-element_type=\"section\" data-e-type=\"section\" data-settings=\"{&quot;background_background&quot;:&quot;classic&quot;}\">\n\t\t\t\t\t\t\t<div class=\"elementor-background-overlay\"><\/div>\n\t\t\t\t\t\t\t<div class=\"elementor-container elementor-column-gap-default\">\n\t\t\t\t\t<div class=\"elementor-column elementor-col-50 elementor-top-column elementor-element elementor-element-26a4c49 elementor-invisible\" data-id=\"26a4c49\" data-element_type=\"column\" data-e-type=\"column\" data-settings=\"{&quot;animation&quot;:&quot;fadeInUp&quot;}\">\n\t\t\t<div class=\"elementor-widget-wrap elementor-element-populated\">\n\t\t\t\t\t\t<div class=\"elementor-element elementor-element-a846559 elementor-widget elementor-widget-heading\" data-id=\"a846559\" data-element_type=\"widget\" data-e-type=\"widget\" data-widget_type=\"heading.default\">\n\t\t\t\t<div class=\"elementor-widget-container\">\n\t\t\t\t\t<h1 class=\"elementor-heading-title elementor-size-default\">MPI Orthodontics<sup>\u00ae<\/sup> \nSystem.\n\n<\/h1>\t\t\t\t<\/div>\n\t\t\t\t<\/div>\n\t\t\t\t\t<\/div>\n\t\t<\/div>\n\t\t\t\t<div class=\"elementor-column elementor-col-50 elementor-top-column elementor-element elementor-element-f101c2f\" data-id=\"f101c2f\" data-element_type=\"column\" data-e-type=\"column\">\n\t\t\t<div class=\"elementor-widget-wrap\">\n\t\t\t\t\t\t\t<\/div>\n\t\t<\/div>\n\t\t\t\t\t<\/div>\n\t\t<\/section>\n\t\t<div class=\"elementor-element elementor-element-d12a976 e-flex e-con-boxed e-con e-parent\" data-id=\"d12a976\" data-element_type=\"container\" data-e-type=\"container\">\n\t\t\t\t\t<div class=\"e-con-inner\">\n\t\t<div class=\"elementor-element elementor-element-1343402 e-con-full e-flex e-con e-child\" data-id=\"1343402\" data-element_type=\"container\" data-e-type=\"container\" data-settings=\"{&quot;background_background&quot;:&quot;classic&quot;}\">\n\t\t<div class=\"elementor-element elementor-element-7c2850a e-con-full e-flex e-con e-child\" data-id=\"7c2850a\" data-element_type=\"container\" data-e-type=\"container\">\n\t\t\t\t<div class=\"elementor-element elementor-element-66026a4 elementor-widget elementor-widget-image\" data-id=\"66026a4\" data-element_type=\"widget\" data-e-type=\"widget\" data-widget_type=\"image.default\">\n\t\t\t\t<div class=\"elementor-widget-container\">\n\t\t\t\t\t\t\t\t\t\t\t\t\t\t\t\t<a href=\"#\">\n\t\t\t\t\t\t\t<img decoding=\"async\" src=\"https:\/\/mpimplants.com\/wp-content\/uploads\/2023\/10\/implantes.png\" title=\"\" alt=\"\" loading=\"lazy\" \/>\t\t\t\t\t\t\t\t<\/a>\n\t\t\t\t\t\t\t\t\t\t\t\t\t\t\t<\/div>\n\t\t\t\t<\/div>\n\t\t<div class=\"elementor-element elementor-element-68a1dee e-con-full e-flex e-con e-child\" data-id=\"68a1dee\" data-element_type=\"container\" data-e-type=\"container\">\n\t\t\t\t<div class=\"elementor-element elementor-element-48d1e08 elementor-widget elementor-widget-heading\" data-id=\"48d1e08\" data-element_type=\"widget\" data-e-type=\"widget\" data-widget_type=\"heading.default\">\n\t\t\t\t<div class=\"elementor-widget-container\">\n\t\t\t\t\t<h3 class=\"elementor-heading-title elementor-size-default\">MPI Orthodontics<sup>\u00ae<\/sup> System<\/h3>\t\t\t\t<\/div>\n\t\t\t\t<\/div>\n\t\t\t\t<\/div>\n\t\t\t\t<\/div>\n\t\t\t\t<div class=\"elementor-element elementor-element-d2f36f4 elementor-widget elementor-widget-image\" data-id=\"d2f36f4\" data-element_type=\"widget\" data-e-type=\"widget\" data-widget_type=\"image.default\">\n\t\t\t\t<div class=\"elementor-widget-container\">\n\t\t\t\t\t\t\t\t\t\t\t\t\t\t\t<img decoding=\"async\" src=\"https:\/\/mpimplants.com\/wp-content\/uploads\/elementor\/thumbs\/banner-privilege_0-qcl8vm4ooo80y4folnov1btd4tkwtowem6nftya28i.png\" title=\"banner-privilege_0\" alt=\"banner-privilege_0\" loading=\"lazy\" \/>\t\t\t\t\t\t\t\t\t\t\t\t\t\t\t<\/div>\n\t\t\t\t<\/div>\n\t\t<div class=\"elementor-element elementor-element-eb1994f e-con-full e-flex e-con e-child\" data-id=\"eb1994f\" data-element_type=\"container\" data-e-type=\"container\" data-settings=\"{&quot;background_background&quot;:&quot;gradient&quot;}\">\n\t\t<div class=\"elementor-element elementor-element-474b88f e-con-full e-flex e-con e-child\" data-id=\"474b88f\" data-element_type=\"container\" data-e-type=\"container\">\n\t\t\t\t<div class=\"elementor-element elementor-element-234c3d1 elementor-widget elementor-widget-heading\" data-id=\"234c3d1\" data-element_type=\"widget\" data-e-type=\"widget\" data-widget_type=\"heading.default\">\n\t\t\t\t<div class=\"elementor-widget-container\">\n\t\t\t\t\t<h4 class=\"elementor-heading-title elementor-size-default\">Koronales Mini-Implantat Disjunktion Koronales Design<\/h4>\t\t\t\t<\/div>\n\t\t\t\t<\/div>\n\t\t\t\t<div class=\"elementor-element elementor-element-1bf962f elementor-widget elementor-widget-text-editor\" data-id=\"1bf962f\" data-element_type=\"widget\" data-e-type=\"widget\" data-widget_type=\"text-editor.default\">\n\t\t\t\t<div class=\"elementor-widget-container\">\n\t\t\t\t\t\t\t\t\t<p>Der sechseckige Kopf verhindert eine Reizung der Weichteile im Mund. <br \/>Gewindeloser Schleimhautkragen f\u00fcr optimale Anpassung an die Gingiva.<br \/>Der Hals wurde f\u00fcr eine optimale Anpassung an das Zahnfleisch entwickelt.<\/p>\n\t\t\t\t\t\t\t\t<\/div>\n\t\t\t\t<\/div>\n\t\t\t\t<div class=\"elementor-element elementor-element-62c252b elementor-widget elementor-widget-heading\" data-id=\"62c252b\" data-element_type=\"widget\" data-e-type=\"widget\" data-widget_type=\"heading.default\">\n\t\t\t\t<div class=\"elementor-widget-container\">\n\t\t\t\t\t<h4 class=\"elementor-heading-title elementor-size-default\">Thread-Design<\/h4>\t\t\t\t<\/div>\n\t\t\t\t<\/div>\n\t\t\t\t<div class=\"elementor-element elementor-element-feb5c10 elementor-widget elementor-widget-text-editor\" data-id=\"feb5c10\" data-element_type=\"widget\" data-e-type=\"widget\" data-widget_type=\"text-editor.default\">\n\t\t\t\t<div class=\"elementor-widget-container\">\n\t\t\t\t\t\t\t\t\t<p>Das Design der Coils verbessert die Zugfestigkeit und garantiert eine hervorragende Prim\u00e4rstabilit\u00e4t; es ist ohne Einheilphase sofort belastbar und f\u00f6rdert die Qualit\u00e4t der Verankerung.<\/p>\n\t\t\t\t\t\t\t\t<\/div>\n\t\t\t\t<\/div>\n\t\t\t\t<div class=\"elementor-element elementor-element-c178d6b elementor-widget elementor-widget-heading\" data-id=\"c178d6b\" data-element_type=\"widget\" data-e-type=\"widget\" data-widget_type=\"heading.default\">\n\t\t\t\t<div class=\"elementor-widget-container\">\n\t\t\t\t\t<h4 class=\"elementor-heading-title elementor-size-default\">Apikales Design<\/h4>\t\t\t\t<\/div>\n\t\t\t\t<\/div>\n\t\t\t\t<div class=\"elementor-element elementor-element-7cfa4c8 elementor-widget elementor-widget-text-editor\" data-id=\"7cfa4c8\" data-element_type=\"widget\" data-e-type=\"widget\" data-widget_type=\"text-editor.default\">\n\t\t\t\t<div class=\"elementor-widget-container\">\n\t\t\t\t\t\t\t\t\t<p>Die selbstbohrende und selbstschneidende Spitze erm\u00f6glicht ein einfaches Einsetzen und macht ein Vorbohren \u00fcberfl\u00fcssig.<\/p>\n<p><strong>Mini-Implantat-Kieferorthop\u00e4die im koronalen Design:<\/strong><br \/>Sechseckige Geometrie mit Rillen, die das Einsetzen von Zahndr\u00e4hten und deren Fixierung mit Metall-Ligaturen erm\u00f6glichen. <br \/>Loch mit 1 mm Durchmesser zur Verwendung mit verschiedenen kieferorthop\u00e4dischen Elementen wie elastischem Draht, R\u00fcckenligaturen usw.<\/p>\n\t\t\t\t\t\t\t\t<\/div>\n\t\t\t\t<\/div>\n\t\t\t\t<div class=\"elementor-element elementor-element-b1713a1 elementor-widget elementor-widget-heading\" data-id=\"b1713a1\" data-element_type=\"widget\" data-e-type=\"widget\" data-widget_type=\"heading.default\">\n\t\t\t\t<div class=\"elementor-widget-container\">\n\t\t\t\t\t<h4 class=\"elementor-heading-title elementor-size-default\">Polierte Oberfl\u00e4che<\/h4>\t\t\t\t<\/div>\n\t\t\t\t<\/div>\n\t\t\t\t<div class=\"elementor-element elementor-element-93a590b elementor-widget elementor-widget-text-editor\" data-id=\"93a590b\" data-element_type=\"widget\" data-e-type=\"widget\" data-widget_type=\"text-editor.default\">\n\t\t\t\t<div class=\"elementor-widget-container\">\n\t\t\t\t\t\t\t\t\t<p>Oberfl\u00e4chenpolierte MPI-Mini-Implantate sind nicht osseointegriert, was ihre Entfernung nach der Behandlung beg\u00fcnstigt.<\/p>\n\t\t\t\t\t\t\t\t<\/div>\n\t\t\t\t<\/div>\n\t\t\t\t<div class=\"elementor-element elementor-element-a5be0d0 elementor-widget elementor-widget-heading\" data-id=\"a5be0d0\" data-element_type=\"widget\" data-e-type=\"widget\" data-widget_type=\"heading.default\">\n\t\t\t\t<div class=\"elementor-widget-container\">\n\t\t\t\t\t<h4 class=\"elementor-heading-title elementor-size-default\">Hochleistungstitan<\/h4>\t\t\t\t<\/div>\n\t\t\t\t<\/div>\n\t\t\t\t<div class=\"elementor-element elementor-element-7e9d949 elementor-widget elementor-widget-text-editor\" data-id=\"7e9d949\" data-element_type=\"widget\" data-e-type=\"widget\" data-widget_type=\"text-editor.default\">\n\t\t\t\t<div class=\"elementor-widget-container\">\n\t\t\t\t\t\t\t\t\t<p>Die Struktur der Mini-Implantate wird durch die Verwendung von kaltgeformtem Titan Grad IV deutschen Ursprungs verst\u00e4rkt. <br \/>Die vom MPI festgelegten Qualit\u00e4tsanforderungen erh\u00f6hen die Festigkeit des Materials um 20 % gegen\u00fcber herk\u00f6mmlichem Titan Grad IV und sorgen so f\u00fcr eine h\u00f6here Zugfestigkeit und Belastbarkeit.<\/p>\n\t\t\t\t\t\t\t\t<\/div>\n\t\t\t\t<\/div>\n\t\t<div class=\"elementor-element elementor-element-a33c3c0 e-flex e-con-boxed e-con e-child\" data-id=\"a33c3c0\" data-element_type=\"container\" data-e-type=\"container\">\n\t\t\t\t\t<div class=\"e-con-inner\">\n\t\t\t\t<div class=\"elementor-element elementor-element-db0c660 elementor-align-left elementor-widget__width-initial elementor-widget elementor-widget-button\" data-id=\"db0c660\" data-element_type=\"widget\" data-e-type=\"widget\" data-widget_type=\"button.default\">\n\t\t\t\t<div class=\"elementor-widget-container\">\n\t\t\t\t\t\t\t\t\t<div class=\"elementor-button-wrapper\">\n\t\t\t\t\t<a class=\"elementor-button elementor-button-link elementor-size-sm elementor-animation-float\" href=\"https:\/\/mpimplants.com\/wp-content\/uploads\/2024\/04\/MPI-Orthodontics\u00ae-Systems.pdf\" target=\"_blank\">\n\t\t\t\t\t\t<span class=\"elementor-button-content-wrapper\">\n\t\t\t\t\t\t<span class=\"elementor-button-icon\">\n\t\t\t\t<i aria-hidden=\"true\" class=\"fas fa-download\"><\/i>\t\t\t<\/span>\n\t\t\t\t\t\t\t\t\t<span class=\"elementor-button-text\">Katalog auf Spanisch<\/span>\n\t\t\t\t\t<\/span>\n\t\t\t\t\t<\/a>\n\t\t\t\t<\/div>\n\t\t\t\t\t\t\t\t<\/div>\n\t\t\t\t<\/div>\n\t\t\t\t\t<\/div>\n\t\t\t\t<\/div>\n\t\t\t\t<\/div>\n\t\t\t\t<\/div>\n\t\t\t\t<\/div>\n\t\t\t\t\t<\/div>\n\t\t\t\t<\/div>\n\t\t\t\t<\/div>\n\t\t","protected":false},"excerpt":{"rendered":"<p>MPI Orthodontics\u00ae System. MPI Orthodontics\u00ae System Koronales Mini-Implantat Disjunktion Koronales Design Der sechseckige Kopf verhindert eine Reizung der Weichteile im Mund. Gewindeloser Schleimhautkragen f\u00fcr optimale Anpassung an die Gingiva.Der Hals wurde f\u00fcr eine optimale Anpassung an das Zahnfleisch entwickelt. Thread-Design Das Design der Coils verbessert die Zugfestigkeit und garantiert eine hervorragende Prim\u00e4rstabilit\u00e4t; es ist ohne [&hellip;]<\/p>\n","protected":false},"author":1,"featured_media":0,"parent":3072,"menu_order":0,"comment_status":"closed","ping_status":"closed","template":"elementor_header_footer","meta":{"footnotes":""},"class_list":["post-3567","page","type-page","status-publish","hentry"],"yoast_head":"<!-- This site is optimized with the Yoast SEO plugin v27.3 - https:\/\/yoast.com\/product\/yoast-seo-wordpress\/ -->\n<title>MPI Orthodontics\u00ae System. | MPI - Medical Precision Implants<\/title>\n<meta name=\"robots\" content=\"index, follow, max-snippet:-1, max-image-preview:large, max-video-preview:-1\" \/>\n<link rel=\"canonical\" href=\"https:\/\/mpimplants.com\/de\/produkte\/zahnimplantate\/mpi-all-insystem-2\/\" \/>\n<meta property=\"og:locale\" content=\"de_DE\" \/>\n<meta property=\"og:type\" content=\"article\" \/>\n<meta property=\"og:title\" content=\"MPI Orthodontics\u00ae System. | MPI - Medical Precision Implants\" \/>\n<meta property=\"og:description\" content=\"MPI Orthodontics\u00ae System. MPI Orthodontics\u00ae System Koronales Mini-Implantat Disjunktion Koronales Design Der sechseckige Kopf verhindert eine Reizung der Weichteile im Mund. Gewindeloser Schleimhautkragen f\u00fcr optimale Anpassung an die Gingiva.Der Hals wurde f\u00fcr eine optimale Anpassung an das Zahnfleisch entwickelt. Thread-Design Das Design der Coils verbessert die Zugfestigkeit und garantiert eine hervorragende Prim\u00e4rstabilit\u00e4t; es ist ohne [&hellip;]\" \/>\n<meta property=\"og:url\" content=\"https:\/\/mpimplants.com\/de\/produkte\/zahnimplantate\/mpi-all-insystem-2\/\" \/>\n<meta property=\"og:site_name\" content=\"MPI - Medical Precision Implants\" \/>\n<meta property=\"article:modified_time\" content=\"2024-04-22T08:30:33+00:00\" \/>\n<meta property=\"og:image\" content=\"https:\/\/mpimplants.com\/wp-content\/uploads\/2023\/10\/implantes-233x300.png\" \/>\n<meta name=\"twitter:card\" content=\"summary_large_image\" \/>\n<meta name=\"twitter:label1\" content=\"Gesch\u00e4tzte Lesezeit\" \/>\n\t<meta name=\"twitter:data1\" content=\"2\u00a0Minuten\" \/>\n<script type=\"application\/ld+json\" class=\"yoast-schema-graph\">{\"@context\":\"https:\\\/\\\/schema.org\",\"@graph\":[{\"@type\":\"WebPage\",\"@id\":\"https:\\\/\\\/mpimplants.com\\\/de\\\/produkte\\\/zahnimplantate\\\/mpi-all-insystem-2\\\/\",\"url\":\"https:\\\/\\\/mpimplants.com\\\/de\\\/produkte\\\/zahnimplantate\\\/mpi-all-insystem-2\\\/\",\"name\":\"MPI Orthodontics\u00ae System. | MPI - Medical Precision Implants\",\"isPartOf\":{\"@id\":\"https:\\\/\\\/mpimplants.com\\\/en\\\/#website\"},\"primaryImageOfPage\":{\"@id\":\"https:\\\/\\\/mpimplants.com\\\/de\\\/produkte\\\/zahnimplantate\\\/mpi-all-insystem-2\\\/#primaryimage\"},\"image\":{\"@id\":\"https:\\\/\\\/mpimplants.com\\\/de\\\/produkte\\\/zahnimplantate\\\/mpi-all-insystem-2\\\/#primaryimage\"},\"thumbnailUrl\":\"https:\\\/\\\/mpimplants.com\\\/wp-content\\\/uploads\\\/2023\\\/10\\\/implantes-233x300.png\",\"datePublished\":\"2023-10-06T09:58:59+00:00\",\"dateModified\":\"2024-04-22T08:30:33+00:00\",\"breadcrumb\":{\"@id\":\"https:\\\/\\\/mpimplants.com\\\/de\\\/produkte\\\/zahnimplantate\\\/mpi-all-insystem-2\\\/#breadcrumb\"},\"inLanguage\":\"de\",\"potentialAction\":[{\"@type\":\"ReadAction\",\"target\":[\"https:\\\/\\\/mpimplants.com\\\/de\\\/produkte\\\/zahnimplantate\\\/mpi-all-insystem-2\\\/\"]}]},{\"@type\":\"ImageObject\",\"inLanguage\":\"de\",\"@id\":\"https:\\\/\\\/mpimplants.com\\\/de\\\/produkte\\\/zahnimplantate\\\/mpi-all-insystem-2\\\/#primaryimage\",\"url\":\"https:\\\/\\\/mpimplants.com\\\/wp-content\\\/uploads\\\/2023\\\/10\\\/implantes-233x300.png\",\"contentUrl\":\"https:\\\/\\\/mpimplants.com\\\/wp-content\\\/uploads\\\/2023\\\/10\\\/implantes-233x300.png\"},{\"@type\":\"BreadcrumbList\",\"@id\":\"https:\\\/\\\/mpimplants.com\\\/de\\\/produkte\\\/zahnimplantate\\\/mpi-all-insystem-2\\\/#breadcrumb\",\"itemListElement\":[{\"@type\":\"ListItem\",\"position\":1,\"name\":\"Portada\",\"item\":\"https:\\\/\\\/mpimplants.com\\\/de\\\/\"},{\"@type\":\"ListItem\",\"position\":2,\"name\":\"Produkte\",\"item\":\"https:\\\/\\\/mpimplants.com\\\/de\\\/produkte\\\/\"},{\"@type\":\"ListItem\",\"position\":3,\"name\":\"Zahnimplantate\",\"item\":\"https:\\\/\\\/mpimplants.com\\\/de\\\/produkte\\\/zahnimplantate\\\/\"},{\"@type\":\"ListItem\",\"position\":4,\"name\":\"MPI Orthodontics\u00ae System.\"}]},{\"@type\":\"WebSite\",\"@id\":\"https:\\\/\\\/mpimplants.com\\\/en\\\/#website\",\"url\":\"https:\\\/\\\/mpimplants.com\\\/en\\\/\",\"name\":\"Mpi Implants\",\"description\":\"Soluciones Dentales De Futuro\",\"publisher\":{\"@id\":\"https:\\\/\\\/mpimplants.com\\\/en\\\/#organization\"},\"potentialAction\":[{\"@type\":\"SearchAction\",\"target\":{\"@type\":\"EntryPoint\",\"urlTemplate\":\"https:\\\/\\\/mpimplants.com\\\/en\\\/?s={search_term_string}\"},\"query-input\":{\"@type\":\"PropertyValueSpecification\",\"valueRequired\":true,\"valueName\":\"search_term_string\"}}],\"inLanguage\":\"de\"},{\"@type\":\"Organization\",\"@id\":\"https:\\\/\\\/mpimplants.com\\\/en\\\/#organization\",\"name\":\"Mpi Implants\",\"url\":\"https:\\\/\\\/mpimplants.com\\\/en\\\/\",\"logo\":{\"@type\":\"ImageObject\",\"inLanguage\":\"de\",\"@id\":\"https:\\\/\\\/mpimplants.com\\\/en\\\/#\\\/schema\\\/logo\\\/image\\\/\",\"url\":\"https:\\\/\\\/mpimplants.com\\\/wp-content\\\/uploads\\\/2022\\\/11\\\/Logo-Color.png\",\"contentUrl\":\"https:\\\/\\\/mpimplants.com\\\/wp-content\\\/uploads\\\/2022\\\/11\\\/Logo-Color.png\",\"width\":1230,\"height\":483,\"caption\":\"Mpi Implants\"},\"image\":{\"@id\":\"https:\\\/\\\/mpimplants.com\\\/en\\\/#\\\/schema\\\/logo\\\/image\\\/\"}}]}<\/script>\n<!-- \/ Yoast SEO plugin. -->","yoast_head_json":{"title":"MPI Orthodontics\u00ae System. | MPI - Medical Precision Implants","robots":{"index":"index","follow":"follow","max-snippet":"max-snippet:-1","max-image-preview":"max-image-preview:large","max-video-preview":"max-video-preview:-1"},"canonical":"https:\/\/mpimplants.com\/de\/produkte\/zahnimplantate\/mpi-all-insystem-2\/","og_locale":"de_DE","og_type":"article","og_title":"MPI Orthodontics\u00ae System. | MPI - Medical Precision Implants","og_description":"MPI Orthodontics\u00ae System. MPI Orthodontics\u00ae System Koronales Mini-Implantat Disjunktion Koronales Design Der sechseckige Kopf verhindert eine Reizung der Weichteile im Mund. Gewindeloser Schleimhautkragen f\u00fcr optimale Anpassung an die Gingiva.Der Hals wurde f\u00fcr eine optimale Anpassung an das Zahnfleisch entwickelt. Thread-Design Das Design der Coils verbessert die Zugfestigkeit und garantiert eine hervorragende Prim\u00e4rstabilit\u00e4t; es ist ohne [&hellip;]","og_url":"https:\/\/mpimplants.com\/de\/produkte\/zahnimplantate\/mpi-all-insystem-2\/","og_site_name":"MPI - Medical Precision Implants","article_modified_time":"2024-04-22T08:30:33+00:00","og_image":[{"url":"https:\/\/mpimplants.com\/wp-content\/uploads\/2023\/10\/implantes-233x300.png","type":"","width":"","height":""}],"twitter_card":"summary_large_image","twitter_misc":{"Gesch\u00e4tzte Lesezeit":"2\u00a0Minuten"},"schema":{"@context":"https:\/\/schema.org","@graph":[{"@type":"WebPage","@id":"https:\/\/mpimplants.com\/de\/produkte\/zahnimplantate\/mpi-all-insystem-2\/","url":"https:\/\/mpimplants.com\/de\/produkte\/zahnimplantate\/mpi-all-insystem-2\/","name":"MPI Orthodontics\u00ae System. | MPI - Medical Precision Implants","isPartOf":{"@id":"https:\/\/mpimplants.com\/en\/#website"},"primaryImageOfPage":{"@id":"https:\/\/mpimplants.com\/de\/produkte\/zahnimplantate\/mpi-all-insystem-2\/#primaryimage"},"image":{"@id":"https:\/\/mpimplants.com\/de\/produkte\/zahnimplantate\/mpi-all-insystem-2\/#primaryimage"},"thumbnailUrl":"https:\/\/mpimplants.com\/wp-content\/uploads\/2023\/10\/implantes-233x300.png","datePublished":"2023-10-06T09:58:59+00:00","dateModified":"2024-04-22T08:30:33+00:00","breadcrumb":{"@id":"https:\/\/mpimplants.com\/de\/produkte\/zahnimplantate\/mpi-all-insystem-2\/#breadcrumb"},"inLanguage":"de","potentialAction":[{"@type":"ReadAction","target":["https:\/\/mpimplants.com\/de\/produkte\/zahnimplantate\/mpi-all-insystem-2\/"]}]},{"@type":"ImageObject","inLanguage":"de","@id":"https:\/\/mpimplants.com\/de\/produkte\/zahnimplantate\/mpi-all-insystem-2\/#primaryimage","url":"https:\/\/mpimplants.com\/wp-content\/uploads\/2023\/10\/implantes-233x300.png","contentUrl":"https:\/\/mpimplants.com\/wp-content\/uploads\/2023\/10\/implantes-233x300.png"},{"@type":"BreadcrumbList","@id":"https:\/\/mpimplants.com\/de\/produkte\/zahnimplantate\/mpi-all-insystem-2\/#breadcrumb","itemListElement":[{"@type":"ListItem","position":1,"name":"Portada","item":"https:\/\/mpimplants.com\/de\/"},{"@type":"ListItem","position":2,"name":"Produkte","item":"https:\/\/mpimplants.com\/de\/produkte\/"},{"@type":"ListItem","position":3,"name":"Zahnimplantate","item":"https:\/\/mpimplants.com\/de\/produkte\/zahnimplantate\/"},{"@type":"ListItem","position":4,"name":"MPI Orthodontics\u00ae System."}]},{"@type":"WebSite","@id":"https:\/\/mpimplants.com\/en\/#website","url":"https:\/\/mpimplants.com\/en\/","name":"Mpi Implants","description":"Soluciones Dentales De Futuro","publisher":{"@id":"https:\/\/mpimplants.com\/en\/#organization"},"potentialAction":[{"@type":"SearchAction","target":{"@type":"EntryPoint","urlTemplate":"https:\/\/mpimplants.com\/en\/?s={search_term_string}"},"query-input":{"@type":"PropertyValueSpecification","valueRequired":true,"valueName":"search_term_string"}}],"inLanguage":"de"},{"@type":"Organization","@id":"https:\/\/mpimplants.com\/en\/#organization","name":"Mpi Implants","url":"https:\/\/mpimplants.com\/en\/","logo":{"@type":"ImageObject","inLanguage":"de","@id":"https:\/\/mpimplants.com\/en\/#\/schema\/logo\/image\/","url":"https:\/\/mpimplants.com\/wp-content\/uploads\/2022\/11\/Logo-Color.png","contentUrl":"https:\/\/mpimplants.com\/wp-content\/uploads\/2022\/11\/Logo-Color.png","width":1230,"height":483,"caption":"Mpi Implants"},"image":{"@id":"https:\/\/mpimplants.com\/en\/#\/schema\/logo\/image\/"}}]}},"_links":{"self":[{"href":"https:\/\/mpimplants.com\/de\/wp-json\/wp\/v2\/pages\/3567","targetHints":{"allow":["GET"]}}],"collection":[{"href":"https:\/\/mpimplants.com\/de\/wp-json\/wp\/v2\/pages"}],"about":[{"href":"https:\/\/mpimplants.com\/de\/wp-json\/wp\/v2\/types\/page"}],"author":[{"embeddable":true,"href":"https:\/\/mpimplants.com\/de\/wp-json\/wp\/v2\/users\/1"}],"replies":[{"embeddable":true,"href":"https:\/\/mpimplants.com\/de\/wp-json\/wp\/v2\/comments?post=3567"}],"version-history":[{"count":15,"href":"https:\/\/mpimplants.com\/de\/wp-json\/wp\/v2\/pages\/3567\/revisions"}],"predecessor-version":[{"id":5153,"href":"https:\/\/mpimplants.com\/de\/wp-json\/wp\/v2\/pages\/3567\/revisions\/5153"}],"up":[{"embeddable":true,"href":"https:\/\/mpimplants.com\/de\/wp-json\/wp\/v2\/pages\/3072"}],"wp:attachment":[{"href":"https:\/\/mpimplants.com\/de\/wp-json\/wp\/v2\/media?parent=3567"}],"curies":[{"name":"wp","href":"https:\/\/api.w.org\/{rel}","templated":true}]}}