{"id":3554,"date":"2022-11-10T11:01:02","date_gmt":"2022-11-10T11:01:02","guid":{"rendered":"https:\/\/mpimplants.com\/produkte\/siewert-bridge\/"},"modified":"2024-04-22T08:17:09","modified_gmt":"2024-04-22T08:17:09","slug":"siewert-bridge","status":"publish","type":"page","link":"https:\/\/mpimplants.com\/de\/produkte\/siewert-bridge\/","title":{"rendered":"Siewert Bridge"},"content":{"rendered":"\t\t<div data-elementor-type=\"wp-page\" data-elementor-id=\"3554\" class=\"elementor elementor-3554 elementor-414\" data-elementor-post-type=\"page\">\n\t\t\t\t\t\t<section class=\"elementor-section elementor-top-section elementor-element elementor-element-96ca541 elementor-section-height-min-height elementor-section-items-stretch elementor-section-boxed elementor-section-height-default\" data-id=\"96ca541\" data-element_type=\"section\" data-e-type=\"section\" data-settings=\"{&quot;background_background&quot;:&quot;classic&quot;}\">\n\t\t\t\t\t\t\t<div class=\"elementor-background-overlay\"><\/div>\n\t\t\t\t\t\t\t<div class=\"elementor-container elementor-column-gap-default\">\n\t\t\t\t\t<div class=\"elementor-column elementor-col-50 elementor-top-column elementor-element elementor-element-613e71e elementor-invisible\" data-id=\"613e71e\" data-element_type=\"column\" data-e-type=\"column\" data-settings=\"{&quot;animation&quot;:&quot;fadeInUp&quot;}\">\n\t\t\t<div class=\"elementor-widget-wrap elementor-element-populated\">\n\t\t\t\t\t\t<div class=\"elementor-element elementor-element-0455ebe elementor-widget elementor-widget-heading\" data-id=\"0455ebe\" data-element_type=\"widget\" data-e-type=\"widget\" data-widget_type=\"heading.default\">\n\t\t\t\t<div class=\"elementor-widget-container\">\n\t\t\t\t\t<h1 class=\"elementor-heading-title elementor-size-default\">SIEWERT BRIDGE\u2122<\/h1>\t\t\t\t<\/div>\n\t\t\t\t<\/div>\n\t\t\t\t<div class=\"elementor-element elementor-element-50805d8 elementor-widget elementor-widget-text-editor\" data-id=\"50805d8\" data-element_type=\"widget\" data-e-type=\"widget\" data-widget_type=\"text-editor.default\">\n\t\t\t\t<div class=\"elementor-widget-container\">\n\t\t\t\t\t\t\t\t\t<p>Der Haftverbund zwischen PEEK und Keramik ist absolut sicher und dauerhaft. Deshalb ist die SIEWERT BRIDGE\u2122 auch so flexibel.<\/p>\n\t\t\t\t\t\t\t\t<\/div>\n\t\t\t\t<\/div>\n\t\t\t\t\t<\/div>\n\t\t<\/div>\n\t\t\t\t<div class=\"elementor-column elementor-col-50 elementor-top-column elementor-element elementor-element-acad499\" data-id=\"acad499\" data-element_type=\"column\" data-e-type=\"column\">\n\t\t\t<div class=\"elementor-widget-wrap\">\n\t\t\t\t\t\t\t<\/div>\n\t\t<\/div>\n\t\t\t\t\t<\/div>\n\t\t<\/section>\n\t\t\t\t<section class=\"elementor-section elementor-top-section elementor-element elementor-element-27dddf8 elementor-section-boxed elementor-section-height-default elementor-section-height-default\" data-id=\"27dddf8\" data-element_type=\"section\" data-e-type=\"section\">\n\t\t\t\t\t\t<div class=\"elementor-container elementor-column-gap-default\">\n\t\t\t\t\t<div class=\"elementor-column elementor-col-100 elementor-top-column elementor-element elementor-element-e03a9bd\" data-id=\"e03a9bd\" data-element_type=\"column\" data-e-type=\"column\">\n\t\t\t<div class=\"elementor-widget-wrap elementor-element-populated\">\n\t\t\t\t\t\t<section class=\"elementor-section elementor-inner-section elementor-element elementor-element-93c1a6a elementor-section-boxed elementor-section-height-default elementor-section-height-default\" data-id=\"93c1a6a\" data-element_type=\"section\" data-e-type=\"section\" data-settings=\"{&quot;background_background&quot;:&quot;classic&quot;}\">\n\t\t\t\t\t\t\t<div class=\"elementor-background-overlay\"><\/div>\n\t\t\t\t\t\t\t<div class=\"elementor-container elementor-column-gap-default\">\n\t\t\t\t\t<div class=\"elementor-column elementor-col-50 elementor-inner-column elementor-element elementor-element-98c20fd\" data-id=\"98c20fd\" data-element_type=\"column\" data-e-type=\"column\">\n\t\t\t<div class=\"elementor-widget-wrap elementor-element-populated\">\n\t\t\t\t\t\t<div class=\"elementor-element elementor-element-83d1511 elementor-widget elementor-widget-image\" data-id=\"83d1511\" data-element_type=\"widget\" data-e-type=\"widget\" data-settings=\"{&quot;sticky&quot;:&quot;top&quot;,&quot;sticky_offset&quot;:5,&quot;sticky_parent&quot;:&quot;yes&quot;,&quot;sticky_on&quot;:[&quot;desktop&quot;,&quot;tablet&quot;,&quot;mobile&quot;],&quot;sticky_effects_offset&quot;:0,&quot;sticky_anchor_link_offset&quot;:0}\" data-widget_type=\"image.default\">\n\t\t\t\t<div class=\"elementor-widget-container\">\n\t\t\t\t\t\t\t\t\t\t\t\t\t\t\t\t<a href=\"#\">\n\t\t\t\t\t\t\t<img fetchpriority=\"high\" decoding=\"async\" width=\"1024\" height=\"768\" src=\"https:\/\/mpimplants.com\/wp-content\/uploads\/2024\/04\/PEEK-2-1.jpg\" class=\"attachment-2048x2048 size-2048x2048 wp-image-4447\" alt=\"\" srcset=\"https:\/\/mpimplants.com\/wp-content\/uploads\/2024\/04\/PEEK-2-1.jpg 1024w, https:\/\/mpimplants.com\/wp-content\/uploads\/2024\/04\/PEEK-2-1-300x225.jpg 300w, https:\/\/mpimplants.com\/wp-content\/uploads\/2024\/04\/PEEK-2-1-768x576.jpg 768w\" sizes=\"(max-width: 1024px) 100vw, 1024px\" \/>\t\t\t\t\t\t\t\t<\/a>\n\t\t\t\t\t\t\t\t\t\t\t\t\t\t\t<\/div>\n\t\t\t\t<\/div>\n\t\t\t\t\t<\/div>\n\t\t<\/div>\n\t\t\t\t<div class=\"elementor-column elementor-col-50 elementor-inner-column elementor-element elementor-element-3494d45\" data-id=\"3494d45\" data-element_type=\"column\" data-e-type=\"column\">\n\t\t\t<div class=\"elementor-widget-wrap elementor-element-populated\">\n\t\t\t\t\t\t<div class=\"elementor-element elementor-element-d2efc6c elementor-widget elementor-widget-heading\" data-id=\"d2efc6c\" data-element_type=\"widget\" data-e-type=\"widget\" data-widget_type=\"heading.default\">\n\t\t\t\t<div class=\"elementor-widget-container\">\n\t\t\t\t\t<h3 class=\"elementor-heading-title elementor-size-default\">Siewert Bridge\u2122-L\u00f6sung: Klinisch erprobte, implantatgetragene Prothese auf PEEK-Basis.<\/h3>\t\t\t\t<\/div>\n\t\t\t\t<\/div>\n\t\t\t\t<div class=\"elementor-element elementor-element-63bee10 elementor-icon-list--layout-traditional elementor-list-item-link-full_width elementor-widget elementor-widget-icon-list\" data-id=\"63bee10\" data-element_type=\"widget\" data-e-type=\"widget\" data-widget_type=\"icon-list.default\">\n\t\t\t\t<div class=\"elementor-widget-container\">\n\t\t\t\t\t\t\t<ul class=\"elementor-icon-list-items\">\n\t\t\t\t\t\t\t<li class=\"elementor-icon-list-item\">\n\t\t\t\t\t\t\t\t\t\t<span class=\"elementor-icon-list-text\">SIEWERT BRIDGE\u2122 ofrece un enfoque alternativo a las soluciones convencionales de pr\u00f3tesis implanto-soportadas actualmente en uso, utilizando el pol\u00edmero de alto rendimiento PEEK. Diese Prothese besteht aus:<\/span>\n\t\t\t\t\t\t\t\t\t<\/li>\n\t\t\t\t\t\t\t\t<li class=\"elementor-icon-list-item\">\n\t\t\t\t\t\t\t\t\t\t<span class=\"elementor-icon-list-text\">\u2714 Eine auf Transepithelien gest\u00fctzte PEEK-Br\u00fcckenstruktur. Die Schrauben und der Kamin der endg\u00fcltigen Schrauben werden direkt in die PEEK-Basis gefr\u00e4st.<\/span>\n\t\t\t\t\t\t\t\t\t<\/li>\n\t\t\t\t\t\t\t\t<li class=\"elementor-icon-list-item\">\n\t\t\t\t\t\t\t\t\t\t<span class=\"elementor-icon-list-text\">\u2714 Eine abriebfeste Keramikbeschichtung mit feinen einzelnen Zirkoniumh\u00fcllen.<\/span>\n\t\t\t\t\t\t\t\t\t<\/li>\n\t\t\t\t\t\t<\/ul>\n\t\t\t\t\t\t<\/div>\n\t\t\t\t<\/div>\n\t\t\t\t<div class=\"elementor-element elementor-element-563fa7c elementor-widget elementor-widget-text-editor\" data-id=\"563fa7c\" data-element_type=\"widget\" data-e-type=\"widget\" data-widget_type=\"text-editor.default\">\n\t\t\t\t<div class=\"elementor-widget-container\">\n\t\t\t\t\t\t\t\t\t<p><em>Die resultierende Prothese zeichnet sich durch ihre gro\u00dfe Leichtigkeit, ihre gro\u00dfe Haltbarkeit und Flexibilit\u00e4t aus, was sie zu einer L\u00f6sung der Zukunft macht.<\/em><\/p>\n\t\t\t\t\t\t\t\t<\/div>\n\t\t\t\t<\/div>\n\t\t\t\t\t<\/div>\n\t\t<\/div>\n\t\t\t\t\t<\/div>\n\t\t<\/section>\n\t\t\t\t<section class=\"elementor-section elementor-inner-section elementor-element elementor-element-5bf9f4d elementor-section-boxed elementor-section-height-default elementor-section-height-default\" data-id=\"5bf9f4d\" data-element_type=\"section\" data-e-type=\"section\" data-settings=\"{&quot;background_background&quot;:&quot;classic&quot;}\">\n\t\t\t\t\t\t<div class=\"elementor-container elementor-column-gap-default\">\n\t\t\t\t\t<div class=\"elementor-column elementor-col-100 elementor-inner-column elementor-element elementor-element-7592e2f\" data-id=\"7592e2f\" data-element_type=\"column\" data-e-type=\"column\">\n\t\t\t<div class=\"elementor-widget-wrap elementor-element-populated\">\n\t\t\t\t\t\t<div class=\"elementor-element elementor-element-f95483a elementor-widget elementor-widget-heading\" data-id=\"f95483a\" data-element_type=\"widget\" data-e-type=\"widget\" data-widget_type=\"heading.default\">\n\t\t\t\t<div class=\"elementor-widget-container\">\n\t\t\t\t\t<h3 class=\"elementor-heading-title elementor-size-default\">Vorteile<\/h3>\t\t\t\t<\/div>\n\t\t\t\t<\/div>\n\t\t\t\t<div class=\"elementor-element elementor-element-9b39c22 elementor-widget elementor-widget-text-editor\" data-id=\"9b39c22\" data-element_type=\"widget\" data-e-type=\"widget\" data-widget_type=\"text-editor.default\">\n\t\t\t\t<div class=\"elementor-widget-container\">\n\t\t\t\t\t\t\t\t\t<p><strong>ZAHNMEDIZINISCHES LABOR<\/strong><\/p>\n<ul>\n<li>Einfaches und vollst\u00e4ndig digitalisiertes Arbeiten.<\/li>\n<li>Reduziert die erforderlichen Arbeitszeiten.<\/li>\n<li>Einfaches und intuitives System; es sind keine langwierigen Schulungen oder zus\u00e4tzliche Investitionen erforderlich.<\/li>\n<li>Hochwertiger, reproduzierbarer industrieller Herstellungsprozess.<\/li>\n<li>Hoch\u00e4sthetische Ergebnisse.<\/li>\n<\/ul>\n<p><strong>ZAHNARZT<\/strong><\/p>\n<ul>\n<li>Pr\u00e4zise, spannungsfreie passive Passform.<\/li>\n<li>Garantierte Passform am Patienten.<\/li>\n<li>Erhalt des periimplant\u00e4ren Knochens und Vermeidung von Schraubenbr\u00fcchen.<\/li>\n<li>Die Verklebung metallischer Zylinder und deren Korrosion werden vermieden.<\/li>\n<li>Leicht austauschbare Einzel-Keramikh\u00fclle.<\/li>\n<li>Reduzierte Produktionszeiten: Herstellung im Labor zwischen 24 und 48 Stunden m\u00f6glich.<\/li>\n<li>Gleicher Arbeitsablauf wie bei herk\u00f6mmlichen Systemen.<\/li>\n<\/ul>\n<p><strong>PATIENT<\/strong><\/p>\n<p>Gro\u00dfe Resonanz bei den Patienten, da:<\/p>\n<ul>\n<li>Sehr \u00e4sthetisch aufgrund der hohen Transluzenz der Keramikh\u00fclsen.<\/li>\n<li>Extrem leicht.<\/li>\n<li>Nat\u00fcrliches und sanftes Kaugef\u00fchl.<\/li>\n<li>M\u00f6glichkeit, einen hohen Glanz auf der Oberfl\u00e4che zu erzielen.<\/li>\n<li>Biokompatibel, ohne Metalle. Enth\u00e4lt keine Pigmente oder F\u00fcllstoffe.<\/li>\n<li>PEEK ist inert und ver\u00e4ndert seine Eigenschaften auch nach l\u00e4ngerem Gebrauch nicht.<\/li>\n<li>\u00c4hnliche Kosten wie herk\u00f6mmliche High-End-L\u00f6sungen.<\/li>\n<\/ul>\n<p><strong>KLINISCHE EVIDENZ<\/strong><\/p>\n<p>Nach dem Siewert Bridge\u2122-Prinzip hergestellte Br\u00fccken, die seit mehr als f\u00fcnf Jahren klinisch eingesetzt werden, weisen sich durch eine hohe Zuverl\u00e4ssigkeit aus:<\/p>\n<ul>\n<li>Es kommt zu keinem L\u00f6sen oder Bruch von Schrauben.<\/li>\n<li>Es kommt nicht zu einer Abl\u00f6sung oder einem Bruch der einzelnen Keramikh\u00fclsen.<\/li>\n<li>\u00dcberdurchschnittliche periimplant\u00e4re Knochenstabilit\u00e4t.<\/li>\n<li>Es gibt keine Br\u00fcche oder Risse im PEEK-Br\u00fcckenger\u00fcst.<\/li>\n<li>Es kommt zu keinen Ver\u00e4nderungen der Kaufl\u00e4che durch Abrasion.<\/li>\n<li>\u00dcberdurchschnittliche Patientenzufriedenheit.<\/li>\n<li>Passiver Sitz der Multi-Unit-Abutments am Patienten ist gew\u00e4hrleistet.<\/li>\n<\/ul>\n\t\t\t\t\t\t\t\t<\/div>\n\t\t\t\t<\/div>\n\t\t\t\t<div class=\"elementor-element elementor-element-f5e10b2 elementor-widget elementor-widget-heading\" data-id=\"f5e10b2\" data-element_type=\"widget\" data-e-type=\"widget\" data-widget_type=\"heading.default\">\n\t\t\t\t<div class=\"elementor-widget-container\">\n\t\t\t\t\t<h3 class=\"elementor-heading-title elementor-size-default\">Arbeitsablauf<\/h3>\t\t\t\t<\/div>\n\t\t\t\t<\/div>\n\t\t\t\t<div class=\"elementor-element elementor-element-819315d elementor-widget elementor-widget-image\" data-id=\"819315d\" data-element_type=\"widget\" data-e-type=\"widget\" data-widget_type=\"image.default\">\n\t\t\t\t<div class=\"elementor-widget-container\">\n\t\t\t\t\t\t\t\t\t\t\t\t\t\t\t<img decoding=\"async\" width=\"1876\" height=\"1279\" src=\"https:\/\/mpimplants.com\/wp-content\/uploads\/2022\/12\/flujo-siewert-triptico_0.png\" class=\"attachment-full size-full wp-image-3556\" alt=\"\" srcset=\"https:\/\/mpimplants.com\/wp-content\/uploads\/2022\/12\/flujo-siewert-triptico_0.png 1876w, https:\/\/mpimplants.com\/wp-content\/uploads\/2022\/12\/flujo-siewert-triptico_0-300x205.png 300w, https:\/\/mpimplants.com\/wp-content\/uploads\/2022\/12\/flujo-siewert-triptico_0-1024x698.png 1024w, https:\/\/mpimplants.com\/wp-content\/uploads\/2022\/12\/flujo-siewert-triptico_0-768x524.png 768w, https:\/\/mpimplants.com\/wp-content\/uploads\/2022\/12\/flujo-siewert-triptico_0-1536x1047.png 1536w\" sizes=\"(max-width: 1876px) 100vw, 1876px\" \/>\t\t\t\t\t\t\t\t\t\t\t\t\t\t\t<\/div>\n\t\t\t\t<\/div>\n\t\t\t\t<div class=\"elementor-element elementor-element-5a196c5 elementor-align-left elementor-widget elementor-widget-button\" data-id=\"5a196c5\" data-element_type=\"widget\" data-e-type=\"widget\" data-widget_type=\"button.default\">\n\t\t\t\t<div class=\"elementor-widget-container\">\n\t\t\t\t\t\t\t\t\t<div class=\"elementor-button-wrapper\">\n\t\t\t\t\t<a class=\"elementor-button elementor-button-link elementor-size-sm elementor-animation-float\" href=\"https:\/\/mpimplants.com\/wp-content\/uploads\/2023\/08\/Triptico-Siewert.pdf\" target=\"_blank\">\n\t\t\t\t\t\t<span class=\"elementor-button-content-wrapper\">\n\t\t\t\t\t\t<span class=\"elementor-button-icon\">\n\t\t\t\t<i aria-hidden=\"true\" class=\"fas fa-download\"><\/i>\t\t\t<\/span>\n\t\t\t\t\t\t\t\t\t<span class=\"elementor-button-text\"> SIEWERT BRIDGE\u2122 L\u00d6SUNGEN KATALOG<\/span>\n\t\t\t\t\t<\/span>\n\t\t\t\t\t<\/a>\n\t\t\t\t<\/div>\n\t\t\t\t\t\t\t\t<\/div>\n\t\t\t\t<\/div>\n\t\t\t\t\t<\/div>\n\t\t<\/div>\n\t\t\t\t\t<\/div>\n\t\t<\/section>\n\t\t\t\t\t<\/div>\n\t\t<\/div>\n\t\t\t\t\t<\/div>\n\t\t<\/section>\n\t\t\t\t<\/div>\n\t\t","protected":false},"excerpt":{"rendered":"<p>SIEWERT BRIDGE\u2122 Der Haftverbund zwischen PEEK und Keramik ist absolut sicher und dauerhaft. Deshalb ist die SIEWERT BRIDGE\u2122 auch so flexibel. Siewert Bridge\u2122-L\u00f6sung: Klinisch erprobte, implantatgetragene Prothese auf PEEK-Basis. SIEWERT BRIDGE\u2122 ofrece un enfoque alternativo a las soluciones convencionales de pr\u00f3tesis implanto-soportadas actualmente en uso, utilizando el pol\u00edmero de alto rendimiento PEEK. Diese Prothese besteht [&hellip;]<\/p>\n","protected":false},"author":1,"featured_media":0,"parent":3053,"menu_order":0,"comment_status":"closed","ping_status":"closed","template":"elementor_header_footer","meta":{"footnotes":""},"class_list":["post-3554","page","type-page","status-publish","hentry"],"yoast_head":"<!-- This site is optimized with the Yoast SEO plugin v27.3 - https:\/\/yoast.com\/product\/yoast-seo-wordpress\/ -->\n<title>Siewert Bridge | MPI - Medical Precision Implants<\/title>\n<meta name=\"robots\" content=\"index, follow, max-snippet:-1, max-image-preview:large, max-video-preview:-1\" \/>\n<link rel=\"canonical\" href=\"https:\/\/mpimplants.com\/de\/produkte\/siewert-bridge\/\" \/>\n<meta property=\"og:locale\" content=\"de_DE\" \/>\n<meta property=\"og:type\" content=\"article\" \/>\n<meta property=\"og:title\" content=\"Siewert Bridge | MPI - Medical Precision Implants\" \/>\n<meta property=\"og:description\" content=\"SIEWERT BRIDGE\u2122 Der Haftverbund zwischen PEEK und Keramik ist absolut sicher und dauerhaft. Deshalb ist die SIEWERT BRIDGE\u2122 auch so flexibel. Siewert Bridge\u2122-L\u00f6sung: Klinisch erprobte, implantatgetragene Prothese auf PEEK-Basis. SIEWERT BRIDGE\u2122 ofrece un enfoque alternativo a las soluciones convencionales de pr\u00f3tesis implanto-soportadas actualmente en uso, utilizando el pol\u00edmero de alto rendimiento PEEK. Diese Prothese besteht [&hellip;]\" \/>\n<meta property=\"og:url\" content=\"https:\/\/mpimplants.com\/de\/produkte\/siewert-bridge\/\" \/>\n<meta property=\"og:site_name\" content=\"MPI - Medical Precision Implants\" \/>\n<meta property=\"article:modified_time\" content=\"2024-04-22T08:17:09+00:00\" \/>\n<meta property=\"og:image\" content=\"https:\/\/mpimplants.com\/wp-content\/uploads\/2024\/04\/PEEK-2-1.jpg\" \/>\n<meta name=\"twitter:card\" content=\"summary_large_image\" \/>\n<meta name=\"twitter:label1\" content=\"Gesch\u00e4tzte Lesezeit\" \/>\n\t<meta name=\"twitter:data1\" content=\"3\u00a0Minuten\" \/>\n<script type=\"application\/ld+json\" class=\"yoast-schema-graph\">{\"@context\":\"https:\\\/\\\/schema.org\",\"@graph\":[{\"@type\":\"WebPage\",\"@id\":\"https:\\\/\\\/mpimplants.com\\\/de\\\/produkte\\\/siewert-bridge\\\/\",\"url\":\"https:\\\/\\\/mpimplants.com\\\/de\\\/produkte\\\/siewert-bridge\\\/\",\"name\":\"Siewert Bridge | MPI - Medical Precision Implants\",\"isPartOf\":{\"@id\":\"https:\\\/\\\/www.mpimplants.com\\\/#website\"},\"primaryImageOfPage\":{\"@id\":\"https:\\\/\\\/mpimplants.com\\\/de\\\/produkte\\\/siewert-bridge\\\/#primaryimage\"},\"image\":{\"@id\":\"https:\\\/\\\/mpimplants.com\\\/de\\\/produkte\\\/siewert-bridge\\\/#primaryimage\"},\"thumbnailUrl\":\"https:\\\/\\\/mpimplants.com\\\/wp-content\\\/uploads\\\/2024\\\/04\\\/PEEK-2-1.jpg\",\"datePublished\":\"2022-11-10T11:01:02+00:00\",\"dateModified\":\"2024-04-22T08:17:09+00:00\",\"breadcrumb\":{\"@id\":\"https:\\\/\\\/mpimplants.com\\\/de\\\/produkte\\\/siewert-bridge\\\/#breadcrumb\"},\"inLanguage\":\"de\",\"potentialAction\":[{\"@type\":\"ReadAction\",\"target\":[\"https:\\\/\\\/mpimplants.com\\\/de\\\/produkte\\\/siewert-bridge\\\/\"]}]},{\"@type\":\"ImageObject\",\"inLanguage\":\"de\",\"@id\":\"https:\\\/\\\/mpimplants.com\\\/de\\\/produkte\\\/siewert-bridge\\\/#primaryimage\",\"url\":\"https:\\\/\\\/mpimplants.com\\\/wp-content\\\/uploads\\\/2024\\\/04\\\/PEEK-2-1.jpg\",\"contentUrl\":\"https:\\\/\\\/mpimplants.com\\\/wp-content\\\/uploads\\\/2024\\\/04\\\/PEEK-2-1.jpg\"},{\"@type\":\"BreadcrumbList\",\"@id\":\"https:\\\/\\\/mpimplants.com\\\/de\\\/produkte\\\/siewert-bridge\\\/#breadcrumb\",\"itemListElement\":[{\"@type\":\"ListItem\",\"position\":1,\"name\":\"Portada\",\"item\":\"https:\\\/\\\/mpimplants.com\\\/de\\\/\"},{\"@type\":\"ListItem\",\"position\":2,\"name\":\"Produkte\",\"item\":\"https:\\\/\\\/mpimplants.com\\\/de\\\/produkte\\\/\"},{\"@type\":\"ListItem\",\"position\":3,\"name\":\"Siewert Bridge\"}]},{\"@type\":\"WebSite\",\"@id\":\"https:\\\/\\\/www.mpimplants.com\\\/#website\",\"url\":\"https:\\\/\\\/www.mpimplants.com\\\/\",\"name\":\"Mpi Implants\",\"description\":\"Soluciones Dentales De Futuro\",\"publisher\":{\"@id\":\"https:\\\/\\\/www.mpimplants.com\\\/#organization\"},\"potentialAction\":[{\"@type\":\"SearchAction\",\"target\":{\"@type\":\"EntryPoint\",\"urlTemplate\":\"https:\\\/\\\/www.mpimplants.com\\\/?s={search_term_string}\"},\"query-input\":{\"@type\":\"PropertyValueSpecification\",\"valueRequired\":true,\"valueName\":\"search_term_string\"}}],\"inLanguage\":\"de\"},{\"@type\":\"Organization\",\"@id\":\"https:\\\/\\\/www.mpimplants.com\\\/#organization\",\"name\":\"Mpi Implants\",\"url\":\"https:\\\/\\\/www.mpimplants.com\\\/\",\"logo\":{\"@type\":\"ImageObject\",\"inLanguage\":\"de\",\"@id\":\"https:\\\/\\\/www.mpimplants.com\\\/#\\\/schema\\\/logo\\\/image\\\/\",\"url\":\"https:\\\/\\\/mpimplants.com\\\/wp-content\\\/uploads\\\/2022\\\/11\\\/Logo-Color.png\",\"contentUrl\":\"https:\\\/\\\/mpimplants.com\\\/wp-content\\\/uploads\\\/2022\\\/11\\\/Logo-Color.png\",\"width\":1230,\"height\":483,\"caption\":\"Mpi Implants\"},\"image\":{\"@id\":\"https:\\\/\\\/www.mpimplants.com\\\/#\\\/schema\\\/logo\\\/image\\\/\"}}]}<\/script>\n<!-- \/ Yoast SEO plugin. -->","yoast_head_json":{"title":"Siewert Bridge | MPI - Medical Precision Implants","robots":{"index":"index","follow":"follow","max-snippet":"max-snippet:-1","max-image-preview":"max-image-preview:large","max-video-preview":"max-video-preview:-1"},"canonical":"https:\/\/mpimplants.com\/de\/produkte\/siewert-bridge\/","og_locale":"de_DE","og_type":"article","og_title":"Siewert Bridge | MPI - Medical Precision Implants","og_description":"SIEWERT BRIDGE\u2122 Der Haftverbund zwischen PEEK und Keramik ist absolut sicher und dauerhaft. Deshalb ist die SIEWERT BRIDGE\u2122 auch so flexibel. Siewert Bridge\u2122-L\u00f6sung: Klinisch erprobte, implantatgetragene Prothese auf PEEK-Basis. SIEWERT BRIDGE\u2122 ofrece un enfoque alternativo a las soluciones convencionales de pr\u00f3tesis implanto-soportadas actualmente en uso, utilizando el pol\u00edmero de alto rendimiento PEEK. Diese Prothese besteht [&hellip;]","og_url":"https:\/\/mpimplants.com\/de\/produkte\/siewert-bridge\/","og_site_name":"MPI - Medical Precision Implants","article_modified_time":"2024-04-22T08:17:09+00:00","og_image":[{"url":"https:\/\/mpimplants.com\/wp-content\/uploads\/2024\/04\/PEEK-2-1.jpg","type":"","width":"","height":""}],"twitter_card":"summary_large_image","twitter_misc":{"Gesch\u00e4tzte Lesezeit":"3\u00a0Minuten"},"schema":{"@context":"https:\/\/schema.org","@graph":[{"@type":"WebPage","@id":"https:\/\/mpimplants.com\/de\/produkte\/siewert-bridge\/","url":"https:\/\/mpimplants.com\/de\/produkte\/siewert-bridge\/","name":"Siewert Bridge | MPI - Medical Precision Implants","isPartOf":{"@id":"https:\/\/www.mpimplants.com\/#website"},"primaryImageOfPage":{"@id":"https:\/\/mpimplants.com\/de\/produkte\/siewert-bridge\/#primaryimage"},"image":{"@id":"https:\/\/mpimplants.com\/de\/produkte\/siewert-bridge\/#primaryimage"},"thumbnailUrl":"https:\/\/mpimplants.com\/wp-content\/uploads\/2024\/04\/PEEK-2-1.jpg","datePublished":"2022-11-10T11:01:02+00:00","dateModified":"2024-04-22T08:17:09+00:00","breadcrumb":{"@id":"https:\/\/mpimplants.com\/de\/produkte\/siewert-bridge\/#breadcrumb"},"inLanguage":"de","potentialAction":[{"@type":"ReadAction","target":["https:\/\/mpimplants.com\/de\/produkte\/siewert-bridge\/"]}]},{"@type":"ImageObject","inLanguage":"de","@id":"https:\/\/mpimplants.com\/de\/produkte\/siewert-bridge\/#primaryimage","url":"https:\/\/mpimplants.com\/wp-content\/uploads\/2024\/04\/PEEK-2-1.jpg","contentUrl":"https:\/\/mpimplants.com\/wp-content\/uploads\/2024\/04\/PEEK-2-1.jpg"},{"@type":"BreadcrumbList","@id":"https:\/\/mpimplants.com\/de\/produkte\/siewert-bridge\/#breadcrumb","itemListElement":[{"@type":"ListItem","position":1,"name":"Portada","item":"https:\/\/mpimplants.com\/de\/"},{"@type":"ListItem","position":2,"name":"Produkte","item":"https:\/\/mpimplants.com\/de\/produkte\/"},{"@type":"ListItem","position":3,"name":"Siewert Bridge"}]},{"@type":"WebSite","@id":"https:\/\/www.mpimplants.com\/#website","url":"https:\/\/www.mpimplants.com\/","name":"Mpi Implants","description":"Soluciones Dentales De Futuro","publisher":{"@id":"https:\/\/www.mpimplants.com\/#organization"},"potentialAction":[{"@type":"SearchAction","target":{"@type":"EntryPoint","urlTemplate":"https:\/\/www.mpimplants.com\/?s={search_term_string}"},"query-input":{"@type":"PropertyValueSpecification","valueRequired":true,"valueName":"search_term_string"}}],"inLanguage":"de"},{"@type":"Organization","@id":"https:\/\/www.mpimplants.com\/#organization","name":"Mpi Implants","url":"https:\/\/www.mpimplants.com\/","logo":{"@type":"ImageObject","inLanguage":"de","@id":"https:\/\/www.mpimplants.com\/#\/schema\/logo\/image\/","url":"https:\/\/mpimplants.com\/wp-content\/uploads\/2022\/11\/Logo-Color.png","contentUrl":"https:\/\/mpimplants.com\/wp-content\/uploads\/2022\/11\/Logo-Color.png","width":1230,"height":483,"caption":"Mpi Implants"},"image":{"@id":"https:\/\/www.mpimplants.com\/#\/schema\/logo\/image\/"}}]}},"_links":{"self":[{"href":"https:\/\/mpimplants.com\/de\/wp-json\/wp\/v2\/pages\/3554","targetHints":{"allow":["GET"]}}],"collection":[{"href":"https:\/\/mpimplants.com\/de\/wp-json\/wp\/v2\/pages"}],"about":[{"href":"https:\/\/mpimplants.com\/de\/wp-json\/wp\/v2\/types\/page"}],"author":[{"embeddable":true,"href":"https:\/\/mpimplants.com\/de\/wp-json\/wp\/v2\/users\/1"}],"replies":[{"embeddable":true,"href":"https:\/\/mpimplants.com\/de\/wp-json\/wp\/v2\/comments?post=3554"}],"version-history":[{"count":4,"href":"https:\/\/mpimplants.com\/de\/wp-json\/wp\/v2\/pages\/3554\/revisions"}],"predecessor-version":[{"id":5138,"href":"https:\/\/mpimplants.com\/de\/wp-json\/wp\/v2\/pages\/3554\/revisions\/5138"}],"up":[{"embeddable":true,"href":"https:\/\/mpimplants.com\/de\/wp-json\/wp\/v2\/pages\/3053"}],"wp:attachment":[{"href":"https:\/\/mpimplants.com\/de\/wp-json\/wp\/v2\/media?parent=3554"}],"curies":[{"name":"wp","href":"https:\/\/api.w.org\/{rel}","templated":true}]}}