{"id":3543,"date":"2022-11-10T10:57:49","date_gmt":"2022-11-10T10:57:49","guid":{"rendered":"https:\/\/mpimplants.com\/produkte\/zahnimplantate\/mpi-privilege-system\/"},"modified":"2023-10-24T14:37:49","modified_gmt":"2023-10-24T14:37:49","slug":"mpi-privilege-system","status":"publish","type":"page","link":"https:\/\/mpimplants.com\/de\/produkte\/zahnimplantate\/mpi-privilege-system\/","title":{"rendered":"MPI Privilege system"},"content":{"rendered":"\t\t<div data-elementor-type=\"wp-page\" data-elementor-id=\"3543\" class=\"elementor elementor-3543 elementor-398\" data-elementor-post-type=\"page\">\n\t\t\t\t\t\t<section class=\"elementor-section elementor-top-section elementor-element elementor-element-3ff41c3 elementor-section-height-min-height elementor-section-items-stretch elementor-section-boxed elementor-section-height-default\" data-id=\"3ff41c3\" data-element_type=\"section\" data-e-type=\"section\" data-settings=\"{&quot;background_background&quot;:&quot;classic&quot;}\">\n\t\t\t\t\t\t\t<div class=\"elementor-background-overlay\"><\/div>\n\t\t\t\t\t\t\t<div class=\"elementor-container elementor-column-gap-default\">\n\t\t\t\t\t<div class=\"elementor-column elementor-col-50 elementor-top-column elementor-element elementor-element-b597d02 elementor-invisible\" data-id=\"b597d02\" data-element_type=\"column\" data-e-type=\"column\" data-settings=\"{&quot;animation&quot;:&quot;fadeInUp&quot;}\">\n\t\t\t<div class=\"elementor-widget-wrap elementor-element-populated\">\n\t\t\t\t\t\t<div class=\"elementor-element elementor-element-bce5206 elementor-widget elementor-widget-heading\" data-id=\"bce5206\" data-element_type=\"widget\" data-e-type=\"widget\" data-widget_type=\"heading.default\">\n\t\t\t\t<div class=\"elementor-widget-container\">\n\t\t\t\t\t<h1 class=\"elementor-heading-title elementor-size-default\">MPI Privilege<sup>\u00ae<\/sup><br> System<\/h1>\t\t\t\t<\/div>\n\t\t\t\t<\/div>\n\t\t\t\t\t<\/div>\n\t\t<\/div>\n\t\t\t\t<div class=\"elementor-column elementor-col-50 elementor-top-column elementor-element elementor-element-0aae1b9\" data-id=\"0aae1b9\" data-element_type=\"column\" data-e-type=\"column\">\n\t\t\t<div class=\"elementor-widget-wrap\">\n\t\t\t\t\t\t\t<\/div>\n\t\t<\/div>\n\t\t\t\t\t<\/div>\n\t\t<\/section>\n\t\t\t\t<section class=\"elementor-section elementor-top-section elementor-element elementor-element-df4b43d elementor-section-boxed elementor-section-height-default elementor-section-height-default\" data-id=\"df4b43d\" data-element_type=\"section\" data-e-type=\"section\">\n\t\t\t\t\t\t<div class=\"elementor-container elementor-column-gap-default\">\n\t\t\t\t\t<div class=\"elementor-column elementor-col-100 elementor-top-column elementor-element elementor-element-e9b2f49\" data-id=\"e9b2f49\" data-element_type=\"column\" data-e-type=\"column\">\n\t\t\t<div class=\"elementor-widget-wrap elementor-element-populated\">\n\t\t\t\t\t\t<section class=\"elementor-section elementor-inner-section elementor-element elementor-element-87151d6 elementor-section-height-min-height elementor-section-boxed elementor-section-height-default\" data-id=\"87151d6\" data-element_type=\"section\" data-e-type=\"section\" data-settings=\"{&quot;background_background&quot;:&quot;gradient&quot;}\">\n\t\t\t\t\t\t\t<div class=\"elementor-background-overlay\"><\/div>\n\t\t\t\t\t\t\t<div class=\"elementor-container elementor-column-gap-default\">\n\t\t\t\t\t<div class=\"elementor-column elementor-col-50 elementor-inner-column elementor-element elementor-element-75c9b23\" data-id=\"75c9b23\" data-element_type=\"column\" data-e-type=\"column\">\n\t\t\t<div class=\"elementor-widget-wrap elementor-element-populated\">\n\t\t\t\t\t\t<div class=\"elementor-element elementor-element-ebf6b43 elementor-widget elementor-widget-image\" data-id=\"ebf6b43\" data-element_type=\"widget\" data-e-type=\"widget\" data-widget_type=\"image.default\">\n\t\t\t\t<div class=\"elementor-widget-container\">\n\t\t\t\t\t\t\t\t\t\t\t\t\t\t\t\t<a href=\"#\">\n\t\t\t\t\t\t\t<img fetchpriority=\"high\" decoding=\"async\" width=\"350\" height=\"450\" src=\"https:\/\/mpimplants.com\/wp-content\/uploads\/2022\/11\/mpi-privilege350x450.png\" class=\"attachment-large size-large wp-image-2971\" alt=\"\" srcset=\"https:\/\/mpimplants.com\/wp-content\/uploads\/2022\/11\/mpi-privilege350x450.png 350w, https:\/\/mpimplants.com\/wp-content\/uploads\/2022\/11\/mpi-privilege350x450-233x300.png 233w\" sizes=\"(max-width: 350px) 100vw, 350px\" \/>\t\t\t\t\t\t\t\t<\/a>\n\t\t\t\t\t\t\t\t\t\t\t\t\t\t\t<\/div>\n\t\t\t\t<\/div>\n\t\t\t\t\t<\/div>\n\t\t<\/div>\n\t\t\t\t<div class=\"elementor-column elementor-col-50 elementor-inner-column elementor-element elementor-element-267f997\" data-id=\"267f997\" data-element_type=\"column\" data-e-type=\"column\">\n\t\t\t<div class=\"elementor-widget-wrap elementor-element-populated\">\n\t\t\t\t\t\t<div class=\"elementor-element elementor-element-0b7fb0c elementor-widget elementor-widget-heading\" data-id=\"0b7fb0c\" data-element_type=\"widget\" data-e-type=\"widget\" data-widget_type=\"heading.default\">\n\t\t\t\t<div class=\"elementor-widget-container\">\n\t\t\t\t\t<h3 class=\"elementor-heading-title elementor-size-default\">MPI Privilege<sup>\u00ae<\/sup> System<\/h3>\t\t\t\t<\/div>\n\t\t\t\t<\/div>\n\t\t\t\t<div class=\"elementor-element elementor-element-5ae2ca3 elementor-widget elementor-widget-heading\" data-id=\"5ae2ca3\" data-element_type=\"widget\" data-e-type=\"widget\" data-widget_type=\"heading.default\">\n\t\t\t\t<div class=\"elementor-widget-container\">\n\t\t\t\t\t<h4 class=\"elementor-heading-title elementor-size-default\">Thread-Design<\/h4>\t\t\t\t<\/div>\n\t\t\t\t<\/div>\n\t\t\t\t<div class=\"elementor-element elementor-element-8ffa67d elementor-widget elementor-widget-text-editor\" data-id=\"8ffa67d\" data-element_type=\"widget\" data-e-type=\"widget\" data-widget_type=\"text-editor.default\">\n\t\t\t\t<div class=\"elementor-widget-container\">\n\t\t\t\t\t\t\t\t\t<p>Der doppelte Gewindeeingang, ihr optimaler Abstand sowie die Mikrorille erm\u00f6glichen ein kontrolliertes und kontinuierliches Einsetzen des Implantats in jede Art von Knochenqualit\u00e4t.<\/p>\n\t\t\t\t\t\t\t\t<\/div>\n\t\t\t\t<\/div>\n\t\t\t\t\t<\/div>\n\t\t<\/div>\n\t\t\t\t\t<\/div>\n\t\t<\/section>\n\t\t\t\t<section class=\"elementor-section elementor-inner-section elementor-element elementor-element-89c7702 elementor-section-boxed elementor-section-height-default elementor-section-height-default\" data-id=\"89c7702\" data-element_type=\"section\" data-e-type=\"section\">\n\t\t\t\t\t\t<div class=\"elementor-container elementor-column-gap-default\">\n\t\t\t\t\t<div class=\"elementor-column elementor-col-100 elementor-inner-column elementor-element elementor-element-a28149d\" data-id=\"a28149d\" data-element_type=\"column\" data-e-type=\"column\">\n\t\t\t<div class=\"elementor-widget-wrap elementor-element-populated\">\n\t\t\t\t\t\t<div class=\"elementor-element elementor-element-2e54526 elementor-widget elementor-widget-image\" data-id=\"2e54526\" data-element_type=\"widget\" data-e-type=\"widget\" data-widget_type=\"image.default\">\n\t\t\t\t<div class=\"elementor-widget-container\">\n\t\t\t\t\t\t\t\t\t\t\t\t\t\t\t<img decoding=\"async\" src=\"https:\/\/mpimplants.com\/wp-content\/uploads\/elementor\/thumbs\/banner-privilege_0-qcl8vm4ooo80y4folnov1btd4tkwtowem6nftya28i.png\" title=\"banner-privilege_0\" alt=\"banner-privilege_0\" loading=\"lazy\" \/>\t\t\t\t\t\t\t\t\t\t\t\t\t\t\t<\/div>\n\t\t\t\t<\/div>\n\t\t\t\t\t<\/div>\n\t\t<\/div>\n\t\t\t\t\t<\/div>\n\t\t<\/section>\n\t\t\t\t<section class=\"elementor-section elementor-inner-section elementor-element elementor-element-c612641 elementor-section-height-min-height elementor-section-boxed elementor-section-height-default\" data-id=\"c612641\" data-element_type=\"section\" data-e-type=\"section\" data-settings=\"{&quot;background_background&quot;:&quot;gradient&quot;}\">\n\t\t\t\t\t\t\t<div class=\"elementor-background-overlay\"><\/div>\n\t\t\t\t\t\t\t<div class=\"elementor-container elementor-column-gap-default\">\n\t\t\t\t\t<div class=\"elementor-column elementor-col-100 elementor-inner-column elementor-element elementor-element-e8d5434\" data-id=\"e8d5434\" data-element_type=\"column\" data-e-type=\"column\">\n\t\t\t<div class=\"elementor-widget-wrap elementor-element-populated\">\n\t\t\t\t\t\t<div class=\"elementor-element elementor-element-d794492 elementor-widget elementor-widget-heading\" data-id=\"d794492\" data-element_type=\"widget\" data-e-type=\"widget\" data-widget_type=\"heading.default\">\n\t\t\t\t<div class=\"elementor-widget-container\">\n\t\t\t\t\t<h4 class=\"elementor-heading-title elementor-size-default\">Apikales anatomisches Design<\/h4>\t\t\t\t<\/div>\n\t\t\t\t<\/div>\n\t\t\t\t<div class=\"elementor-element elementor-element-8e82dd3 elementor-widget elementor-widget-text-editor\" data-id=\"8e82dd3\" data-element_type=\"widget\" data-e-type=\"widget\" data-widget_type=\"text-editor.default\">\n\t\t\t\t<div class=\"elementor-widget-container\">\n\t\t\t\t\t\t\t\t\t<p>Die konische Morphologie des apikalen Teils erm\u00f6glicht eine atraumatische Insertion der MPI Privilege\u00ae Implantate.<br \/><span style=\"color: var( --e-global-color-text ); font-size: 1rem;\">Die vier Schneidseiten beg\u00fcnstigen das automatische Einsetzen und verdichten den Knochen, wodurch eine hervorragende Anfangsstabilit\u00e4t erreicht wird.<\/span><\/p>\n\t\t\t\t\t\t\t\t<\/div>\n\t\t\t\t<\/div>\n\t\t\t\t<div class=\"elementor-element elementor-element-822dd89 elementor-widget elementor-widget-heading\" data-id=\"822dd89\" data-element_type=\"widget\" data-e-type=\"widget\" data-widget_type=\"heading.default\">\n\t\t\t\t<div class=\"elementor-widget-container\">\n\t\t\t\t\t<h4 class=\"elementor-heading-title elementor-size-default\">Oberfl\u00e4chenbehandlung<\/h4>\t\t\t\t<\/div>\n\t\t\t\t<\/div>\n\t\t\t\t<div class=\"elementor-element elementor-element-27bb6f7 elementor-widget elementor-widget-text-editor\" data-id=\"27bb6f7\" data-element_type=\"widget\" data-e-type=\"widget\" data-widget_type=\"text-editor.default\">\n\t\t\t\t<div class=\"elementor-widget-container\">\n\t\t\t\t\t\t\t\t\t<p>Die Mikrostruktur der Oberfl\u00e4che beg\u00fcnstigt die Adh\u00e4sion der Osteoblasten, die f\u00fcr die Knochenbildung verantwortlich sind.<br \/>Dadurch wird die Akzeptanz der behandelten Oberfl\u00e4che beschleunigt und somit die Osseointegration des Implantats.<\/p>\n\t\t\t\t\t\t\t\t<\/div>\n\t\t\t\t<\/div>\n\t\t\t\t<div class=\"elementor-element elementor-element-98a346f elementor-widget elementor-widget-heading\" data-id=\"98a346f\" data-element_type=\"widget\" data-e-type=\"widget\" data-widget_type=\"heading.default\">\n\t\t\t\t<div class=\"elementor-widget-container\">\n\t\t\t\t\t<h4 class=\"elementor-heading-title elementor-size-default\">Spielraum zum Man\u00f6vrieren und Reagieren<\/h4>\t\t\t\t<\/div>\n\t\t\t\t<\/div>\n\t\t\t\t<div class=\"elementor-element elementor-element-72e743f elementor-widget elementor-widget-text-editor\" data-id=\"72e743f\" data-element_type=\"widget\" data-e-type=\"widget\" data-widget_type=\"text-editor.default\">\n\t\t\t\t<div class=\"elementor-widget-container\">\n\t\t\t\t\t\t\t\t\t<p>Um bereits im Fr\u00fchstadium reagieren und bakterielle Besiedelungen stoppen zu k\u00f6nnen, weist der Koronarhals keine Oberfl\u00e4chenbehandlung auf. Dekontaminationsprozesse sind effektiver und schneller und sorgen gleichzeitig f\u00fcr einen minimalen Knochenverlust.<\/p>\n\t\t\t\t\t\t\t\t<\/div>\n\t\t\t\t<\/div>\n\t\t\t\t<div class=\"elementor-element elementor-element-9e3bd54 elementor-widget elementor-widget-heading\" data-id=\"9e3bd54\" data-element_type=\"widget\" data-e-type=\"widget\" data-widget_type=\"heading.default\">\n\t\t\t\t<div class=\"elementor-widget-container\">\n\t\t\t\t\t<h4 class=\"elementor-heading-title elementor-size-default\">Hochleistungstitan<\/h4>\t\t\t\t<\/div>\n\t\t\t\t<\/div>\n\t\t\t\t<div class=\"elementor-element elementor-element-4591520 elementor-widget elementor-widget-text-editor\" data-id=\"4591520\" data-element_type=\"widget\" data-e-type=\"widget\" data-widget_type=\"text-editor.default\">\n\t\t\t\t<div class=\"elementor-widget-container\">\n\t\t\t\t\t\t\t\t\t<p>Die Struktur des Implantats wird durch kaltgezogene Titanst\u00e4be der G\u00fcteklasse IV deutscher Herkunft verst\u00e4rkt.<br \/>Die vom MPI festgelegten Qualit\u00e4tsanforderungen erh\u00f6hen die Best\u00e4ndigkeit des Materials um 20 % gegen\u00fcber herk\u00f6mmlichem Titan Grad IV.<br \/>Die bei MPI verwendete Mindesth\u00e4rte des Rohmaterials betr\u00e4gt 875 MPa.<\/p>\n\t\t\t\t\t\t\t\t<\/div>\n\t\t\t\t<\/div>\n\t\t\t\t<div class=\"elementor-element elementor-element-d11dcc5 elementor-widget elementor-widget-heading\" data-id=\"d11dcc5\" data-element_type=\"widget\" data-e-type=\"widget\" data-widget_type=\"heading.default\">\n\t\t\t\t<div class=\"elementor-widget-container\">\n\t\t\t\t\t<h4 class=\"elementor-heading-title elementor-size-default\">Rahmendesign<\/h4>\t\t\t\t<\/div>\n\t\t\t\t<\/div>\n\t\t\t\t<div class=\"elementor-element elementor-element-533ab0e elementor-widget elementor-widget-text-editor\" data-id=\"533ab0e\" data-element_type=\"widget\" data-e-type=\"widget\" data-widget_type=\"text-editor.default\">\n\t\t\t\t<div class=\"elementor-widget-container\">\n\t\t\t\t\t\t\t\t\t<p>Die MPI Privilege\u00ae Implantatreihe zeichnet sich durch ein innovatives Rahmendesign aus, das dem Kliniker die Durchf\u00fchrung des Eingriffs erleichtert.<\/p>\n\t\t\t\t\t\t\t\t<\/div>\n\t\t\t\t<\/div>\n\t\t\t\t<div class=\"elementor-element elementor-element-9bb585e elementor-align-center elementor-widget__width-initial elementor-widget elementor-widget-button\" data-id=\"9bb585e\" data-element_type=\"widget\" data-e-type=\"widget\" data-widget_type=\"button.default\">\n\t\t\t\t<div class=\"elementor-widget-container\">\n\t\t\t\t\t\t\t\t\t<div class=\"elementor-button-wrapper\">\n\t\t\t\t\t<a class=\"elementor-button elementor-button-link elementor-size-sm elementor-animation-float\" href=\"https:\/\/mpimplants.com\/wp-content\/uploads\/2023\/05\/Catalogue-MPI-Privilege\u00ae-System_-Pl.pdf\" target=\"_blank\">\n\t\t\t\t\t\t<span class=\"elementor-button-content-wrapper\">\n\t\t\t\t\t\t<span class=\"elementor-button-icon\">\n\t\t\t\t<i aria-hidden=\"true\" class=\"fas fa-download\"><\/i>\t\t\t<\/span>\n\t\t\t\t\t\t\t\t\t<span class=\"elementor-button-text\">Katalog auf Englisch<\/span>\n\t\t\t\t\t<\/span>\n\t\t\t\t\t<\/a>\n\t\t\t\t<\/div>\n\t\t\t\t\t\t\t\t<\/div>\n\t\t\t\t<\/div>\n\t\t\t\t\t<\/div>\n\t\t<\/div>\n\t\t\t\t\t<\/div>\n\t\t<\/section>\n\t\t\t\t\t<\/div>\n\t\t<\/div>\n\t\t\t\t\t<\/div>\n\t\t<\/section>\n\t\t\t\t<\/div>\n\t\t","protected":false},"excerpt":{"rendered":"<p>MPI Privilege\u00ae System MPI Privilege\u00ae System Thread-Design Der doppelte Gewindeeingang, ihr optimaler Abstand sowie die Mikrorille erm\u00f6glichen ein kontrolliertes und kontinuierliches Einsetzen des Implantats in jede Art von Knochenqualit\u00e4t. Apikales anatomisches Design Die konische Morphologie des apikalen Teils erm\u00f6glicht eine atraumatische Insertion der MPI Privilege\u00ae Implantate.Die vier Schneidseiten beg\u00fcnstigen das automatische Einsetzen und verdichten den [&hellip;]<\/p>\n","protected":false},"author":1,"featured_media":0,"parent":3072,"menu_order":0,"comment_status":"closed","ping_status":"closed","template":"elementor_header_footer","meta":{"footnotes":""},"class_list":["post-3543","page","type-page","status-publish","hentry"],"yoast_head":"<!-- This site is optimized with the Yoast SEO plugin v27.3 - https:\/\/yoast.com\/product\/yoast-seo-wordpress\/ -->\n<title>MPI Privilege system | MPI - Medical Precision Implants<\/title>\n<meta name=\"robots\" content=\"index, follow, max-snippet:-1, max-image-preview:large, max-video-preview:-1\" \/>\n<link rel=\"canonical\" href=\"https:\/\/mpimplants.com\/de\/produkte\/zahnimplantate\/mpi-privilege-system\/\" \/>\n<meta property=\"og:locale\" content=\"de_DE\" \/>\n<meta property=\"og:type\" content=\"article\" \/>\n<meta property=\"og:title\" content=\"MPI Privilege system | MPI - Medical Precision Implants\" \/>\n<meta property=\"og:description\" content=\"MPI Privilege\u00ae System MPI Privilege\u00ae System Thread-Design Der doppelte Gewindeeingang, ihr optimaler Abstand sowie die Mikrorille erm\u00f6glichen ein kontrolliertes und kontinuierliches Einsetzen des Implantats in jede Art von Knochenqualit\u00e4t. Apikales anatomisches Design Die konische Morphologie des apikalen Teils erm\u00f6glicht eine atraumatische Insertion der MPI Privilege\u00ae Implantate.Die vier Schneidseiten beg\u00fcnstigen das automatische Einsetzen und verdichten den [&hellip;]\" \/>\n<meta property=\"og:url\" content=\"https:\/\/mpimplants.com\/de\/produkte\/zahnimplantate\/mpi-privilege-system\/\" \/>\n<meta property=\"og:site_name\" content=\"MPI - Medical Precision Implants\" \/>\n<meta property=\"article:modified_time\" content=\"2023-10-24T14:37:49+00:00\" \/>\n<meta property=\"og:image\" content=\"https:\/\/mpimplants.com\/wp-content\/uploads\/2022\/11\/mpi-privilege350x450.png\" \/>\n<meta name=\"twitter:card\" content=\"summary_large_image\" \/>\n<meta name=\"twitter:label1\" content=\"Gesch\u00e4tzte Lesezeit\" \/>\n\t<meta name=\"twitter:data1\" content=\"2\u00a0Minuten\" \/>\n<script type=\"application\/ld+json\" class=\"yoast-schema-graph\">{\"@context\":\"https:\\\/\\\/schema.org\",\"@graph\":[{\"@type\":\"WebPage\",\"@id\":\"https:\\\/\\\/mpimplants.com\\\/de\\\/produkte\\\/zahnimplantate\\\/mpi-privilege-system\\\/\",\"url\":\"https:\\\/\\\/mpimplants.com\\\/de\\\/produkte\\\/zahnimplantate\\\/mpi-privilege-system\\\/\",\"name\":\"MPI Privilege system | MPI - Medical Precision Implants\",\"isPartOf\":{\"@id\":\"https:\\\/\\\/mpimplants.com\\\/en\\\/#website\"},\"primaryImageOfPage\":{\"@id\":\"https:\\\/\\\/mpimplants.com\\\/de\\\/produkte\\\/zahnimplantate\\\/mpi-privilege-system\\\/#primaryimage\"},\"image\":{\"@id\":\"https:\\\/\\\/mpimplants.com\\\/de\\\/produkte\\\/zahnimplantate\\\/mpi-privilege-system\\\/#primaryimage\"},\"thumbnailUrl\":\"https:\\\/\\\/mpimplants.com\\\/wp-content\\\/uploads\\\/2022\\\/11\\\/mpi-privilege350x450.png\",\"datePublished\":\"2022-11-10T10:57:49+00:00\",\"dateModified\":\"2023-10-24T14:37:49+00:00\",\"breadcrumb\":{\"@id\":\"https:\\\/\\\/mpimplants.com\\\/de\\\/produkte\\\/zahnimplantate\\\/mpi-privilege-system\\\/#breadcrumb\"},\"inLanguage\":\"de\",\"potentialAction\":[{\"@type\":\"ReadAction\",\"target\":[\"https:\\\/\\\/mpimplants.com\\\/de\\\/produkte\\\/zahnimplantate\\\/mpi-privilege-system\\\/\"]}]},{\"@type\":\"ImageObject\",\"inLanguage\":\"de\",\"@id\":\"https:\\\/\\\/mpimplants.com\\\/de\\\/produkte\\\/zahnimplantate\\\/mpi-privilege-system\\\/#primaryimage\",\"url\":\"https:\\\/\\\/mpimplants.com\\\/wp-content\\\/uploads\\\/2022\\\/11\\\/mpi-privilege350x450.png\",\"contentUrl\":\"https:\\\/\\\/mpimplants.com\\\/wp-content\\\/uploads\\\/2022\\\/11\\\/mpi-privilege350x450.png\"},{\"@type\":\"BreadcrumbList\",\"@id\":\"https:\\\/\\\/mpimplants.com\\\/de\\\/produkte\\\/zahnimplantate\\\/mpi-privilege-system\\\/#breadcrumb\",\"itemListElement\":[{\"@type\":\"ListItem\",\"position\":1,\"name\":\"Portada\",\"item\":\"https:\\\/\\\/mpimplants.com\\\/de\\\/\"},{\"@type\":\"ListItem\",\"position\":2,\"name\":\"Produkte\",\"item\":\"https:\\\/\\\/mpimplants.com\\\/de\\\/produkte\\\/\"},{\"@type\":\"ListItem\",\"position\":3,\"name\":\"Zahnimplantate\",\"item\":\"https:\\\/\\\/mpimplants.com\\\/de\\\/produkte\\\/zahnimplantate\\\/\"},{\"@type\":\"ListItem\",\"position\":4,\"name\":\"MPI Privilege system\"}]},{\"@type\":\"WebSite\",\"@id\":\"https:\\\/\\\/mpimplants.com\\\/en\\\/#website\",\"url\":\"https:\\\/\\\/mpimplants.com\\\/en\\\/\",\"name\":\"Mpi Implants\",\"description\":\"Soluciones Dentales De Futuro\",\"publisher\":{\"@id\":\"https:\\\/\\\/mpimplants.com\\\/en\\\/#organization\"},\"potentialAction\":[{\"@type\":\"SearchAction\",\"target\":{\"@type\":\"EntryPoint\",\"urlTemplate\":\"https:\\\/\\\/mpimplants.com\\\/en\\\/?s={search_term_string}\"},\"query-input\":{\"@type\":\"PropertyValueSpecification\",\"valueRequired\":true,\"valueName\":\"search_term_string\"}}],\"inLanguage\":\"de\"},{\"@type\":\"Organization\",\"@id\":\"https:\\\/\\\/mpimplants.com\\\/en\\\/#organization\",\"name\":\"Mpi Implants\",\"url\":\"https:\\\/\\\/mpimplants.com\\\/en\\\/\",\"logo\":{\"@type\":\"ImageObject\",\"inLanguage\":\"de\",\"@id\":\"https:\\\/\\\/mpimplants.com\\\/en\\\/#\\\/schema\\\/logo\\\/image\\\/\",\"url\":\"https:\\\/\\\/mpimplants.com\\\/wp-content\\\/uploads\\\/2022\\\/11\\\/Logo-Color.png\",\"contentUrl\":\"https:\\\/\\\/mpimplants.com\\\/wp-content\\\/uploads\\\/2022\\\/11\\\/Logo-Color.png\",\"width\":1230,\"height\":483,\"caption\":\"Mpi Implants\"},\"image\":{\"@id\":\"https:\\\/\\\/mpimplants.com\\\/en\\\/#\\\/schema\\\/logo\\\/image\\\/\"}}]}<\/script>\n<!-- \/ Yoast SEO plugin. -->","yoast_head_json":{"title":"MPI Privilege system | MPI - Medical Precision Implants","robots":{"index":"index","follow":"follow","max-snippet":"max-snippet:-1","max-image-preview":"max-image-preview:large","max-video-preview":"max-video-preview:-1"},"canonical":"https:\/\/mpimplants.com\/de\/produkte\/zahnimplantate\/mpi-privilege-system\/","og_locale":"de_DE","og_type":"article","og_title":"MPI Privilege system | MPI - Medical Precision Implants","og_description":"MPI Privilege\u00ae System MPI Privilege\u00ae System Thread-Design Der doppelte Gewindeeingang, ihr optimaler Abstand sowie die Mikrorille erm\u00f6glichen ein kontrolliertes und kontinuierliches Einsetzen des Implantats in jede Art von Knochenqualit\u00e4t. Apikales anatomisches Design Die konische Morphologie des apikalen Teils erm\u00f6glicht eine atraumatische Insertion der MPI Privilege\u00ae Implantate.Die vier Schneidseiten beg\u00fcnstigen das automatische Einsetzen und verdichten den [&hellip;]","og_url":"https:\/\/mpimplants.com\/de\/produkte\/zahnimplantate\/mpi-privilege-system\/","og_site_name":"MPI - Medical Precision Implants","article_modified_time":"2023-10-24T14:37:49+00:00","og_image":[{"url":"https:\/\/mpimplants.com\/wp-content\/uploads\/2022\/11\/mpi-privilege350x450.png","type":"","width":"","height":""}],"twitter_card":"summary_large_image","twitter_misc":{"Gesch\u00e4tzte Lesezeit":"2\u00a0Minuten"},"schema":{"@context":"https:\/\/schema.org","@graph":[{"@type":"WebPage","@id":"https:\/\/mpimplants.com\/de\/produkte\/zahnimplantate\/mpi-privilege-system\/","url":"https:\/\/mpimplants.com\/de\/produkte\/zahnimplantate\/mpi-privilege-system\/","name":"MPI Privilege system | MPI - Medical Precision Implants","isPartOf":{"@id":"https:\/\/mpimplants.com\/en\/#website"},"primaryImageOfPage":{"@id":"https:\/\/mpimplants.com\/de\/produkte\/zahnimplantate\/mpi-privilege-system\/#primaryimage"},"image":{"@id":"https:\/\/mpimplants.com\/de\/produkte\/zahnimplantate\/mpi-privilege-system\/#primaryimage"},"thumbnailUrl":"https:\/\/mpimplants.com\/wp-content\/uploads\/2022\/11\/mpi-privilege350x450.png","datePublished":"2022-11-10T10:57:49+00:00","dateModified":"2023-10-24T14:37:49+00:00","breadcrumb":{"@id":"https:\/\/mpimplants.com\/de\/produkte\/zahnimplantate\/mpi-privilege-system\/#breadcrumb"},"inLanguage":"de","potentialAction":[{"@type":"ReadAction","target":["https:\/\/mpimplants.com\/de\/produkte\/zahnimplantate\/mpi-privilege-system\/"]}]},{"@type":"ImageObject","inLanguage":"de","@id":"https:\/\/mpimplants.com\/de\/produkte\/zahnimplantate\/mpi-privilege-system\/#primaryimage","url":"https:\/\/mpimplants.com\/wp-content\/uploads\/2022\/11\/mpi-privilege350x450.png","contentUrl":"https:\/\/mpimplants.com\/wp-content\/uploads\/2022\/11\/mpi-privilege350x450.png"},{"@type":"BreadcrumbList","@id":"https:\/\/mpimplants.com\/de\/produkte\/zahnimplantate\/mpi-privilege-system\/#breadcrumb","itemListElement":[{"@type":"ListItem","position":1,"name":"Portada","item":"https:\/\/mpimplants.com\/de\/"},{"@type":"ListItem","position":2,"name":"Produkte","item":"https:\/\/mpimplants.com\/de\/produkte\/"},{"@type":"ListItem","position":3,"name":"Zahnimplantate","item":"https:\/\/mpimplants.com\/de\/produkte\/zahnimplantate\/"},{"@type":"ListItem","position":4,"name":"MPI Privilege system"}]},{"@type":"WebSite","@id":"https:\/\/mpimplants.com\/en\/#website","url":"https:\/\/mpimplants.com\/en\/","name":"Mpi Implants","description":"Soluciones Dentales De Futuro","publisher":{"@id":"https:\/\/mpimplants.com\/en\/#organization"},"potentialAction":[{"@type":"SearchAction","target":{"@type":"EntryPoint","urlTemplate":"https:\/\/mpimplants.com\/en\/?s={search_term_string}"},"query-input":{"@type":"PropertyValueSpecification","valueRequired":true,"valueName":"search_term_string"}}],"inLanguage":"de"},{"@type":"Organization","@id":"https:\/\/mpimplants.com\/en\/#organization","name":"Mpi Implants","url":"https:\/\/mpimplants.com\/en\/","logo":{"@type":"ImageObject","inLanguage":"de","@id":"https:\/\/mpimplants.com\/en\/#\/schema\/logo\/image\/","url":"https:\/\/mpimplants.com\/wp-content\/uploads\/2022\/11\/Logo-Color.png","contentUrl":"https:\/\/mpimplants.com\/wp-content\/uploads\/2022\/11\/Logo-Color.png","width":1230,"height":483,"caption":"Mpi Implants"},"image":{"@id":"https:\/\/mpimplants.com\/en\/#\/schema\/logo\/image\/"}}]}},"_links":{"self":[{"href":"https:\/\/mpimplants.com\/de\/wp-json\/wp\/v2\/pages\/3543","targetHints":{"allow":["GET"]}}],"collection":[{"href":"https:\/\/mpimplants.com\/de\/wp-json\/wp\/v2\/pages"}],"about":[{"href":"https:\/\/mpimplants.com\/de\/wp-json\/wp\/v2\/types\/page"}],"author":[{"embeddable":true,"href":"https:\/\/mpimplants.com\/de\/wp-json\/wp\/v2\/users\/1"}],"replies":[{"embeddable":true,"href":"https:\/\/mpimplants.com\/de\/wp-json\/wp\/v2\/comments?post=3543"}],"version-history":[{"count":4,"href":"https:\/\/mpimplants.com\/de\/wp-json\/wp\/v2\/pages\/3543\/revisions"}],"predecessor-version":[{"id":4038,"href":"https:\/\/mpimplants.com\/de\/wp-json\/wp\/v2\/pages\/3543\/revisions\/4038"}],"up":[{"embeddable":true,"href":"https:\/\/mpimplants.com\/de\/wp-json\/wp\/v2\/pages\/3072"}],"wp:attachment":[{"href":"https:\/\/mpimplants.com\/de\/wp-json\/wp\/v2\/media?parent=3543"}],"curies":[{"name":"wp","href":"https:\/\/api.w.org\/{rel}","templated":true}]}}