{"id":3205,"date":"2023-05-31T14:23:13","date_gmt":"2023-05-31T14:23:13","guid":{"rendered":"https:\/\/mpimplants.com\/soziale-verantwortung-der-unternehmen\/"},"modified":"2024-09-30T12:23:03","modified_gmt":"2024-09-30T12:23:03","slug":"soziale-verantwortung-der-unternehmen","status":"publish","type":"page","link":"https:\/\/mpimplants.com\/de\/soziale-verantwortung-der-unternehmen\/","title":{"rendered":"Soziale Verantwortung der Unternehmen"},"content":{"rendered":"\t\t<div data-elementor-type=\"wp-page\" data-elementor-id=\"3205\" class=\"elementor elementor-3205 elementor-2159\" data-elementor-post-type=\"page\">\n\t\t\t\t\t\t<section class=\"elementor-section elementor-top-section elementor-element elementor-element-b9eb6b2 elementor-section-boxed elementor-section-height-default elementor-section-height-default\" data-id=\"b9eb6b2\" data-element_type=\"section\" data-e-type=\"section\">\n\t\t\t\t\t\t<div class=\"elementor-container elementor-column-gap-default\">\n\t\t\t\t\t<div class=\"elementor-column elementor-col-100 elementor-top-column elementor-element elementor-element-25955dd\" data-id=\"25955dd\" data-element_type=\"column\" data-e-type=\"column\">\n\t\t\t<div class=\"elementor-widget-wrap elementor-element-populated\">\n\t\t\t\t\t\t<div class=\"elementor-element elementor-element-799403c elementor-widget elementor-widget-heading\" data-id=\"799403c\" data-element_type=\"widget\" data-e-type=\"widget\" data-widget_type=\"heading.default\">\n\t\t\t\t<div class=\"elementor-widget-container\">\n\t\t\t\t\t<h2 class=\"elementor-heading-title elementor-size-default\">SOZIALE VERANTWORTUNG DER UNTERNEHMEN<br><br><\/h2>\t\t\t\t<\/div>\n\t\t\t\t<\/div>\n\t\t\t\t<div class=\"elementor-element elementor-element-61419a7 elementor-widget elementor-widget-text-editor\" data-id=\"61419a7\" data-element_type=\"widget\" data-e-type=\"widget\" data-widget_type=\"text-editor.default\">\n\t\t\t\t<div class=\"elementor-widget-container\">\n\t\t\t\t\t\t\t\t\t<h3><strong>ETHIK UND COMPLIANCE<\/strong><\/h3><p>Ethik ist ein grundlegender Wert in der Entwicklung unserer Arbeit; sie ist ein Faktor, der Vertrauen schafft und ein echtes G\u00fctesiegel darstellt, das unsere Kunden und der Markt au\u00dferordentlich hoch sch\u00e4tzen.<\/p><p>Bei MEDICAL PRECISION IMPLANTS erwarten wir von allen unseren Fachleuten, dass sie sich nach den h\u00f6chsten ethischen Standards verhalten, geleitet von ihrem Wunsch, das Richtige zu tun.<\/p><p>Um dieses Ziel zu erreichen, hat die Gesch\u00e4ftsleitung von MEDICAL PRECISION IMPLANTS einen Ethikkodex verabschiedet, der allen Fachleuten einen Leitfaden f\u00fcr das Verhalten in schwierigen ethischen Situationen an die Hand gibt und einen Ethikkanal f\u00fcr die Kommunikation und Meldung m\u00f6glicher Unregelm\u00e4\u00dfigkeiten innerhalb des Unternehmens vorsieht.<\/p><h3><strong>ETHIK-KODES<\/strong><\/h3><p>Ziel unseres Ethikkodex ist es, die Werte und ethischen Grunds\u00e4tze festzulegen, die das Handeln des Unternehmens bestimmen, sowie die allgemeinen Verhaltensrichtlinien, die von allen Gesch\u00e4ftsf\u00fchrern, Managern, Mitarbeitern und anderen Personen, deren T\u00e4tigkeit ausdr\u00fccklich dem Ethikkodex unterliegt, bei der Erf\u00fcllung ihrer Aufgaben zu befolgen sind.<\/p><p>Ein Versto\u00df gegen den Ethik-Kodex gilt als schweres Vergehen, das Konsequenzen f\u00fcr den T\u00e4ter oder f\u00fcr diejenigen hat, die den Versto\u00df nicht melden, obwohl sie davon wissen.<\/p><h3><strong>ETHISCHER KANAL<\/strong><\/h3><p>Der Ethik-Kanal ist ein Instrument, das die vertrauliche Meldung potenziell regelwidriger Aktivit\u00e4ten erm\u00f6glicht, die einen Versto\u00df gegen den Ethik-Kodex oder die Begehung einer Straftat im Unternehmen darstellen k\u00f6nnten.<\/p><p>Bei MEDICAL PRECISION IMPLANTS betrachten wir den Ethik-Kanal als eine M\u00f6glichkeit zur Verbesserung unserer Organisation, die es uns erm\u00f6glicht, Verhaltensweisen aufzudecken, die unseren ethischen Grunds\u00e4tzen zuwiderlaufen, und eventuelle Zweifel an unklaren oder zweideutigen Situationen auszur\u00e4umen, die unsere Grunds\u00e4tze und Werte beeintr\u00e4chtigen k\u00f6nnten.<\/p>\t\t\t\t\t\t\t\t<\/div>\n\t\t\t\t<\/div>\n\t\t\t\t<div class=\"elementor-element elementor-element-8123b0f elementor-align-center elementor-widget elementor-widget-button\" data-id=\"8123b0f\" data-element_type=\"widget\" data-e-type=\"widget\" data-widget_type=\"button.default\">\n\t\t\t\t<div class=\"elementor-widget-container\">\n\t\t\t\t\t\t\t\t\t<div class=\"elementor-button-wrapper\">\n\t\t\t\t\t<a class=\"elementor-button elementor-button-link elementor-size-sm elementor-animation-float\" href=\"https:\/\/centinela.lefebvre.es\/public\/concept\/2122975?access=fl8PA4dWmw1yPMFweAAJyLg35sPwLYten9aeSRvxGGw%3D%20\" target=\"_blank\">\n\t\t\t\t\t\t<span class=\"elementor-button-content-wrapper\">\n\t\t\t\t\t\t<span class=\"elementor-button-icon\">\n\t\t\t\t<i aria-hidden=\"true\" class=\"fas fa-long-arrow-alt-right\"><\/i>\t\t\t<\/span>\n\t\t\t\t\t\t\t\t\t<span class=\"elementor-button-text\">ETHISCHER KANAL<\/span>\n\t\t\t\t\t<\/span>\n\t\t\t\t\t<\/a>\n\t\t\t\t<\/div>\n\t\t\t\t\t\t\t\t<\/div>\n\t\t\t\t<\/div>\n\t\t\t\t\t<\/div>\n\t\t<\/div>\n\t\t\t\t\t<\/div>\n\t\t<\/section>\n\t\t\t\t<\/div>\n\t\t","protected":false},"excerpt":{"rendered":"<p>SOZIALE VERANTWORTUNG DER UNTERNEHMEN ETHIK UND COMPLIANCE Ethik ist ein grundlegender Wert in der Entwicklung unserer Arbeit; sie ist ein Faktor, der Vertrauen schafft und ein echtes G\u00fctesiegel darstellt, das unsere Kunden und der Markt au\u00dferordentlich hoch sch\u00e4tzen. Bei MEDICAL PRECISION IMPLANTS erwarten wir von allen unseren Fachleuten, dass sie sich nach den h\u00f6chsten ethischen [&hellip;]<\/p>\n","protected":false},"author":1,"featured_media":0,"parent":0,"menu_order":0,"comment_status":"closed","ping_status":"closed","template":"elementor_header_footer","meta":{"footnotes":""},"class_list":["post-3205","page","type-page","status-publish","hentry"],"yoast_head":"<!-- This site is optimized with the Yoast SEO plugin v27.3 - https:\/\/yoast.com\/product\/yoast-seo-wordpress\/ -->\n<title>Soziale Verantwortung der Unternehmen | MPI - Medical Precision Implants<\/title>\n<meta name=\"robots\" content=\"index, follow, max-snippet:-1, max-image-preview:large, max-video-preview:-1\" \/>\n<link rel=\"canonical\" href=\"https:\/\/mpimplants.com\/de\/soziale-verantwortung-der-unternehmen\/\" \/>\n<meta property=\"og:locale\" content=\"de_DE\" \/>\n<meta property=\"og:type\" content=\"article\" \/>\n<meta property=\"og:title\" content=\"Soziale Verantwortung der Unternehmen | MPI - Medical Precision Implants\" \/>\n<meta property=\"og:description\" content=\"SOZIALE VERANTWORTUNG DER UNTERNEHMEN ETHIK UND COMPLIANCE Ethik ist ein grundlegender Wert in der Entwicklung unserer Arbeit; sie ist ein Faktor, der Vertrauen schafft und ein echtes G\u00fctesiegel darstellt, das unsere Kunden und der Markt au\u00dferordentlich hoch sch\u00e4tzen. Bei MEDICAL PRECISION IMPLANTS erwarten wir von allen unseren Fachleuten, dass sie sich nach den h\u00f6chsten ethischen [&hellip;]\" \/>\n<meta property=\"og:url\" content=\"https:\/\/mpimplants.com\/de\/soziale-verantwortung-der-unternehmen\/\" \/>\n<meta property=\"og:site_name\" content=\"MPI - Medical Precision Implants\" \/>\n<meta property=\"article:modified_time\" content=\"2024-09-30T12:23:03+00:00\" \/>\n<meta name=\"twitter:card\" content=\"summary_large_image\" \/>\n<meta name=\"twitter:label1\" content=\"Gesch\u00e4tzte Lesezeit\" \/>\n\t<meta name=\"twitter:data1\" content=\"2\u00a0Minuten\" \/>\n<script type=\"application\/ld+json\" class=\"yoast-schema-graph\">{\"@context\":\"https:\\\/\\\/schema.org\",\"@graph\":[{\"@type\":\"WebPage\",\"@id\":\"https:\\\/\\\/mpimplants.com\\\/de\\\/soziale-verantwortung-der-unternehmen\\\/\",\"url\":\"https:\\\/\\\/mpimplants.com\\\/de\\\/soziale-verantwortung-der-unternehmen\\\/\",\"name\":\"Soziale Verantwortung der Unternehmen | MPI - Medical Precision Implants\",\"isPartOf\":{\"@id\":\"https:\\\/\\\/www.mpimplants.com\\\/#website\"},\"datePublished\":\"2023-05-31T14:23:13+00:00\",\"dateModified\":\"2024-09-30T12:23:03+00:00\",\"breadcrumb\":{\"@id\":\"https:\\\/\\\/mpimplants.com\\\/de\\\/soziale-verantwortung-der-unternehmen\\\/#breadcrumb\"},\"inLanguage\":\"de\",\"potentialAction\":[{\"@type\":\"ReadAction\",\"target\":[\"https:\\\/\\\/mpimplants.com\\\/de\\\/soziale-verantwortung-der-unternehmen\\\/\"]}]},{\"@type\":\"BreadcrumbList\",\"@id\":\"https:\\\/\\\/mpimplants.com\\\/de\\\/soziale-verantwortung-der-unternehmen\\\/#breadcrumb\",\"itemListElement\":[{\"@type\":\"ListItem\",\"position\":1,\"name\":\"Portada\",\"item\":\"https:\\\/\\\/mpimplants.com\\\/de\\\/\"},{\"@type\":\"ListItem\",\"position\":2,\"name\":\"Soziale Verantwortung der Unternehmen\"}]},{\"@type\":\"WebSite\",\"@id\":\"https:\\\/\\\/www.mpimplants.com\\\/#website\",\"url\":\"https:\\\/\\\/www.mpimplants.com\\\/\",\"name\":\"Mpi Implants\",\"description\":\"Soluciones Dentales De Futuro\",\"publisher\":{\"@id\":\"https:\\\/\\\/www.mpimplants.com\\\/#organization\"},\"potentialAction\":[{\"@type\":\"SearchAction\",\"target\":{\"@type\":\"EntryPoint\",\"urlTemplate\":\"https:\\\/\\\/www.mpimplants.com\\\/?s={search_term_string}\"},\"query-input\":{\"@type\":\"PropertyValueSpecification\",\"valueRequired\":true,\"valueName\":\"search_term_string\"}}],\"inLanguage\":\"de\"},{\"@type\":\"Organization\",\"@id\":\"https:\\\/\\\/www.mpimplants.com\\\/#organization\",\"name\":\"Mpi Implants\",\"url\":\"https:\\\/\\\/www.mpimplants.com\\\/\",\"logo\":{\"@type\":\"ImageObject\",\"inLanguage\":\"de\",\"@id\":\"https:\\\/\\\/www.mpimplants.com\\\/#\\\/schema\\\/logo\\\/image\\\/\",\"url\":\"https:\\\/\\\/mpimplants.com\\\/wp-content\\\/uploads\\\/2022\\\/11\\\/Logo-Color.png\",\"contentUrl\":\"https:\\\/\\\/mpimplants.com\\\/wp-content\\\/uploads\\\/2022\\\/11\\\/Logo-Color.png\",\"width\":1230,\"height\":483,\"caption\":\"Mpi Implants\"},\"image\":{\"@id\":\"https:\\\/\\\/www.mpimplants.com\\\/#\\\/schema\\\/logo\\\/image\\\/\"}}]}<\/script>\n<!-- \/ Yoast SEO plugin. -->","yoast_head_json":{"title":"Soziale Verantwortung der Unternehmen | MPI - Medical Precision Implants","robots":{"index":"index","follow":"follow","max-snippet":"max-snippet:-1","max-image-preview":"max-image-preview:large","max-video-preview":"max-video-preview:-1"},"canonical":"https:\/\/mpimplants.com\/de\/soziale-verantwortung-der-unternehmen\/","og_locale":"de_DE","og_type":"article","og_title":"Soziale Verantwortung der Unternehmen | MPI - Medical Precision Implants","og_description":"SOZIALE VERANTWORTUNG DER UNTERNEHMEN ETHIK UND COMPLIANCE Ethik ist ein grundlegender Wert in der Entwicklung unserer Arbeit; sie ist ein Faktor, der Vertrauen schafft und ein echtes G\u00fctesiegel darstellt, das unsere Kunden und der Markt au\u00dferordentlich hoch sch\u00e4tzen. Bei MEDICAL PRECISION IMPLANTS erwarten wir von allen unseren Fachleuten, dass sie sich nach den h\u00f6chsten ethischen [&hellip;]","og_url":"https:\/\/mpimplants.com\/de\/soziale-verantwortung-der-unternehmen\/","og_site_name":"MPI - Medical Precision Implants","article_modified_time":"2024-09-30T12:23:03+00:00","twitter_card":"summary_large_image","twitter_misc":{"Gesch\u00e4tzte Lesezeit":"2\u00a0Minuten"},"schema":{"@context":"https:\/\/schema.org","@graph":[{"@type":"WebPage","@id":"https:\/\/mpimplants.com\/de\/soziale-verantwortung-der-unternehmen\/","url":"https:\/\/mpimplants.com\/de\/soziale-verantwortung-der-unternehmen\/","name":"Soziale Verantwortung der Unternehmen | MPI - Medical Precision Implants","isPartOf":{"@id":"https:\/\/www.mpimplants.com\/#website"},"datePublished":"2023-05-31T14:23:13+00:00","dateModified":"2024-09-30T12:23:03+00:00","breadcrumb":{"@id":"https:\/\/mpimplants.com\/de\/soziale-verantwortung-der-unternehmen\/#breadcrumb"},"inLanguage":"de","potentialAction":[{"@type":"ReadAction","target":["https:\/\/mpimplants.com\/de\/soziale-verantwortung-der-unternehmen\/"]}]},{"@type":"BreadcrumbList","@id":"https:\/\/mpimplants.com\/de\/soziale-verantwortung-der-unternehmen\/#breadcrumb","itemListElement":[{"@type":"ListItem","position":1,"name":"Portada","item":"https:\/\/mpimplants.com\/de\/"},{"@type":"ListItem","position":2,"name":"Soziale Verantwortung der Unternehmen"}]},{"@type":"WebSite","@id":"https:\/\/www.mpimplants.com\/#website","url":"https:\/\/www.mpimplants.com\/","name":"Mpi Implants","description":"Soluciones Dentales De Futuro","publisher":{"@id":"https:\/\/www.mpimplants.com\/#organization"},"potentialAction":[{"@type":"SearchAction","target":{"@type":"EntryPoint","urlTemplate":"https:\/\/www.mpimplants.com\/?s={search_term_string}"},"query-input":{"@type":"PropertyValueSpecification","valueRequired":true,"valueName":"search_term_string"}}],"inLanguage":"de"},{"@type":"Organization","@id":"https:\/\/www.mpimplants.com\/#organization","name":"Mpi Implants","url":"https:\/\/www.mpimplants.com\/","logo":{"@type":"ImageObject","inLanguage":"de","@id":"https:\/\/www.mpimplants.com\/#\/schema\/logo\/image\/","url":"https:\/\/mpimplants.com\/wp-content\/uploads\/2022\/11\/Logo-Color.png","contentUrl":"https:\/\/mpimplants.com\/wp-content\/uploads\/2022\/11\/Logo-Color.png","width":1230,"height":483,"caption":"Mpi Implants"},"image":{"@id":"https:\/\/www.mpimplants.com\/#\/schema\/logo\/image\/"}}]}},"_links":{"self":[{"href":"https:\/\/mpimplants.com\/de\/wp-json\/wp\/v2\/pages\/3205","targetHints":{"allow":["GET"]}}],"collection":[{"href":"https:\/\/mpimplants.com\/de\/wp-json\/wp\/v2\/pages"}],"about":[{"href":"https:\/\/mpimplants.com\/de\/wp-json\/wp\/v2\/types\/page"}],"author":[{"embeddable":true,"href":"https:\/\/mpimplants.com\/de\/wp-json\/wp\/v2\/users\/1"}],"replies":[{"embeddable":true,"href":"https:\/\/mpimplants.com\/de\/wp-json\/wp\/v2\/comments?post=3205"}],"version-history":[{"count":12,"href":"https:\/\/mpimplants.com\/de\/wp-json\/wp\/v2\/pages\/3205\/revisions"}],"predecessor-version":[{"id":5838,"href":"https:\/\/mpimplants.com\/de\/wp-json\/wp\/v2\/pages\/3205\/revisions\/5838"}],"wp:attachment":[{"href":"https:\/\/mpimplants.com\/de\/wp-json\/wp\/v2\/media?parent=3205"}],"curies":[{"name":"wp","href":"https:\/\/api.w.org\/{rel}","templated":true}]}}